{"id":9398,"date":"2018-11-13T15:16:42","date_gmt":"2018-11-13T19:16:42","guid":{"rendered":"http:\/\/transparencia.tceam.tc.br\/?page_id=9398"},"modified":"2019-04-15T18:16:41","modified_gmt":"2019-04-15T22:16:41","slug":"resolucoes-2","status":"publish","type":"page","link":"https:\/\/transparencia.tceam.tc.br\/?page_id=9398","title":{"rendered":"RESOLU\u00c7\u00d5ES"},"content":{"rendered":"<p>Resolu\u00e7\u00f5es do Tribunal de Contas do Amazonas est\u00e3o dispon\u00edveis no <a href=\"http:\/\/www.tce.am.gov.br\/portal\/?page_id=20964\">link<\/a>.<\/p>\n<p>&nbsp;<\/p>\n","protected":false},"excerpt":{"rendered":"<p>Resolu\u00e7\u00f5es do Tribunal de Contas do Amazonas est\u00e3o dispon\u00edveis no link. &nbsp;<\/p>\n","protected":false},"author":2,"featured_media":0,"parent":0,"menu_order":0,"comment_status":"closed","ping_status":"closed","template":"","meta":{"footnotes":""},"class_list":["post-9398","page","type-page","status-publish","hentry"],"_links":{"self":[{"href":"https:\/\/transparencia.tceam.tc.br\/index.php?rest_route=\/wp\/v2\/pages\/9398","targetHints":{"allow":["GET"]}}],"collection":[{"href":"https:\/\/transparencia.tceam.tc.br\/index.php?rest_route=\/wp\/v2\/pages"}],"about":[{"href":"https:\/\/transparencia.tceam.tc.br\/index.php?rest_route=\/wp\/v2\/types\/page"}],"author":[{"embeddable":true,"href":"https:\/\/transparencia.tceam.tc.br\/index.php?rest_route=\/wp\/v2\/users\/2"}],"replies":[{"embeddable":true,"href":"https:\/\/transparencia.tceam.tc.br\/index.php?rest_route=%2Fwp%2Fv2%2Fcomments&post=9398"}],"version-history":[{"count":3,"href":"https:\/\/transparencia.tceam.tc.br\/index.php?rest_route=\/wp\/v2\/pages\/9398\/revisions"}],"predecessor-version":[{"id":9787,"href":"https:\/\/transparencia.tceam.tc.br\/index.php?rest_route=\/wp\/v2\/pages\/9398\/revisions\/9787"}],"wp:attachment":[{"href":"https:\/\/transparencia.tceam.tc.br\/index.php?rest_route=%2Fwp%2Fv2%2Fmedia&parent=9398"}],"curies":[{"name":"wp","href":"https:\/\/api.w.org\/{rel}","templated":true}]}}