{"id":3595,"date":"2017-03-14T14:19:40","date_gmt":"2017-03-14T18:19:40","guid":{"rendered":"http:\/\/transparencia.tceam.tc.br\/?page_id=3595"},"modified":"2017-05-23T08:41:16","modified_gmt":"2017-05-23T12:41:16","slug":"concurso-no-012012","status":"publish","type":"page","link":"https:\/\/transparencia.tceam.tc.br\/?page_id=3595","title":{"rendered":"Concurso n\u00ba 01\/2012"},"content":{"rendered":"<p style=\"text-align: justify;\">O TRIBUNAL DE CONTAS DO ESTADO DO AMAZONAS torna p\u00fablico que far\u00e1 realizar CONCURSO P\u00daBLICO DE PROVAS E T\u00cdTULOS para provimento de cargos pertencentes ao Quadro de Pessoal do Tribunal, a ser regido pelas disposi\u00e7\u00f5es previstas nas Instru\u00e7\u00f5es Especiais deste Edital e em conformidade com o disposto no art. 73 da Constitui\u00e7\u00e3o Federal, no art. 44 da Constitui\u00e7\u00e3o do Estado do Amazonas, nos artigos 107 a 110 da Lei Estadual n\u00b0 2324, de 10 de dezembro de 1996 (Lei Org\u00e2nica do Tribunal de Contas do Estado do Amazonas) e Regimento Interno do TCE.<\/p>\n<table style=\"height: 715px; width: 1371px;\">\n<tbody>\n<tr style=\"background-color: #f07f7f; height: 18px;\">\n<td style=\"width: 528px; text-align: justify; vertical-align: middle; height: 18px;\"><span style=\"color: #ffffff;\">ARQUIVO<\/span><\/td>\n<td style=\"width: 831px; text-align: justify; vertical-align: middle; height: 18px;\"><span style=\"color: #ffffff;\">DETALHES<\/span><\/td>\n<\/tr>\n<tr style=\"height: 160px;\">\n<td style=\"width: 528px; text-align: justify; vertical-align: middle; height: 160px;\"><span style=\"color: #ff0000;\">A T O N\u00ba 169\/2012-GPSERH<\/span><br \/>\n<span style=\"color: #ff0000;\"> <a style=\"color: #ff0000;\" href=\"http:\/\/transparencia.tceam.tc.br\/wp-content\/uploads\/2017\/03\/ato_169-2012.pdf\">(Clique aqui para visualizar)<\/a><\/span><\/td>\n<td style=\"width: 831px; text-align: justify; vertical-align: middle; height: 160px;\">I &#8211; NOMEAR nos termos do art. 7\u00ba, inciso I, c\/c art. 8\u00ba, da Lei n. 1.762, de 14 de novembro de 1986, os candidatos aprovados no Concurso P\u00fablico de Provas e T\u00edtulos, para provimento dos cargos de Analista T\u00e9cnico de Controle Externo &#8211; Tecnologia da Informa\u00e7\u00e3o, de acordo com a ordem de classifica\u00e7\u00e3o.<\/td>\n<\/tr>\n<tr style=\"height: 208px;\">\n<td style=\"width: 528px; text-align: justify; vertical-align: middle; height: 208px;\"><span style=\"color: #ff0000;\">EDITAL DE DIVULGA\u00c7\u00c3O DO RESULTADO FINAL E HOMOLOGA\u00c7\u00c3O<\/span><br \/>\n<span style=\"color: #ff0000;\"> <a style=\"color: #ff0000;\" href=\"http:\/\/transparencia.tceam.tc.br\/wp-content\/uploads\/2017\/03\/resultado_final_de_concurso.pdf\">(Clique aqui para visualizar)<\/a><\/span><\/td>\n<td style=\"width: 831px; text-align: justify; vertical-align: middle; height: 208px;\">O PRESIDENTE DO TRIBUNAL DE CONTAS DO ESTADO DO AMAZONAS E O PRESIDENTE DA COMISS\u00c3O DO CONCURSO P\u00daBLICO designado pela Portaria n. 010\/2012-GPDRH, no uso de suas atribui\u00e7\u00f5es legais e tendo em vista o Concurso P\u00fablico destinado ao provimento de cargos vagos de Analista T\u00e9cnico de Controle Externo do Tribunal de Contas do Estado do Amazonas, regido pelo Edital de Abertura de Inscri\u00e7\u00f5es n\u00ba 01\/2012 publicado em 25\/04\/2012, RESOLVEM: Tornar p\u00fablico e Homologar o Resultado Final deste Concurso.<\/td>\n<\/tr>\n<tr style=\"height: 208px;\">\n<td style=\"width: 528px; text-align: justify; vertical-align: middle; height: 208px;\"><span style=\"color: #ff0000;\">EDITAL DE ABERTURA DE INSCRI\u00c7\u00d5ES N\u00ba 01\/2012<\/span><br \/>\n<span style=\"color: #ff0000;\"> <a style=\"color: #ff0000;\" href=\"http:\/\/transparencia.tceam.tc.br\/wp-content\/uploads\/2017\/03\/edital_concuso_tceam_2012.pdf\">(Clique aqui para visualizar)<\/a><\/span><\/td>\n<td style=\"width: 831px; text-align: justify; vertical-align: middle; height: 208px;\">O PRESIDENTE DO TRIBUNAL DE CONTAS DO ESTADO DO AMAZONAS, tendo em vista o contrato celebrado com a FUNDA\u00c7\u00c3O CARLOS CHAGAS, faz saber que ser\u00e1 realizado em locais, datas e hor\u00e1rios a serem oportunamente divulgados, Concurso P\u00fablico destinado ao provimento de Cargos vagos de Analista T\u00e9cnico de Controle Externo deste Tribunal, o qual reger-se-\u00e1 de acordo com as Instru\u00e7\u00f5es Especiais que ficam fazendo parte integrante deste Edital.<\/td>\n<\/tr>\n<\/tbody>\n<\/table>\n","protected":false},"excerpt":{"rendered":"<p>O TRIBUNAL DE CONTAS DO ESTADO DO AMAZONAS torna p\u00fablico que far\u00e1 realizar CONCURSO P\u00daBLICO DE PROVAS E T\u00cdTULOS para provimento de cargos pertencentes ao Quadro de Pessoal do Tribunal, a ser regido pelas disposi\u00e7\u00f5es previstas nas Instru\u00e7\u00f5es Especiais deste Edital e em conformidade com o disposto no art. 73 da Constitui\u00e7\u00e3o Federal, no art. [&hellip;]<\/p>\n","protected":false},"author":2,"featured_media":0,"parent":0,"menu_order":0,"comment_status":"closed","ping_status":"closed","template":"","meta":{"footnotes":""},"class_list":["post-3595","page","type-page","status-publish","hentry"],"_links":{"self":[{"href":"https:\/\/transparencia.tceam.tc.br\/index.php?rest_route=\/wp\/v2\/pages\/3595","targetHints":{"allow":["GET"]}}],"collection":[{"href":"https:\/\/transparencia.tceam.tc.br\/index.php?rest_route=\/wp\/v2\/pages"}],"about":[{"href":"https:\/\/transparencia.tceam.tc.br\/index.php?rest_route=\/wp\/v2\/types\/page"}],"author":[{"embeddable":true,"href":"https:\/\/transparencia.tceam.tc.br\/index.php?rest_route=\/wp\/v2\/users\/2"}],"replies":[{"embeddable":true,"href":"https:\/\/transparencia.tceam.tc.br\/index.php?rest_route=%2Fwp%2Fv2%2Fcomments&post=3595"}],"version-history":[{"count":3,"href":"https:\/\/transparencia.tceam.tc.br\/index.php?rest_route=\/wp\/v2\/pages\/3595\/revisions"}],"predecessor-version":[{"id":5855,"href":"https:\/\/transparencia.tceam.tc.br\/index.php?rest_route=\/wp\/v2\/pages\/3595\/revisions\/5855"}],"wp:attachment":[{"href":"https:\/\/transparencia.tceam.tc.br\/index.php?rest_route=%2Fwp%2Fv2%2Fmedia&parent=3595"}],"curies":[{"name":"wp","href":"https:\/\/api.w.org\/{rel}","templated":true}]}}