{"id":3585,"date":"2017-03-14T13:54:03","date_gmt":"2017-03-14T17:54:03","guid":{"rendered":"http:\/\/transparencia.tceam.tc.br\/?page_id=3585"},"modified":"2017-05-23T08:30:48","modified_gmt":"2017-05-23T12:30:48","slug":"concurso-no-012013","status":"publish","type":"page","link":"https:\/\/transparencia.tceam.tc.br\/?page_id=3585","title":{"rendered":"Concurso n\u00ba 01\/2013"},"content":{"rendered":"<p style=\"text-align: justify;\"><span style=\"color: #000000;\">O TRIBUNAL DE CONTAS DO ESTADO DO AMAZONAS torna p\u00fablico que far\u00e1 realizar CONCURSO P\u00daBLICO DE PROVAS E T\u00cdTULOS para provimento de cargos pertencentes ao Quadro de Pessoal do Tribunal, a ser regido pelas disposi\u00e7\u00f5es previstas nas Instru\u00e7\u00f5es Especiais deste Edital e em conformidade com o disposto no art. 73 da Constitui\u00e7\u00e3o Federal, no art. 44 da Constitui\u00e7\u00e3o do Estado do Amazonas, nos artigos 107 a 110 da Lei Estadual n\u00b0 2324, de 10 de dezembro de 1996 (<a style=\"color: #000000;\" href=\"http:\/\/www.tce.am.gov.br\/portal\/?wpleg_dl=1\" data-cke-saved-href=\"http:\/\/www.tce.am.gov.br\/portal\/?wpleg_dl=1\">Lei Org\u00e2nica do Tribunal de Contas do Estado do Amazonas<\/a>) e <a style=\"color: #000000;\" href=\"http:\/\/www.tce.am.gov.br\/portal\/?wpleg_dl=11\" data-cke-saved-href=\"http:\/\/www.tce.am.gov.br\/portal\/?wpleg_dl=11\">Regimento Interno do TCE<\/a>.<\/span><\/p>\n<p>&nbsp;<\/p>\n<table style=\"height: 500px; width: 1384px;\">\n<thead>\n<tr style=\"background-color: #f07f7f; height: 24px;\">\n<td style=\"width: 492px; height: 24px;\"><span style=\"color: #ffffff;\">ARQUIVO<\/span><\/td>\n<td style=\"width: 886px; height: 24px;\"><span style=\"color: #ffffff;\">DETALHES<\/span><\/td>\n<\/tr>\n<\/thead>\n<tbody>\n<tr style=\"height: 58px;\">\n<td style=\"width: 492px; height: 58px; text-align: left; vertical-align: middle;\"><span style=\"color: #ff0000;\"><a style=\"color: #ff0000;\" href=\"http:\/\/transparencia.tceam.tc.br\/wp-content\/uploads\/2017\/03\/edital_retificacao.pdf\">RETIFICA\u00c7\u00c3O DO EDITAL DE ABERTURA DE INSCRI\u00c7\u00d5ES N\u00ba 01\/2013<\/a><\/span><\/td>\n<td style=\"width: 886px; height: 58px; text-align: justify; vertical-align: middle;\"><span style=\"color: #000000;\">O PRESIDENTE DO TRIBUNAL DE CONTAS DO ESTADO DO AMAZONAS E O PRESIDENTE DA COMISS\u00c3O DO CONCURSO P\u00daBLICO, designado pela Portaria n. 015\/2013-GPDRH, no uso de suas atribui\u00e7\u00f5es legais e tendo em vista o Concurso P\u00fablico destinado ao provimento de cargos vagos de Analista T\u00e9cnico de Controle Externo deste Tribunal, regido pelo Edital de Abertura de Inscri\u00e7\u00f5es n\u00ba 01\/2013 publicado em 26\/03\/2013, resolve retificar os itens indicados.<\/span><\/td>\n<\/tr>\n<tr style=\"height: 55px;\">\n<td style=\"width: 492px; height: 55px; text-align: left; vertical-align: middle;\"><span style=\"color: #ff0000;\"><a style=\"color: #ff0000;\" href=\"http:\/\/transparencia.tceam.tc.br\/wp-content\/uploads\/2017\/03\/minuta_edital_concurso_final_tceam_publicar_doe.pdf\">EDITAL DE ABERTURA DE INSCRI\u00c7\u00d5ES N\u00ba 01\/2013<\/a><\/span><\/td>\n<td style=\"width: 886px; height: 55px; text-align: justify; vertical-align: middle;\"><span style=\"color: #000000;\">N\u00ba 01\/2013 O PRESIDENTE DO TRIBUNAL DE CONTAS DO ESTADO DO AMAZONAS E O PRESIDENTE DA COMISS\u00c3O DO CONCURSO P\u00daBLICO designado pela Portaria n. 015\/2013-GPDRH, tendo em vista o contrato celebrado com a FUNDA\u00c7\u00c3O CARLOS CHAGAS, faz saber que ser\u00e1 realizado em locais, datas e hor\u00e1rios a serem oportunamente divulgados, Concurso P\u00fablico destinado ao provimento de Cargos vagos de Analista T\u00e9cnico de Controle Externo deste Tribunal, o qual reger-se-\u00e1 de acordo com as Instru\u00e7\u00f5es Especiais que ficam fazendo parte integrante deste Edital.<\/span><\/td>\n<\/tr>\n<\/tbody>\n<\/table>\n","protected":false},"excerpt":{"rendered":"<p>O TRIBUNAL DE CONTAS DO ESTADO DO AMAZONAS torna p\u00fablico que far\u00e1 realizar CONCURSO P\u00daBLICO DE PROVAS E T\u00cdTULOS para provimento de cargos pertencentes ao Quadro de Pessoal do Tribunal, a ser regido pelas disposi\u00e7\u00f5es previstas nas Instru\u00e7\u00f5es Especiais deste Edital e em conformidade com o disposto no art. 73 da Constitui\u00e7\u00e3o Federal, no art. [&hellip;]<\/p>\n","protected":false},"author":2,"featured_media":0,"parent":0,"menu_order":0,"comment_status":"closed","ping_status":"closed","template":"","meta":{"footnotes":""},"class_list":["post-3585","page","type-page","status-publish","hentry"],"_links":{"self":[{"href":"https:\/\/transparencia.tceam.tc.br\/index.php?rest_route=\/wp\/v2\/pages\/3585","targetHints":{"allow":["GET"]}}],"collection":[{"href":"https:\/\/transparencia.tceam.tc.br\/index.php?rest_route=\/wp\/v2\/pages"}],"about":[{"href":"https:\/\/transparencia.tceam.tc.br\/index.php?rest_route=\/wp\/v2\/types\/page"}],"author":[{"embeddable":true,"href":"https:\/\/transparencia.tceam.tc.br\/index.php?rest_route=\/wp\/v2\/users\/2"}],"replies":[{"embeddable":true,"href":"https:\/\/transparencia.tceam.tc.br\/index.php?rest_route=%2Fwp%2Fv2%2Fcomments&post=3585"}],"version-history":[{"count":13,"href":"https:\/\/transparencia.tceam.tc.br\/index.php?rest_route=\/wp\/v2\/pages\/3585\/revisions"}],"predecessor-version":[{"id":5851,"href":"https:\/\/transparencia.tceam.tc.br\/index.php?rest_route=\/wp\/v2\/pages\/3585\/revisions\/5851"}],"wp:attachment":[{"href":"https:\/\/transparencia.tceam.tc.br\/index.php?rest_route=%2Fwp%2Fv2%2Fmedia&parent=3585"}],"curies":[{"name":"wp","href":"https:\/\/api.w.org\/{rel}","templated":true}]}}