{"id":20835,"date":"2025-10-07T06:45:03","date_gmt":"2025-10-07T10:45:03","guid":{"rendered":"https:\/\/transparencia.tceam.tc.br\/?page_id=20835"},"modified":"2025-10-07T09:20:57","modified_gmt":"2025-10-07T13:20:57","slug":"informacoes-classificadas","status":"publish","type":"page","link":"https:\/\/transparencia.tceam.tc.br\/?page_id=20835","title":{"rendered":"Informa\u00e7\u00f5es Classificadas"},"content":{"rendered":"\t\t<div data-elementor-type=\"wp-page\" data-elementor-id=\"20835\" class=\"elementor elementor-20835\" data-elementor-settings=\"{&quot;ha_cmc_init_switcher&quot;:&quot;no&quot;,&quot;element_pack_global_tooltip_width&quot;:{&quot;unit&quot;:&quot;px&quot;,&quot;size&quot;:&quot;&quot;,&quot;sizes&quot;:[]},&quot;element_pack_global_tooltip_width_tablet&quot;:{&quot;unit&quot;:&quot;px&quot;,&quot;size&quot;:&quot;&quot;,&quot;sizes&quot;:[]},&quot;element_pack_global_tooltip_width_mobile&quot;:{&quot;unit&quot;:&quot;px&quot;,&quot;size&quot;:&quot;&quot;,&quot;sizes&quot;:[]},&quot;element_pack_global_tooltip_padding&quot;:{&quot;unit&quot;:&quot;px&quot;,&quot;top&quot;:&quot;&quot;,&quot;right&quot;:&quot;&quot;,&quot;bottom&quot;:&quot;&quot;,&quot;left&quot;:&quot;&quot;,&quot;isLinked&quot;:true},&quot;element_pack_global_tooltip_padding_tablet&quot;:{&quot;unit&quot;:&quot;px&quot;,&quot;top&quot;:&quot;&quot;,&quot;right&quot;:&quot;&quot;,&quot;bottom&quot;:&quot;&quot;,&quot;left&quot;:&quot;&quot;,&quot;isLinked&quot;:true},&quot;element_pack_global_tooltip_padding_mobile&quot;:{&quot;unit&quot;:&quot;px&quot;,&quot;top&quot;:&quot;&quot;,&quot;right&quot;:&quot;&quot;,&quot;bottom&quot;:&quot;&quot;,&quot;left&quot;:&quot;&quot;,&quot;isLinked&quot;:true},&quot;element_pack_global_tooltip_border_radius&quot;:{&quot;unit&quot;:&quot;px&quot;,&quot;top&quot;:&quot;&quot;,&quot;right&quot;:&quot;&quot;,&quot;bottom&quot;:&quot;&quot;,&quot;left&quot;:&quot;&quot;,&quot;isLinked&quot;:true},&quot;element_pack_global_tooltip_border_radius_tablet&quot;:{&quot;unit&quot;:&quot;px&quot;,&quot;top&quot;:&quot;&quot;,&quot;right&quot;:&quot;&quot;,&quot;bottom&quot;:&quot;&quot;,&quot;left&quot;:&quot;&quot;,&quot;isLinked&quot;:true},&quot;element_pack_global_tooltip_border_radius_mobile&quot;:{&quot;unit&quot;:&quot;px&quot;,&quot;top&quot;:&quot;&quot;,&quot;right&quot;:&quot;&quot;,&quot;bottom&quot;:&quot;&quot;,&quot;left&quot;:&quot;&quot;,&quot;isLinked&quot;:true}}\" data-elementor-post-type=\"page\">\n\t\t\t\t\t\t<section class=\"elementor-section elementor-top-section elementor-element elementor-element-1396a55 elementor-section-boxed elementor-section-height-default elementor-section-height-default\" data-id=\"1396a55\" data-element_type=\"section\" data-settings=\"{&quot;background_background&quot;:&quot;classic&quot;,&quot;_ha_eqh_enable&quot;:false}\">\n\t\t\t\t\t\t<div class=\"elementor-container elementor-column-gap-default\">\n\t\t\t\t\t<div class=\"elementor-column elementor-col-100 elementor-top-column elementor-element elementor-element-3c24967\" data-id=\"3c24967\" data-element_type=\"column\">\n\t\t\t<div class=\"elementor-widget-wrap elementor-element-populated\">\n\t\t\t\t\t\t<div class=\"elementor-element elementor-element-ced2783 elementor-widget elementor-widget-text-editor\" data-id=\"ced2783\" data-element_type=\"widget\" data-widget_type=\"text-editor.default\">\n\t\t\t\t<div class=\"elementor-widget-container\">\n\t\t\t\t\t\t\t\t\t<table style=\"width: 100%; border-collapse: collapse;\"><tbody><tr><td style=\"width: 12.2448%; text-align: center;\"><span style=\"font-size: 14pt; color: #000724;\"><strong>Ano<\/strong><\/span><\/td><td style=\"width: 45.5782%; text-align: center;\"><span style=\"font-size: 14pt; color: #000724;\"><strong>Classifica\u00e7\u00e3o<\/strong><\/span><\/td><\/tr><tr><td style=\"width: 12.2448%; text-align: center;\"><span style=\"color: #000724;\"><strong>2025<\/strong><\/span><\/td><td style=\"width: 45.5782%;\">No ano de 2025 nenhuma informa\u00e7\u00e3o foi classificada com um grau de sigilo.<\/td><\/tr><tr><td style=\"width: 12.2448%; text-align: center;\"><span style=\"color: #000724;\"><strong>2024<\/strong><\/span><\/td><td style=\"width: 45.5782%;\">No ano de 2024 nenhuma informa\u00e7\u00e3o foi classificada com um grau de sigilo.<\/td><\/tr><tr><td style=\"width: 12.2448%; text-align: center;\"><span style=\"color: #000724;\"><strong>2023<\/strong><\/span><\/td><td style=\"width: 45.5782%;\">No ano de 2023 nenhuma informa\u00e7\u00e3o foi classificada com um grau de sigilo.<\/td><\/tr><tr><td style=\"width: 12.2448%; text-align: center;\"><span style=\"color: #000724;\"><strong>2022<\/strong><\/span><\/td><td style=\"width: 45.5782%;\">No ano de 2022 nenhuma informa\u00e7\u00e3o foi classificada com um grau de sigilo.<\/td><\/tr><tr><td style=\"width: 12.2448%; text-align: center;\"><span style=\"color: #000724;\"><strong>2021<\/strong><\/span><\/td><td style=\"width: 45.5782%;\">No ano de 2021 nenhuma informa\u00e7\u00e3o foi classificada com um grau de sigilo.<\/td><\/tr><tr><td style=\"width: 12.2448%; text-align: center;\"><span style=\"color: #000724;\"><strong>2020<\/strong><\/span><\/td><td style=\"width: 45.5782%;\">No ano de 2020 nenhuma informa\u00e7\u00e3o foi classificada com um grau de sigilo.<\/td><\/tr><tr><td style=\"width: 12.2448%; text-align: center;\"><span style=\"color: #000724;\"><strong>2019<\/strong><\/span><\/td><td style=\"width: 45.5782%;\">No ano de 2019 nenhuma informa\u00e7\u00e3o foi classificada com um grau de sigilo.<\/td><\/tr><\/tbody><\/table>\t\t\t\t\t\t\t\t<\/div>\n\t\t\t\t<\/div>\n\t\t\t\t<div class=\"elementor-element elementor-element-dd3b0d0 elementor-widget elementor-widget-text-editor\" data-id=\"dd3b0d0\" data-element_type=\"widget\" data-widget_type=\"text-editor.default\">\n\t\t\t\t<div class=\"elementor-widget-container\">\n\t\t\t\t\t\t\t\t\t<p>Nesta sess\u00e3o, s\u00e3o divulgados o rol das informa\u00e7\u00f5es\u00a0classificadas\u00a0em cada grau de sigilo e o rol das informa\u00e7\u00f5es\u00a0desclassificadas, no \u00e2mbito do TCE-AM,\u00a0com base na Lei de Acesso \u00e0 Informa\u00e7\u00e3o (art. 30, incisos I e II).<\/p>\t\t\t\t\t\t\t\t<\/div>\n\t\t\t\t<\/div>\n\t\t\t\t<div class=\"elementor-element elementor-element-e35e992 elementor-widget elementor-widget-text-editor\" data-id=\"e35e992\" data-element_type=\"widget\" data-widget_type=\"text-editor.default\">\n\t\t\t\t<div class=\"elementor-widget-container\">\n\t\t\t\t\t\t\t\t\t<p><strong>Informa\u00e7\u00f5es Classificadas Existentes<\/strong><\/p>\t\t\t\t\t\t\t\t<\/div>\n\t\t\t\t<\/div>\n\t\t\t\t<div class=\"elementor-element elementor-element-f7d1606 elementor-widget elementor-widget-wpdatatables\" data-id=\"f7d1606\" data-element_type=\"widget\" data-widget_type=\"wpdatatables.default\">\n\t\t\t\t<div class=\"elementor-widget-container\">\n\t\t\t\t\t\n<div class=\"wpdt-c wdt-skin-light\">\n    \n    <input type=\"hidden\" id=\"wdtNonceFrontendServerSide_124\" name=\"wdtNonceFrontendServerSide_124\" value=\"b641842512\" \/><input type=\"hidden\" name=\"_wp_http_referer\" value=\"\/index.php?rest_route=%2Fwp%2Fv2%2Fpages%2F20835\" \/>    <input type=\"hidden\" id=\"table_1_desc\"\n           value='{\"tableId\":\"table_1\",\"tableType\":\"manual\",\"selector\":\"#table_1\",\"responsive\":false,\"responsiveAction\":\"icon\",\"editable\":false,\"inlineEditing\":false,\"infoBlock\":true,\"pagination_top\":0,\"pagination\":1,\"paginationAlign\":\"right\",\"paginationLayout\":\"full_numbers\",\"paginationLayoutMobile\":\"simple\",\"file_location\":\"\",\"tableSkin\":\"light\",\"table_wcag\":0,\"simple_template_id\":0,\"scrollable\":false,\"fixedLayout\":true,\"globalSearch\":true,\"showRowsPerPage\":true,\"popoverTools\":false,\"loader\":1,\"showCartInformation\":1,\"hideBeforeLoad\":false,\"number_format\":1,\"decimalPlaces\":3,\"spinnerSrc\":\"https:\\\/\\\/transparencia.tceam.tc.br\\\/wp-content\\\/plugins\\\/wpdatatables\\\/assets\\\/\\\/img\\\/spinner.gif\",\"groupingEnabled\":false,\"tableWpId\":124,\"dataTableParams\":{\"sDom\":\"BT\\u003C\\u0027clear\\u0027\\u003Elftip\",\"bSortCellsTop\":false,\"bFilter\":true,\"bPaginate\":true,\"sPaginationType\":\"full_numbers\",\"aLengthMenu\":[[1,5,10,25,50,100,-1],[1,5,10,25,50,100,\"All\"]],\"iDisplayLength\":-1,\"columnDefs\":[{\"sType\":\"formatted-num\",\"wdtType\":\"int\",\"bVisible\":false,\"orderable\":true,\"searchable\":true,\"InputType\":\"text\",\"name\":\"wdt_ID\",\"origHeader\":\"wdt_ID\",\"notNull\":false,\"conditionalFormattingRules\":[],\"transformValueRules\":\"\",\"className\":\"numdata integer  column-wdt_id\",\"aTargets\":[0]},{\"sType\":\"string\",\"wdtType\":\"string\",\"bVisible\":true,\"orderable\":true,\"searchable\":true,\"InputType\":\"text\",\"name\":\"assunto\",\"origHeader\":\"assunto\",\"notNull\":false,\"conditionalFormattingRules\":[],\"transformValueRules\":\"\",\"className\":\" column-assunto\",\"aTargets\":[1]},{\"sType\":\"string\",\"wdtType\":\"string\",\"bVisible\":true,\"orderable\":true,\"searchable\":true,\"InputType\":\"text\",\"name\":\"categoria\",\"origHeader\":\"categoria\",\"notNull\":false,\"conditionalFormattingRules\":[],\"transformValueRules\":\"\",\"className\":\" column-categoria\",\"aTargets\":[2]},{\"sType\":\"date-custom\",\"wdtType\":\"date\",\"bVisible\":true,\"orderable\":true,\"searchable\":true,\"InputType\":\"date\",\"name\":\"datadeclassificao\",\"origHeader\":\"datadeclassificao\",\"notNull\":false,\"conditionalFormattingRules\":[],\"transformValueRules\":\"\",\"className\":\" column-datadeclassificao\",\"aTargets\":[3]},{\"sType\":\"string\",\"wdtType\":\"string\",\"bVisible\":true,\"orderable\":true,\"searchable\":true,\"InputType\":\"text\",\"name\":\"prazodeclassificao\",\"origHeader\":\"prazodeclassificao\",\"notNull\":false,\"conditionalFormattingRules\":[],\"transformValueRules\":\"\",\"className\":\" column-prazodeclassificao\",\"aTargets\":[4]},{\"sType\":\"string\",\"wdtType\":\"string\",\"bVisible\":true,\"orderable\":true,\"searchable\":true,\"InputType\":\"text\",\"name\":\"fundamentaolegal\",\"origHeader\":\"fundamentaolegal\",\"notNull\":false,\"conditionalFormattingRules\":[],\"transformValueRules\":\"\",\"className\":\" column-fundamentaolegal\",\"aTargets\":[5]}],\"bAutoWidth\":false,\"order\":[[0,\"asc\"]],\"ordering\":true,\"fixedHeader\":{\"header\":false,\"headerOffset\":0},\"fixedColumns\":false,\"oLanguage\":{\"sProcessing\":\"Processando...\",\"sLengthMenu\":\"Mostrar _MENU_ registros\",\"sZeroRecords\":\"N\\u00e3o foram encontrados resultados\",\"sInfo\":\"Mostrando de _START_ at\\u00e9 _END_ de _TOTAL_ registros\",\"sInfoEmpty\":\"Mostrando de 0 at\\u00e9 0 de 0 registros\",\"sInfoFiltered\":\"(filtrado de _MAX_ registros no total)\",\"sInfoPostFix\":\"\",\"sSearch\":\"Buscar:\",\"sSearchPlaceholder\":\"\",\"sUrl\":\"\",\"oPaginate\":{\"sFirst\":\"Primeiro\",\"sPrevious\":\"Anterior\",\"sNext\":\"Seguinte\",\"sLast\":\"\\u00daltimo\"}},\"buttons\":[{\"extend\":\"print\",\"exportOptions\":{\"columns\":\":visible\",\"stripHtml\":true},\"className\":\"DTTT_button DTTT_button_print\",\"title\":\"Informa\\u00e7\\u00f5es Classificadas e Desclassificadas\",\"text\":\"Print\"},{\"extend\":\"excelHtml5\",\"exportOptions\":{\"columns\":\":visible\",\"stripHtml\":true},\"className\":\"DTTT_button DTTT_button_xls\",\"filename\":\"Informa\\u00e7\\u00f5es Classificadas e Desclassificadas\",\"title\":null,\"text\":\"Excel\"},{\"extend\":\"csvHtml5\",\"exportOptions\":{\"columns\":\":visible\",\"stripHtml\":true},\"className\":\"DTTT_button DTTT_button_csv\",\"title\":\"Informa\\u00e7\\u00f5es Classificadas e Desclassificadas\",\"text\":\"CSV\"},{\"extend\":\"copyHtml5\",\"exportOptions\":{\"columns\":\":visible\",\"stripHtml\":true},\"className\":\"DTTT_button DTTT_button_copy\",\"filename\":\"Informa\\u00e7\\u00f5es Classificadas e Desclassificadas\",\"title\":null,\"text\":\"Copy\"}],\"bProcessing\":false,\"serverSide\":true,\"ajax\":{\"url\":\"https:\\\/\\\/transparencia.tceam.tc.br\\\/wp-admin\\\/admin-ajax.php?action=get_wdtable&table_id=124\",\"type\":\"POST\"},\"oSearch\":{\"bSmart\":false,\"bRegex\":false,\"sSearch\":\"\"}},\"customRowDisplay\":\"\",\"tabletWidth\":\"800\",\"mobileWidth\":\"480\",\"renderFilter\":\"footer\",\"advancedFilterEnabled\":true,\"advancedFilterOptions\":{\"aoColumns\":[{\"type\":\"null\",\"columnType\":\"int\",\"numberOfDecimalPlaces\":\"3\",\"possibleValuesType\":\"read\",\"globalSearchColumn\":1,\"values\":null,\"origHeader\":\"wdt_ID\",\"displayHeader\":\"wdt_ID\",\"possibleValuesAddEmpty\":false,\"possibleValuesAjax\":-1,\"column_align_fields\":\"\",\"defaultValue\":\"\",\"column_align_header\":\"\",\"column_rotate_header_name\":\"\",\"exactFiltering\":false,\"filterLabel\":\"\",\"searchInSelectBox\":1,\"searchInSelectBoxEditing\":1,\"checkboxesInModal\":0,\"andLogic\":0,\"linkButtonLabel\":\"\",\"rangeSlider\":false,\"rangeMaxValueDisplay\":\"0\",\"customMaxRangeValue\":\"0\"},{\"type\":\"text\",\"columnType\":\"string\",\"numberOfDecimalPlaces\":\"3\",\"possibleValuesType\":\"read\",\"globalSearchColumn\":1,\"values\":null,\"origHeader\":\"assunto\",\"displayHeader\":\"Assunto\",\"possibleValuesAddEmpty\":false,\"possibleValuesAjax\":10,\"column_align_fields\":\"\",\"defaultValue\":\"\",\"column_align_header\":\"\",\"column_rotate_header_name\":\"\",\"exactFiltering\":false,\"filterLabel\":\"\",\"searchInSelectBox\":1,\"searchInSelectBoxEditing\":1,\"checkboxesInModal\":0,\"andLogic\":0,\"linkButtonLabel\":\"\",\"rangeSlider\":false,\"rangeMaxValueDisplay\":\"default\",\"customMaxRangeValue\":\"0\"},{\"type\":\"text\",\"columnType\":\"string\",\"numberOfDecimalPlaces\":\"3\",\"possibleValuesType\":\"read\",\"globalSearchColumn\":1,\"values\":null,\"origHeader\":\"categoria\",\"displayHeader\":\"Categoria\",\"possibleValuesAddEmpty\":false,\"possibleValuesAjax\":10,\"column_align_fields\":\"\",\"defaultValue\":\"\",\"column_align_header\":\"\",\"column_rotate_header_name\":\"\",\"exactFiltering\":false,\"filterLabel\":\"\",\"searchInSelectBox\":1,\"searchInSelectBoxEditing\":1,\"checkboxesInModal\":0,\"andLogic\":0,\"linkButtonLabel\":\"\",\"rangeSlider\":false,\"rangeMaxValueDisplay\":\"default\",\"customMaxRangeValue\":\"0\"},{\"type\":\"number\",\"columnType\":\"date\",\"numberOfDecimalPlaces\":\"3\",\"possibleValuesType\":\"read\",\"globalSearchColumn\":1,\"values\":null,\"origHeader\":\"datadeclassificao\",\"displayHeader\":\"Data de Classifica\\u00e7\\u00e3o\",\"possibleValuesAddEmpty\":false,\"possibleValuesAjax\":-1,\"column_align_fields\":\"\",\"defaultValue\":\"\",\"column_align_header\":\"\",\"column_rotate_header_name\":\"\",\"exactFiltering\":1,\"filterLabel\":\"\",\"searchInSelectBox\":1,\"searchInSelectBoxEditing\":1,\"checkboxesInModal\":0,\"andLogic\":0,\"linkButtonLabel\":\"\",\"rangeSlider\":false,\"rangeMaxValueDisplay\":\"default\",\"customMaxRangeValue\":\"0\"},{\"type\":\"text\",\"columnType\":\"string\",\"numberOfDecimalPlaces\":\"3\",\"possibleValuesType\":\"read\",\"globalSearchColumn\":1,\"values\":null,\"origHeader\":\"prazodeclassificao\",\"displayHeader\":\"Prazo de Classifica\\u00e7\\u00e3o\",\"possibleValuesAddEmpty\":false,\"possibleValuesAjax\":10,\"column_align_fields\":\"\",\"defaultValue\":\"\",\"column_align_header\":\"\",\"column_rotate_header_name\":\"\",\"exactFiltering\":false,\"filterLabel\":\"\",\"searchInSelectBox\":1,\"searchInSelectBoxEditing\":1,\"checkboxesInModal\":0,\"andLogic\":0,\"linkButtonLabel\":\"\",\"rangeSlider\":false,\"rangeMaxValueDisplay\":\"default\",\"customMaxRangeValue\":\"0\"},{\"type\":\"text\",\"columnType\":\"string\",\"numberOfDecimalPlaces\":\"3\",\"possibleValuesType\":\"read\",\"globalSearchColumn\":1,\"values\":null,\"origHeader\":\"fundamentaolegal\",\"displayHeader\":\"Fundamenta\\u00e7\\u00e3o Legal\",\"possibleValuesAddEmpty\":false,\"possibleValuesAjax\":10,\"column_align_fields\":\"\",\"defaultValue\":\"\",\"column_align_header\":\"\",\"column_rotate_header_name\":\"\",\"exactFiltering\":false,\"filterLabel\":\"\",\"searchInSelectBox\":1,\"searchInSelectBoxEditing\":1,\"checkboxesInModal\":0,\"andLogic\":0,\"linkButtonLabel\":\"\",\"rangeSlider\":false,\"rangeMaxValueDisplay\":\"default\",\"customMaxRangeValue\":\"0\"}],\"bUseColVis\":true},\"filterInForm\":false,\"serverSide\":true,\"autoRefreshInterval\":0,\"processing\":true,\"fnServerData\":true,\"columnsFixed\":0,\"sumFunctionsLabel\":\"\",\"avgFunctionsLabel\":\"\",\"minFunctionsLabel\":\"\",\"maxFunctionsLabel\":\"glaucio\",\"columnsDecimalPlaces\":{\"wdt_ID\":-1,\"assunto\":-1,\"categoria\":-1,\"datadeclassificao\":-1,\"prazodeclassificao\":-1,\"fundamentaolegal\":-1},\"columnsThousandsSeparator\":{\"wdt_ID\":0},\"sumColumns\":[],\"avgColumns\":[],\"sumAvgColumns\":[],\"timeFormat\":\"H:i\",\"datepickFormat\":\"dd\\\/mm\\\/yy\"}'\/>\n\n    <table id=\"table_1\"\n           class=\"   display nowrap wdt-no-display data-t data-t wpDataTable wpDataTableID-124 \"\n           style=\"\"\n           data-described-by='table_1_desc'\n           data-wpdatatable_id=\"124\">\n        \n        <!-- Table header -->\n        \n<thead>\n<tr>\n                    <th\n                        class=\" wdtheader sort numdata integer \"\n        style=\"\">        wdt_ID<\/th>        <th\n        data-class=\"expand\"                class=\" wdtheader sort \"\n        style=\"\">        Assunto<\/th>        <th\n                        class=\" wdtheader sort \"\n        style=\"\">        Categoria<\/th>        <th\n                        class=\" wdtheader sort \"\n        style=\"\">        Data de Classifica\u00e7\u00e3o<\/th>        <th\n                        class=\" wdtheader sort \"\n        style=\"\">        Prazo de Classifica\u00e7\u00e3o<\/th>        <th\n                        class=\" wdtheader sort \"\n        style=\"\">        Fundamenta\u00e7\u00e3o Legal<\/th>    <\/tr>\n<\/thead>\n        <!-- \/Table header -->\n\n        <!-- Table body -->\n        \n<tbody>\n<!-- Table body -->\n<div data-id=\"124\"\n     class=\"wdt-timeline-item wdt-timeline-table_1\"\n     style=\"\">\n    <div class=\"wdt-table-loader\">\n        <div class=\"wdt-table-loader-row wdt-table-loader-header\">\n            <div class=\"wdt-table-loader-header-cell wdt-animated-background\"><\/div>\n            <div class=\"wdt-table-loader-header-cell wdt-animated-background\"><\/div>\n            <div class=\"wdt-table-loader-header-cell wdt-animated-background\"><\/div>\n        <\/div>\n                    <div class=\"wdt-table-loader-row\">\n                <div class=\"wdt-table-loader-cell wdt-animated-background\"><\/div>\n                <div class=\"wdt-table-loader-cell wdt-animated-background\"><\/div>\n                <div class=\"wdt-table-loader-cell wdt-animated-background\"><\/div>\n            <\/div>\n                    <div class=\"wdt-table-loader-row\">\n                <div class=\"wdt-table-loader-cell wdt-animated-background\"><\/div>\n                <div class=\"wdt-table-loader-cell wdt-animated-background\"><\/div>\n                <div class=\"wdt-table-loader-cell wdt-animated-background\"><\/div>\n            <\/div>\n                    <div class=\"wdt-table-loader-row\">\n                <div class=\"wdt-table-loader-cell wdt-animated-background\"><\/div>\n                <div class=\"wdt-table-loader-cell wdt-animated-background\"><\/div>\n                <div class=\"wdt-table-loader-cell wdt-animated-background\"><\/div>\n            <\/div>\n            <\/div>\n<\/div><!-- \/Table body -->\n                    <tr id=\"table_124_row_0\"\n            data-row-index=\"0\">\n                            <td style=\"\">1<\/td>\n                            <td style=\"\">Processos administrativos disciplinares e procedimentos de investiga\u00e7\u00e3o pr\u00e9via.<\/td>\n                            <td style=\"\">Sigiloso<\/td>\n                            <td style=\"\">14\/12\/2018<\/td>\n                            <td style=\"\">M\u00e1ximo de 25 anos<\/td>\n                            <td style=\"\">Art. 31, \u00a7 1\u00ba, inciso I, da Lei 12.527 de 18\/11\/2011 (Lei de Acesso \u00e0 Informa\u00e7\u00e3o);Art. 55, inciso I, do Decreto n\u00ba 7.724, de 16\/05\/2012 (Regulamenta\u00e7\u00e3o da LAI).<\/td>\n                    <\/tr>\n                            <tr id=\"table_124_row_1\"\n            data-row-index=\"1\">\n                            <td style=\"\">2<\/td>\n                            <td style=\"\">Informa\u00e7\u00f5es pessoais, relativas \u00e0 intimidade, vida privada, honra e imagem.<\/td>\n                            <td style=\"\">Sigiloso<\/td>\n                            <td style=\"\">27\/05\/2015<\/td>\n                            <td style=\"\">M\u00e1ximo de 100 anos<\/td>\n                            <td style=\"\">Art. 31, \u00a7 1\u00ba, inciso I, da Lei 12.527 de 18\/11\/2011 (Lei de Acesso \u00e0 Informa\u00e7\u00e3o);Art. 55, inciso I, do Decreto n\u00ba 7.724, de 16\/05\/2012 (Regulamenta\u00e7\u00e3o da LAI).<\/td>\n                    <\/tr>\n            <\/tbody>        <!-- \/Table body -->\n\n        <!-- Table footer -->\n        \n    <tfoot>\n                <tr >\n                            <td\n                class=\"wdtheader sort numdata integer \"\n                style=\"\"><\/td>                <td\n                class=\"wdtheader sort \"\n                style=\"\">Assunto<\/td>                <td\n                class=\"wdtheader sort \"\n                style=\"\">Categoria<\/td>                <td\n                class=\"wdtheader sort \"\n                style=\"\">Data de Classifica\u00e7\u00e3o<\/td>                <td\n                class=\"wdtheader sort \"\n                style=\"\">Prazo de Classifica\u00e7\u00e3o<\/td>                <td\n                class=\"wdtheader sort \"\n                style=\"\">Fundamenta\u00e7\u00e3o Legal<\/td>        <\/tr>\n                            <\/tfoot>\n        <!-- \/Table footer -->\n    <\/table>\n\n<\/div><style>\ntable.wpDataTable { table-layout: fixed !important; }\ntable.wpDataTable td.numdata { text-align: right !important; }\n<\/style>\n<style>\n                    \n                                                                                        \/* table font color *\/\n    .wpdt-c.wpDataTablesWrapper table.wpdtSimpleTable,\n    .wpdt-c .wpDataTablesWrapper table.wpDataTable {\n        font-family: Georgia, serif !important;\n    }\n\n                \n                <\/style>\n<style>\n<\/style>\n<style>\n                            \n                                \/* table font color *\/\n    .wpdt-c.wpDataTablesWrapper table#wpdtSimpleTable-124,\n    .wpdt-c .wpDataTablesWrapper table.wpDataTable.wpDataTableID-124 {\n        font-family: Georgia, serif !important;\n    }\n\n                \n                <\/style>\n\t\t\t\t<\/div>\n\t\t\t\t<\/div>\n\t\t\t\t<div class=\"elementor-element elementor-element-bd4e852 elementor-widget elementor-widget-html\" data-id=\"bd4e852\" data-element_type=\"widget\" data-widget_type=\"html.default\">\n\t\t\t\t<div class=\"elementor-widget-container\">\n\t\t\t\t\t<div style=\"text-align: right;\"><span style=\"font-size:14px;\"><a href=\"javascript:history.back()\"><span style=\"color:#666666;\"><span style=\"font-family:'Poppins';\">&laquo; Voltar<\/span><\/span><\/a><\/span><\/div>\t\t\t\t<\/div>\n\t\t\t\t<\/div>\n\t\t\t\t\t<\/div>\n\t\t<\/div>\n\t\t\t\t\t<\/div>\n\t\t<\/section>\n\t\t\t\t<\/div>\n\t\t","protected":false},"excerpt":{"rendered":"<p>Ano Classifica\u00e7\u00e3o 2025 No ano de 2025 nenhuma informa\u00e7\u00e3o foi classificada com um grau de sigilo. 2024 No ano de 2024 nenhuma informa\u00e7\u00e3o foi classificada com um grau de sigilo. 2023 No ano de 2023 nenhuma informa\u00e7\u00e3o foi classificada com um grau de sigilo. 2022 No ano de 2022 nenhuma informa\u00e7\u00e3o foi classificada com um [&hellip;]<\/p>\n","protected":false},"author":25,"featured_media":0,"parent":0,"menu_order":0,"comment_status":"closed","ping_status":"closed","template":"","meta":{"footnotes":""},"class_list":["post-20835","page","type-page","status-publish","hentry"],"_links":{"self":[{"href":"https:\/\/transparencia.tceam.tc.br\/index.php?rest_route=\/wp\/v2\/pages\/20835","targetHints":{"allow":["GET"]}}],"collection":[{"href":"https:\/\/transparencia.tceam.tc.br\/index.php?rest_route=\/wp\/v2\/pages"}],"about":[{"href":"https:\/\/transparencia.tceam.tc.br\/index.php?rest_route=\/wp\/v2\/types\/page"}],"author":[{"embeddable":true,"href":"https:\/\/transparencia.tceam.tc.br\/index.php?rest_route=\/wp\/v2\/users\/25"}],"replies":[{"embeddable":true,"href":"https:\/\/transparencia.tceam.tc.br\/index.php?rest_route=%2Fwp%2Fv2%2Fcomments&post=20835"}],"version-history":[{"count":76,"href":"https:\/\/transparencia.tceam.tc.br\/index.php?rest_route=\/wp\/v2\/pages\/20835\/revisions"}],"predecessor-version":[{"id":21052,"href":"https:\/\/transparencia.tceam.tc.br\/index.php?rest_route=\/wp\/v2\/pages\/20835\/revisions\/21052"}],"wp:attachment":[{"href":"https:\/\/transparencia.tceam.tc.br\/index.php?rest_route=%2Fwp%2Fv2%2Fmedia&parent=20835"}],"curies":[{"name":"wp","href":"https:\/\/api.w.org\/{rel}","templated":true}]}}