{"id":20672,"date":"2025-10-06T15:32:15","date_gmt":"2025-10-06T19:32:15","guid":{"rendered":"https:\/\/transparencia.tceam.tc.br\/?page_id=20672"},"modified":"2025-10-07T09:15:35","modified_gmt":"2025-10-07T13:15:35","slug":"informacoes-desclassificadas","status":"publish","type":"page","link":"https:\/\/transparencia.tceam.tc.br\/?page_id=20672","title":{"rendered":"Informa\u00e7\u00f5es Desclassificadas"},"content":{"rendered":"\t\t<div data-elementor-type=\"wp-page\" data-elementor-id=\"20672\" class=\"elementor elementor-20672\" data-elementor-settings=\"{&quot;ha_cmc_init_switcher&quot;:&quot;no&quot;,&quot;element_pack_global_tooltip_width&quot;:{&quot;unit&quot;:&quot;px&quot;,&quot;size&quot;:&quot;&quot;,&quot;sizes&quot;:[]},&quot;element_pack_global_tooltip_width_tablet&quot;:{&quot;unit&quot;:&quot;px&quot;,&quot;size&quot;:&quot;&quot;,&quot;sizes&quot;:[]},&quot;element_pack_global_tooltip_width_mobile&quot;:{&quot;unit&quot;:&quot;px&quot;,&quot;size&quot;:&quot;&quot;,&quot;sizes&quot;:[]},&quot;element_pack_global_tooltip_padding&quot;:{&quot;unit&quot;:&quot;px&quot;,&quot;top&quot;:&quot;&quot;,&quot;right&quot;:&quot;&quot;,&quot;bottom&quot;:&quot;&quot;,&quot;left&quot;:&quot;&quot;,&quot;isLinked&quot;:true},&quot;element_pack_global_tooltip_padding_tablet&quot;:{&quot;unit&quot;:&quot;px&quot;,&quot;top&quot;:&quot;&quot;,&quot;right&quot;:&quot;&quot;,&quot;bottom&quot;:&quot;&quot;,&quot;left&quot;:&quot;&quot;,&quot;isLinked&quot;:true},&quot;element_pack_global_tooltip_padding_mobile&quot;:{&quot;unit&quot;:&quot;px&quot;,&quot;top&quot;:&quot;&quot;,&quot;right&quot;:&quot;&quot;,&quot;bottom&quot;:&quot;&quot;,&quot;left&quot;:&quot;&quot;,&quot;isLinked&quot;:true},&quot;element_pack_global_tooltip_border_radius&quot;:{&quot;unit&quot;:&quot;px&quot;,&quot;top&quot;:&quot;&quot;,&quot;right&quot;:&quot;&quot;,&quot;bottom&quot;:&quot;&quot;,&quot;left&quot;:&quot;&quot;,&quot;isLinked&quot;:true},&quot;element_pack_global_tooltip_border_radius_tablet&quot;:{&quot;unit&quot;:&quot;px&quot;,&quot;top&quot;:&quot;&quot;,&quot;right&quot;:&quot;&quot;,&quot;bottom&quot;:&quot;&quot;,&quot;left&quot;:&quot;&quot;,&quot;isLinked&quot;:true},&quot;element_pack_global_tooltip_border_radius_mobile&quot;:{&quot;unit&quot;:&quot;px&quot;,&quot;top&quot;:&quot;&quot;,&quot;right&quot;:&quot;&quot;,&quot;bottom&quot;:&quot;&quot;,&quot;left&quot;:&quot;&quot;,&quot;isLinked&quot;:true}}\" data-elementor-post-type=\"page\">\n\t\t\t\t\t\t<section class=\"elementor-section elementor-top-section elementor-element elementor-element-1396a55 elementor-section-boxed elementor-section-height-default elementor-section-height-default\" data-id=\"1396a55\" data-element_type=\"section\" data-settings=\"{&quot;background_background&quot;:&quot;classic&quot;,&quot;_ha_eqh_enable&quot;:false}\">\n\t\t\t\t\t\t<div class=\"elementor-container elementor-column-gap-default\">\n\t\t\t\t\t<div class=\"elementor-column elementor-col-100 elementor-top-column elementor-element elementor-element-3c24967\" data-id=\"3c24967\" data-element_type=\"column\">\n\t\t\t<div class=\"elementor-widget-wrap elementor-element-populated\">\n\t\t\t\t\t\t<div class=\"elementor-element elementor-element-d126633 elementor-widget elementor-widget-text-editor\" data-id=\"d126633\" data-element_type=\"widget\" data-widget_type=\"text-editor.default\">\n\t\t\t\t<div class=\"elementor-widget-container\">\n\t\t\t\t\t\t\t\t\t<p><strong><b>Hist\u00f3rico de Informa\u00e7\u00f5es\u00a0 Desclassificadas<\/b><\/strong><\/p>\t\t\t\t\t\t\t\t<\/div>\n\t\t\t\t<\/div>\n\t\t\t\t<div class=\"elementor-element elementor-element-9b7ee75 elementor-widget elementor-widget-text-editor\" data-id=\"9b7ee75\" data-element_type=\"widget\" data-widget_type=\"text-editor.default\">\n\t\t\t\t<div class=\"elementor-widget-container\">\n\t\t\t\t\t\t\t\t\t<table style=\"width: 100%; border-collapse: collapse;\"><tbody><tr><td style=\"width: 12.2448%; text-align: center;\"><span style=\"font-size: 14pt; color: #000724;\"><strong>Ano<\/strong><\/span><\/td><td style=\"width: 45.5782%; text-align: center;\"><span style=\"font-size: 14pt; color: #000724;\"><strong>Desclassifica\u00e7\u00e3o<\/strong><\/span><\/td><\/tr><tr><td style=\"width: 12.2448%; text-align: center;\"><span style=\"color: #000724;\"><strong>2025<\/strong><\/span><\/td><td style=\"width: 45.5782%;\">No ano de 2025 nenhuma informa\u00e7\u00e3o foi desclassificada com um grau de sigilo.<\/td><\/tr><tr><td style=\"width: 12.2448%; text-align: center;\"><span style=\"color: #000724;\"><strong>2024<\/strong><\/span><\/td><td style=\"width: 45.5782%;\">No ano de 2024 nenhuma informa\u00e7\u00e3o foi desclassificada com um grau de sigilo.<\/td><\/tr><tr><td style=\"width: 12.2448%; text-align: center;\"><span style=\"color: #000724;\"><strong>2023<\/strong><\/span><\/td><td style=\"width: 45.5782%;\">No ano de 2023 nenhuma informa\u00e7\u00e3o foi desclassificada com um grau de sigilo.<\/td><\/tr><tr><td style=\"width: 12.2448%; text-align: center;\"><span style=\"color: #000724;\"><strong>2022<\/strong><\/span><\/td><td style=\"width: 45.5782%;\">No ano de 2022 nenhuma informa\u00e7\u00e3o foi desclassificada com um grau de sigilo.<\/td><\/tr><tr><td style=\"width: 12.2448%; text-align: center;\"><span style=\"color: #000724;\"><strong>2021<\/strong><\/span><\/td><td style=\"width: 45.5782%;\">No ano de 2021 nenhuma informa\u00e7\u00e3o foi desclassificada com um grau de sigilo.<\/td><\/tr><tr><td style=\"width: 12.2448%; text-align: center;\"><span style=\"color: #000724;\"><strong>2020<\/strong><\/span><\/td><td style=\"width: 45.5782%;\">No ano de 2020 nenhuma informa\u00e7\u00e3o foi desclassificada com um grau de sigilo.<\/td><\/tr><tr><td style=\"width: 12.2448%; text-align: center;\"><span style=\"color: #000724;\"><strong>2019<\/strong><\/span><\/td><td style=\"width: 45.5782%;\">No ano de 2019 nenhuma informa\u00e7\u00e3o foi desclassificada com um grau de sigilo.<\/td><\/tr><\/tbody><\/table>\t\t\t\t\t\t\t\t<\/div>\n\t\t\t\t<\/div>\n\t\t\t\t<div class=\"elementor-element elementor-element-be0341c elementor-widget elementor-widget-text-editor\" data-id=\"be0341c\" data-element_type=\"widget\" data-widget_type=\"text-editor.default\">\n\t\t\t\t<div class=\"elementor-widget-container\">\n\t\t\t\t\t\t\t\t\t<p>Nota de de esclarecimento <a href=\"http:\/\/www.tce.am.gov.br\/portal\/?p=13738\">clique aqui<\/a><\/p><hr \/><p><strong><b>Rol de Informa\u00e7\u00f5es DESCLASSIFICADAS<\/b><\/strong><\/p><p>At\u00e9 o presente momento, o Tribunal de Contas do Estado do Amazonas n\u00e3o possui informa\u00e7\u00f5es <strong>desclassificadas<\/strong> com base na Lei de Acesso \u00e0 Informa\u00e7\u00e3o\u00a0nos \u00faltimos 12 (doze) meses.<\/p><p>Informa\u00e7\u00e3o atualizada em 07\/10\/2025<\/p>\t\t\t\t\t\t\t\t<\/div>\n\t\t\t\t<\/div>\n\t\t\t\t<div class=\"elementor-element elementor-element-22567eb elementor-widget elementor-widget-html\" data-id=\"22567eb\" data-element_type=\"widget\" data-widget_type=\"html.default\">\n\t\t\t\t<div class=\"elementor-widget-container\">\n\t\t\t\t\t<div style=\"text-align: right;\"><span style=\"font-size:14px;\"><a href=\"javascript:history.back()\"><span style=\"color:#666666;\"><span style=\"font-family:'Poppins';\">&laquo; Voltar<\/span><\/span><\/a><\/span><\/div>\t\t\t\t<\/div>\n\t\t\t\t<\/div>\n\t\t\t\t\t<\/div>\n\t\t<\/div>\n\t\t\t\t\t<\/div>\n\t\t<\/section>\n\t\t\t\t<\/div>\n\t\t","protected":false},"excerpt":{"rendered":"<p>Hist\u00f3rico de Informa\u00e7\u00f5es\u00a0 Desclassificadas Ano Desclassifica\u00e7\u00e3o 2025 No ano de 2025 nenhuma informa\u00e7\u00e3o foi desclassificada com um grau de sigilo. 2024 No ano de 2024 nenhuma informa\u00e7\u00e3o foi desclassificada com um grau de sigilo. 2023 No ano de 2023 nenhuma informa\u00e7\u00e3o foi desclassificada com um grau de sigilo. 2022 No ano de 2022 nenhuma informa\u00e7\u00e3o [&hellip;]<\/p>\n","protected":false},"author":25,"featured_media":0,"parent":0,"menu_order":0,"comment_status":"closed","ping_status":"closed","template":"","meta":{"footnotes":""},"class_list":["post-20672","page","type-page","status-publish","hentry"],"_links":{"self":[{"href":"https:\/\/transparencia.tceam.tc.br\/index.php?rest_route=\/wp\/v2\/pages\/20672","targetHints":{"allow":["GET"]}}],"collection":[{"href":"https:\/\/transparencia.tceam.tc.br\/index.php?rest_route=\/wp\/v2\/pages"}],"about":[{"href":"https:\/\/transparencia.tceam.tc.br\/index.php?rest_route=\/wp\/v2\/types\/page"}],"author":[{"embeddable":true,"href":"https:\/\/transparencia.tceam.tc.br\/index.php?rest_route=\/wp\/v2\/users\/25"}],"replies":[{"embeddable":true,"href":"https:\/\/transparencia.tceam.tc.br\/index.php?rest_route=%2Fwp%2Fv2%2Fcomments&post=20672"}],"version-history":[{"count":84,"href":"https:\/\/transparencia.tceam.tc.br\/index.php?rest_route=\/wp\/v2\/pages\/20672\/revisions"}],"predecessor-version":[{"id":21034,"href":"https:\/\/transparencia.tceam.tc.br\/index.php?rest_route=\/wp\/v2\/pages\/20672\/revisions\/21034"}],"wp:attachment":[{"href":"https:\/\/transparencia.tceam.tc.br\/index.php?rest_route=%2Fwp%2Fv2%2Fmedia&parent=20672"}],"curies":[{"name":"wp","href":"https:\/\/api.w.org\/{rel}","templated":true}]}}