{"id":20317,"date":"2025-10-02T10:46:12","date_gmt":"2025-10-02T14:46:12","guid":{"rendered":"https:\/\/transparencia.tceam.tc.br\/?page_id=20317"},"modified":"2026-04-08T06:31:40","modified_gmt":"2026-04-08T10:31:40","slug":"concurso-no-01-2021","status":"publish","type":"page","link":"https:\/\/transparencia.tceam.tc.br\/?page_id=20317","title":{"rendered":"Concurso n\u00ba 01\/2021"},"content":{"rendered":"\t\t<div data-elementor-type=\"wp-page\" data-elementor-id=\"20317\" class=\"elementor elementor-20317\" data-elementor-settings=\"{&quot;ha_cmc_init_switcher&quot;:&quot;no&quot;,&quot;element_pack_global_tooltip_width&quot;:{&quot;unit&quot;:&quot;px&quot;,&quot;size&quot;:&quot;&quot;,&quot;sizes&quot;:[]},&quot;element_pack_global_tooltip_width_tablet&quot;:{&quot;unit&quot;:&quot;px&quot;,&quot;size&quot;:&quot;&quot;,&quot;sizes&quot;:[]},&quot;element_pack_global_tooltip_width_mobile&quot;:{&quot;unit&quot;:&quot;px&quot;,&quot;size&quot;:&quot;&quot;,&quot;sizes&quot;:[]},&quot;element_pack_global_tooltip_padding&quot;:{&quot;unit&quot;:&quot;px&quot;,&quot;top&quot;:&quot;&quot;,&quot;right&quot;:&quot;&quot;,&quot;bottom&quot;:&quot;&quot;,&quot;left&quot;:&quot;&quot;,&quot;isLinked&quot;:true},&quot;element_pack_global_tooltip_padding_tablet&quot;:{&quot;unit&quot;:&quot;px&quot;,&quot;top&quot;:&quot;&quot;,&quot;right&quot;:&quot;&quot;,&quot;bottom&quot;:&quot;&quot;,&quot;left&quot;:&quot;&quot;,&quot;isLinked&quot;:true},&quot;element_pack_global_tooltip_padding_mobile&quot;:{&quot;unit&quot;:&quot;px&quot;,&quot;top&quot;:&quot;&quot;,&quot;right&quot;:&quot;&quot;,&quot;bottom&quot;:&quot;&quot;,&quot;left&quot;:&quot;&quot;,&quot;isLinked&quot;:true},&quot;element_pack_global_tooltip_border_radius&quot;:{&quot;unit&quot;:&quot;px&quot;,&quot;top&quot;:&quot;&quot;,&quot;right&quot;:&quot;&quot;,&quot;bottom&quot;:&quot;&quot;,&quot;left&quot;:&quot;&quot;,&quot;isLinked&quot;:true},&quot;element_pack_global_tooltip_border_radius_tablet&quot;:{&quot;unit&quot;:&quot;px&quot;,&quot;top&quot;:&quot;&quot;,&quot;right&quot;:&quot;&quot;,&quot;bottom&quot;:&quot;&quot;,&quot;left&quot;:&quot;&quot;,&quot;isLinked&quot;:true},&quot;element_pack_global_tooltip_border_radius_mobile&quot;:{&quot;unit&quot;:&quot;px&quot;,&quot;top&quot;:&quot;&quot;,&quot;right&quot;:&quot;&quot;,&quot;bottom&quot;:&quot;&quot;,&quot;left&quot;:&quot;&quot;,&quot;isLinked&quot;:true}}\" data-elementor-post-type=\"page\">\n\t\t\t\t\t\t<section class=\"elementor-section elementor-top-section elementor-element elementor-element-3156e13 elementor-section-boxed elementor-section-height-default elementor-section-height-default\" data-id=\"3156e13\" data-element_type=\"section\" data-settings=\"{&quot;_ha_eqh_enable&quot;:false}\">\n\t\t\t\t\t\t<div class=\"elementor-container elementor-column-gap-default\">\n\t\t\t\t\t<div class=\"elementor-column elementor-col-100 elementor-top-column elementor-element elementor-element-0045e18\" data-id=\"0045e18\" data-element_type=\"column\">\n\t\t\t<div class=\"elementor-widget-wrap elementor-element-populated\">\n\t\t\t\t\t\t<div class=\"elementor-element elementor-element-31d061b elementor-widget elementor-widget-html\" data-id=\"31d061b\" data-element_type=\"widget\" data-widget_type=\"html.default\">\n\t\t\t\t<div class=\"elementor-widget-container\">\n\t\t\t\t\t<div style=\"text-align: right;\"><span style=\"font-size:13px;\"><a href=\"javascript:history.back()\"><span style=\"color:#808080;\"><span style=\"font-family:'Poppins';\"><strong>&laquo; Voltar<\/strong><\/span><\/span><\/a><\/span><\/div>\t\t\t\t<\/div>\n\t\t\t\t<\/div>\n\t\t\t\t<div class=\"elementor-element elementor-element-b80b18e elementor-widget elementor-widget-shortcode\" data-id=\"b80b18e\" data-element_type=\"widget\" data-widget_type=\"shortcode.default\">\n\t\t\t\t<div class=\"elementor-widget-container\">\n\t\t\t\t\t\t\t<div class=\"elementor-shortcode\">\n<div class=\"wpdt-c row wpDataTableContainerSimpleTable wpDataTables wpDataTablesWrapper\n\"\n    >\n        <table id=\"wpdtSimpleTable-135\"\n           style=\"border-collapse:collapse;\n                   border-spacing:0px;\"\n           class=\"wpdtSimpleTable wpDataTable\"\n           data-column=\"2\"\n           data-rows=\"10\"\n           data-wpID=\"135\"\n           data-responsive=\"1\"\n           data-has-header=\"0\">\n\n                    <tbody>        <tr class=\"wpdt-cell-row \" >\n                                <td class=\"wpdt-cell wpdt-bc-FFFFFF wpdt-bold wpdt-fs-000015\"\n                                            data-cell-id=\"A1\"\n                    data-col-index=\"0\"\n                    data-row-index=\"0\"\n                    style=\" width:40.520833333333%;                    padding:10px;\n                    \"\n                    >\n                                        DOCUMENTOS                    <\/td>\n                                                <td class=\"wpdt-cell wpdt-bold wpdt-fs-000015\"\n                                            data-cell-id=\"B1\"\n                    data-col-index=\"1\"\n                    data-row-index=\"0\"\n                    style=\" width:59.479166666667%;                    padding:10px;\n                    \"\n                    >\n                                        CONTROLE\n  DE\u00a0 HABILITADOS\/NOMEADOS                    <\/td>\n                                        <\/tr>\n                            <tr class=\"wpdt-cell-row \" >\n                                <td class=\"wpdt-cell \"\n                                            data-cell-id=\"A2\"\n                    data-col-index=\"0\"\n                    data-row-index=\"1\"\n                    style=\"                    padding:10px;\n                    \"\n                    >\n                                        <a class=\"wpdt-link-content\" href=\"https:\/\/transparencia.tce.am.gov.br\/wp-content\/uploads\/2023\/11\/Atos_de_Nomeacao_outubro.pdf\"  rel=\"\" target=\"_blank\" data-cell-id=\"10\" data-link-url=\"https:\/\/transparencia.tce.am.gov.br\/wp-content\/uploads\/2023\/11\/Atos_de_Nomeacao_outubro.pdf\" data-link-text=\"ATOS DE NOMEA\u00c7\u00c3O\" data-link-target=\"true\" data-link-nofollow=\"0\" data-link-noreferrer=\"0\" data-link-sponsored=\"0\" data-link-btn-status=\"0\" data-link-btn-class=\"\" data-link-content=\"wpdt-link-content\">ATOS DE NOMEA\u00c7\u00c3O<\/a>                    <\/td>\n                                                <td class=\"wpdt-cell \"\n                                            data-cell-id=\"B2\"\n                    data-col-index=\"1\"\n                    data-row-index=\"1\"\n                    style=\"                    padding:10px;\n                    \"\n                    >\n                                        <a class=\"wpdt-link-content\" href=\"http:\/\/transparencia.tceam.tc.br\/wp-content\/uploads\/2026\/04\/Auditor-Tecnico-de-Controle-Externo-Obras-Publicas-A.pdf\"  rel=\"\" target=\"_blank\" data-cell-id=\"11\" data-link-url=\"http:\/\/transparencia.tceam.tc.br\/wp-content\/uploads\/2026\/04\/Auditor-Tecnico-de-Controle-Externo-Obras-Publicas-A.pdf\" data-link-text=\"Auditor T\u00e9cnico de Obras P\u00fablicas\" data-link-target=\"true\" data-link-nofollow=\"0\" data-link-noreferrer=\"0\" data-link-sponsored=\"0\" data-link-btn-status=\"0\" data-link-btn-class=\"\" data-link-content=\"wpdt-link-content\">Auditor T\u00e9cnico de Obras P\u00fablicas<\/a>                    <\/td>\n                                        <\/tr>\n                            <tr class=\"wpdt-cell-row \" >\n                                <td class=\"wpdt-cell \"\n                                            data-cell-id=\"A3\"\n                    data-col-index=\"0\"\n                    data-row-index=\"2\"\n                    style=\"                    padding:10px;\n                    \"\n                    >\n                                        <a class=\"wpdt-link-content\" href=\"https:\/\/www2.tce.am.gov.br\/wp-content\/uploads\/2023\/04\/EDITAL-DE-HOMOLOGACAO-MP-GOV.pdf\"  rel=\"\" target=\"_self\" data-cell-id=\"20\" data-link-url=\"https:\/\/www2.tce.am.gov.br\/wp-content\/uploads\/2023\/04\/EDITAL-DE-HOMOLOGACAO-MP-GOV.pdf\" data-link-text=\"EDITAL DE HOMOLOGA\u00c7\u00c3O \u2013 MP-GOV\" data-link-target=\"0\" data-link-nofollow=\"0\" data-link-noreferrer=\"0\" data-link-sponsored=\"0\" data-link-btn-status=\"0\" data-link-btn-class=\"\" data-link-content=\"wpdt-link-content\">EDITAL DE HOMOLOGA\u00c7\u00c3O \u2013 MP-GOV<\/a>                    <\/td>\n                                                <td class=\"wpdt-cell \"\n                                            data-cell-id=\"B3\"\n                    data-col-index=\"1\"\n                    data-row-index=\"2\"\n                    style=\"                    padding:10px;\n                    \"\n                    >\n                                        <a class=\"wpdt-link-content\" href=\"http:\/\/transparencia.tceam.tc.br\/wp-content\/uploads\/2026\/04\/Auditor-Tecnico-de-Controle-Externo-Tecnologia-da-Informacao-A-2.pdf\"  rel=\"\" target=\"_blank\" data-cell-id=\"21\" data-link-url=\"http:\/\/transparencia.tceam.tc.br\/wp-content\/uploads\/2026\/04\/Auditor-Tecnico-de-Controle-Externo-Tecnologia-da-Informacao-A-2.pdf\" data-link-text=\"Auditor T\u00e9cnico de Tecnologia da Informa\u00e7\u00e3o\" data-link-target=\"true\" data-link-nofollow=\"0\" data-link-noreferrer=\"0\" data-link-sponsored=\"0\" data-link-btn-status=\"0\" data-link-btn-class=\"\" data-link-content=\"wpdt-link-content\">Auditor T\u00e9cnico de Tecnologia da Informa\u00e7\u00e3o<\/a>                    <\/td>\n                                        <\/tr>\n                            <tr class=\"wpdt-cell-row \" >\n                                <td class=\"wpdt-cell \"\n                                            data-cell-id=\"A4\"\n                    data-col-index=\"0\"\n                    data-row-index=\"3\"\n                    style=\"                    padding:10px;\n                    \"\n                    >\n                                        <a class=\"wpdt-link-content\" href=\"https:\/\/www2.tce.am.gov.br\/wp-content\/uploads\/2023\/04\/EDITAL-DE-HOMOLOGACAO-OBRAS-TI.pdf\"  rel=\"\" target=\"_self\" data-cell-id=\"30\" data-link-url=\"https:\/\/www2.tce.am.gov.br\/wp-content\/uploads\/2023\/04\/EDITAL-DE-HOMOLOGACAO-OBRAS-TI.pdf\" data-link-text=\"EDITAL DE HOMOLOGA\u00c7\u00c3O \u2013 OBRAS-TI\" data-link-target=\"0\" data-link-nofollow=\"0\" data-link-noreferrer=\"0\" data-link-sponsored=\"0\" data-link-btn-status=\"0\" data-link-btn-class=\"\" data-link-content=\"wpdt-link-content\">EDITAL DE HOMOLOGA\u00c7\u00c3O \u2013 OBRAS-TI<\/a>                    <\/td>\n                                                <td class=\"wpdt-cell \"\n                                            data-cell-id=\"B4\"\n                    data-col-index=\"1\"\n                    data-row-index=\"3\"\n                    style=\"                    padding:10px;\n                    \"\n                    >\n                                        <a class=\"wpdt-link-content\" href=\"http:\/\/transparencia.tceam.tc.br\/wp-content\/uploads\/2026\/04\/Auditor-Tecnico-de-Controle-Externo-Auditoria-Governamental-A-4.pdf\"  rel=\"\" target=\"_blank\" data-cell-id=\"31\" data-link-url=\"http:\/\/transparencia.tceam.tc.br\/wp-content\/uploads\/2026\/04\/Auditor-Tecnico-de-Controle-Externo-Auditoria-Governamental-A-4.pdf\" data-link-text=\"Auditor T\u00e9cnico de Auditoria Governamental\" data-link-target=\"true\" data-link-nofollow=\"0\" data-link-noreferrer=\"0\" data-link-sponsored=\"0\" data-link-btn-status=\"0\" data-link-btn-class=\"\" data-link-content=\"wpdt-link-content\">Auditor T\u00e9cnico de Auditoria Governamental<\/a>                    <\/td>\n                                        <\/tr>\n                            <tr class=\"wpdt-cell-row \" >\n                                <td class=\"wpdt-cell \"\n                                            data-cell-id=\"A5\"\n                    data-col-index=\"0\"\n                    data-row-index=\"4\"\n                    style=\"                    padding:10px;\n                    \"\n                    >\n                                        <a class=\"wpdt-link-content\" href=\"https:\/\/www2.tce.am.gov.br\/wp-content\/uploads\/2023\/04\/RESULTADO-FINAL-2021-MP-GOV.pdf\"  rel=\"\" target=\"_self\" data-cell-id=\"40\" data-link-url=\"https:\/\/www2.tce.am.gov.br\/wp-content\/uploads\/2023\/04\/RESULTADO-FINAL-2021-MP-GOV.pdf\" data-link-text=\"RESULTADO FINAL 2021 \u2013 MP-GOV\" data-link-target=\"0\" data-link-nofollow=\"0\" data-link-noreferrer=\"0\" data-link-sponsored=\"0\" data-link-btn-status=\"0\" data-link-btn-class=\"\" data-link-content=\"wpdt-link-content\">RESULTADO FINAL 2021 \u2013 MP-GOV<\/a>                    <\/td>\n                                                <td class=\"wpdt-cell \"\n                                            data-cell-id=\"B5\"\n                    data-col-index=\"1\"\n                    data-row-index=\"4\"\n                    style=\"                    padding:10px;\n                    \"\n                    >\n                                        <a class=\"wpdt-link-content\" href=\"http:\/\/transparencia.tceam.tc.br\/wp-content\/uploads\/2026\/04\/Auditor-Tecnico-de-Controle-Externo-Ministerio-Publico-A-1.pdf\"  rel=\"\" target=\"_blank\" data-cell-id=\"41\" data-link-url=\"http:\/\/transparencia.tceam.tc.br\/wp-content\/uploads\/2026\/04\/Auditor-Tecnico-de-Controle-Externo-Ministerio-Publico-A-1.pdf\" data-link-text=\"Auditor T\u00e9cnico do Minist\u00e9rio P\u00fablico\" data-link-target=\"true\" data-link-nofollow=\"0\" data-link-noreferrer=\"0\" data-link-sponsored=\"0\" data-link-btn-status=\"0\" data-link-btn-class=\"\" data-link-content=\"wpdt-link-content\">Auditor T\u00e9cnico do Minist\u00e9rio P\u00fablico<\/a>                    <\/td>\n                                        <\/tr>\n                            <tr class=\"wpdt-cell-row \" >\n                                <td class=\"wpdt-cell \"\n                                            data-cell-id=\"A6\"\n                    data-col-index=\"0\"\n                    data-row-index=\"5\"\n                    style=\"                    padding:10px;\n                    \"\n                    >\n                                        <a class=\"wpdt-link-content\" href=\"https:\/\/www2.tce.am.gov.br\/wp-content\/uploads\/2023\/04\/RESULTADO-FINAL-2021-OBRAS-TI.pdf\"  rel=\"\" target=\"_self\" data-cell-id=\"50\" data-link-url=\"https:\/\/www2.tce.am.gov.br\/wp-content\/uploads\/2023\/04\/RESULTADO-FINAL-2021-OBRAS-TI.pdf\" data-link-text=\"RESULTADO FINAL 2021 \u2013 OBRAS-TIRESULTADO FINAL 2021 \u2013 OBRAS-TI\" data-link-target=\"0\" data-link-nofollow=\"0\" data-link-noreferrer=\"0\" data-link-sponsored=\"0\" data-link-btn-status=\"0\" data-link-btn-class=\"\" data-link-content=\"wpdt-link-content\">RESULTADO FINAL 2021 \u2013 OBRAS-TIRESULTADO FINAL 2021 \u2013 OBRAS-TI<\/a>                    <\/td>\n                                                <td class=\"wpdt-cell  wpdt-empty-cell \"\n                                            data-cell-id=\"B6\"\n                    data-col-index=\"1\"\n                    data-row-index=\"5\"\n                    style=\"                    padding:10px;\n                    \"\n                    >\n                                                            <\/td>\n                                        <\/tr>\n                            <tr class=\"wpdt-cell-row \" >\n                                <td class=\"wpdt-cell \"\n                                            data-cell-id=\"A7\"\n                    data-col-index=\"0\"\n                    data-row-index=\"6\"\n                    style=\"                    padding:10px;\n                    \"\n                    >\n                                        <a class=\"wpdt-link-content\" href=\"https:\/\/www2.tce.am.gov.br\/wp-content\/uploads\/2021\/05\/EDITAL-2.pdf\"  rel=\"\" target=\"_self\" data-cell-id=\"60\" data-link-url=\"https:\/\/www2.tce.am.gov.br\/wp-content\/uploads\/2021\/05\/EDITAL-2.pdf\" data-link-text=\"Edital n\u00ba 03\/2021\u00a0\" data-link-target=\"0\" data-link-nofollow=\"0\" data-link-noreferrer=\"0\" data-link-sponsored=\"0\" data-link-btn-status=\"0\" data-link-btn-class=\"\" data-link-content=\"wpdt-link-content\">Edital n\u00ba 03\/2021\u00a0<\/a>                    <\/td>\n                                                <td class=\"wpdt-cell  wpdt-empty-cell \"\n                                            data-cell-id=\"B7\"\n                    data-col-index=\"1\"\n                    data-row-index=\"6\"\n                    style=\"                    padding:10px;\n                    \"\n                    >\n                                                            <\/td>\n                                        <\/tr>\n                            <tr class=\"wpdt-cell-row \" >\n                                <td class=\"wpdt-cell \"\n                                            data-cell-id=\"A8\"\n                    data-col-index=\"0\"\n                    data-row-index=\"7\"\n                    style=\"                    padding:10px;\n                    \"\n                    >\n                                        <a class=\"wpdt-link-content\" href=\"https:\/\/www2.tce.am.gov.br\/wp-content\/uploads\/2021\/05\/EDITAL-2.pdf\"  rel=\"\" target=\"_self\" data-cell-id=\"70\" data-link-url=\"https:\/\/www2.tce.am.gov.br\/wp-content\/uploads\/2021\/05\/EDITAL-2.pdf\" data-link-text=\"Edital n\u00ba 02\/2021\u00a0\" data-link-target=\"0\" data-link-nofollow=\"0\" data-link-noreferrer=\"0\" data-link-sponsored=\"0\" data-link-btn-status=\"0\" data-link-btn-class=\"\" data-link-content=\"wpdt-link-content\">Edital n\u00ba 02\/2021\u00a0<\/a>                    <\/td>\n                                                <td class=\"wpdt-cell  wpdt-empty-cell \"\n                                            data-cell-id=\"B8\"\n                    data-col-index=\"1\"\n                    data-row-index=\"7\"\n                    style=\"                    padding:10px;\n                    \"\n                    >\n                                                            <\/td>\n                                        <\/tr>\n                            <tr class=\"wpdt-cell-row \" >\n                                <td class=\"wpdt-cell \"\n                                            data-cell-id=\"A9\"\n                    data-col-index=\"0\"\n                    data-row-index=\"8\"\n                    style=\"                    padding:10px;\n                    \"\n                    >\n                                        <a class=\"wpdt-link-content\" href=\"https:\/\/www2.tce.am.gov.br\/wp-content\/uploads\/2021\/05\/Edital_de_abertura_final.pdf\"  rel=\"\" target=\"_self\" data-cell-id=\"80\" data-link-url=\"https:\/\/www2.tce.am.gov.br\/wp-content\/uploads\/2021\/05\/Edital_de_abertura_final.pdf\" data-link-text=\"Edital n\u00ba 01\/2021 \u2013 Revogado\" data-link-target=\"0\" data-link-nofollow=\"0\" data-link-noreferrer=\"0\" data-link-sponsored=\"0\" data-link-btn-status=\"0\" data-link-btn-class=\"\" data-link-content=\"wpdt-link-content\">Edital n\u00ba 01\/2021 \u2013 Revogado<\/a>                    <\/td>\n                                                <td class=\"wpdt-cell  wpdt-empty-cell \"\n                                            data-cell-id=\"B9\"\n                    data-col-index=\"1\"\n                    data-row-index=\"8\"\n                    style=\"                    padding:10px;\n                    \"\n                    >\n                                                            <\/td>\n                                        <\/tr>\n                            <tr class=\"wpdt-cell-row \" >\n                                <td class=\"wpdt-cell  wpdt-empty-cell \"\n                                            data-cell-id=\"A10\"\n                    data-col-index=\"0\"\n                    data-row-index=\"9\"\n                    style=\"                    padding:10px;\n                    \"\n                    >\n                                                            <\/td>\n                                                <td class=\"wpdt-cell  wpdt-empty-cell \"\n                                            data-cell-id=\"B10\"\n                    data-col-index=\"1\"\n                    data-row-index=\"9\"\n                    style=\"                    padding:10px;\n                    \"\n                    >\n                                                            <\/td>\n                                        <\/tr>\n                    <\/table>\n<\/div><style id='wpdt-custom-style-135'>\n.wpdt-bc-FFFFFF { background-color: #FFFFFF !important;}\n.wpdt-fs-000015 { font-size: 15px !important;}\n<\/style>\n<style>\n                    \n                                                                                        \/* table font color *\/\n    .wpdt-c.wpDataTablesWrapper table.wpdtSimpleTable,\n    .wpdt-c .wpDataTablesWrapper table.wpDataTable {\n        font-family: Georgia, serif !important;\n    }\n\n                \n                <\/style>\n<\/div>\n\t\t\t\t\t\t<\/div>\n\t\t\t\t<\/div>\n\t\t\t\t<div class=\"elementor-element elementor-element-ac54769 elementor-widget elementor-widget-html\" data-id=\"ac54769\" data-element_type=\"widget\" data-widget_type=\"html.default\">\n\t\t\t\t<div class=\"elementor-widget-container\">\n\t\t\t\t\t<div style=\"text-align: right;\"><span style=\"font-size:13px;\"><a href=\"javascript:history.back()\"><span style=\"color:#808080;\"><span style=\"font-family:'Poppins';\"><strong>&laquo; Voltar<\/strong><\/span><\/span><\/a><\/span><\/div>\t\t\t\t<\/div>\n\t\t\t\t<\/div>\n\t\t\t\t\t<\/div>\n\t\t<\/div>\n\t\t\t\t\t<\/div>\n\t\t<\/section>\n\t\t\t\t<\/div>\n\t\t","protected":false},"excerpt":{"rendered":"<p>&laquo; Voltar &laquo; Voltar<\/p>\n","protected":false},"author":25,"featured_media":0,"parent":0,"menu_order":0,"comment_status":"closed","ping_status":"closed","template":"","meta":{"footnotes":""},"class_list":["post-20317","page","type-page","status-publish","hentry"],"_links":{"self":[{"href":"https:\/\/transparencia.tceam.tc.br\/index.php?rest_route=\/wp\/v2\/pages\/20317","targetHints":{"allow":["GET"]}}],"collection":[{"href":"https:\/\/transparencia.tceam.tc.br\/index.php?rest_route=\/wp\/v2\/pages"}],"about":[{"href":"https:\/\/transparencia.tceam.tc.br\/index.php?rest_route=\/wp\/v2\/types\/page"}],"author":[{"embeddable":true,"href":"https:\/\/transparencia.tceam.tc.br\/index.php?rest_route=\/wp\/v2\/users\/25"}],"replies":[{"embeddable":true,"href":"https:\/\/transparencia.tceam.tc.br\/index.php?rest_route=%2Fwp%2Fv2%2Fcomments&post=20317"}],"version-history":[{"count":63,"href":"https:\/\/transparencia.tceam.tc.br\/index.php?rest_route=\/wp\/v2\/pages\/20317\/revisions"}],"predecessor-version":[{"id":21615,"href":"https:\/\/transparencia.tceam.tc.br\/index.php?rest_route=\/wp\/v2\/pages\/20317\/revisions\/21615"}],"wp:attachment":[{"href":"https:\/\/transparencia.tceam.tc.br\/index.php?rest_route=%2Fwp%2Fv2%2Fmedia&parent=20317"}],"curies":[{"name":"wp","href":"https:\/\/api.w.org\/{rel}","templated":true}]}}