{"id":18457,"date":"2024-05-17T10:22:58","date_gmt":"2024-05-17T14:22:58","guid":{"rendered":"https:\/\/transparencia.tceam.tc.br\/?page_id=18457"},"modified":"2025-06-05T14:15:02","modified_gmt":"2025-06-05T18:15:02","slug":"transparencia-orientacao-tecnica","status":"publish","type":"page","link":"https:\/\/transparencia.tceam.tc.br\/?page_id=18457","title":{"rendered":"Transpar\u00eancia (Orienta\u00e7\u00e3o T\u00e9cnica)"},"content":{"rendered":"<p><a href=\"https:\/\/transparencia.tceam.tc.br\/wp-content\/uploads\/2025\/06\/Nota_Tecnica_no_01_SIAFIC__publicacao-2.pdf\">Nota Tecnica no 01 SIAFIC<\/a><\/p>\n","protected":false},"excerpt":{"rendered":"<p>Nota Tecnica no 01 SIAFIC<\/p>\n","protected":false},"author":2,"featured_media":0,"parent":0,"menu_order":0,"comment_status":"closed","ping_status":"closed","template":"","meta":{"footnotes":""},"class_list":["post-18457","page","type-page","status-publish","hentry"],"_links":{"self":[{"href":"https:\/\/transparencia.tceam.tc.br\/index.php?rest_route=\/wp\/v2\/pages\/18457","targetHints":{"allow":["GET"]}}],"collection":[{"href":"https:\/\/transparencia.tceam.tc.br\/index.php?rest_route=\/wp\/v2\/pages"}],"about":[{"href":"https:\/\/transparencia.tceam.tc.br\/index.php?rest_route=\/wp\/v2\/types\/page"}],"author":[{"embeddable":true,"href":"https:\/\/transparencia.tceam.tc.br\/index.php?rest_route=\/wp\/v2\/users\/2"}],"replies":[{"embeddable":true,"href":"https:\/\/transparencia.tceam.tc.br\/index.php?rest_route=%2Fwp%2Fv2%2Fcomments&post=18457"}],"version-history":[{"count":17,"href":"https:\/\/transparencia.tceam.tc.br\/index.php?rest_route=\/wp\/v2\/pages\/18457\/revisions"}],"predecessor-version":[{"id":19753,"href":"https:\/\/transparencia.tceam.tc.br\/index.php?rest_route=\/wp\/v2\/pages\/18457\/revisions\/19753"}],"wp:attachment":[{"href":"https:\/\/transparencia.tceam.tc.br\/index.php?rest_route=%2Fwp%2Fv2%2Fmedia&parent=18457"}],"curies":[{"name":"wp","href":"https:\/\/api.w.org\/{rel}","templated":true}]}}