{"id":18445,"date":"2024-05-17T09:53:15","date_gmt":"2024-05-17T13:53:15","guid":{"rendered":"https:\/\/transparencia.tceam.tc.br\/?page_id=18445"},"modified":"2024-11-18T14:11:16","modified_gmt":"2024-11-18T18:11:16","slug":"obras-publicas-orientacao-tecnica","status":"publish","type":"page","link":"https:\/\/transparencia.tceam.tc.br\/?page_id=18445","title":{"rendered":"Obras P\u00fablicas (Orienta\u00e7\u00e3o T\u00e9cnica)"},"content":{"rendered":"\t\t<div data-elementor-type=\"wp-page\" data-elementor-id=\"18445\" class=\"elementor elementor-18445\" data-elementor-settings=\"{&quot;ha_cmc_init_switcher&quot;:&quot;no&quot;,&quot;element_pack_global_tooltip_width&quot;:{&quot;unit&quot;:&quot;px&quot;,&quot;size&quot;:&quot;&quot;,&quot;sizes&quot;:[]},&quot;element_pack_global_tooltip_width_tablet&quot;:{&quot;unit&quot;:&quot;px&quot;,&quot;size&quot;:&quot;&quot;,&quot;sizes&quot;:[]},&quot;element_pack_global_tooltip_width_mobile&quot;:{&quot;unit&quot;:&quot;px&quot;,&quot;size&quot;:&quot;&quot;,&quot;sizes&quot;:[]},&quot;element_pack_global_tooltip_padding&quot;:{&quot;unit&quot;:&quot;px&quot;,&quot;top&quot;:&quot;&quot;,&quot;right&quot;:&quot;&quot;,&quot;bottom&quot;:&quot;&quot;,&quot;left&quot;:&quot;&quot;,&quot;isLinked&quot;:true},&quot;element_pack_global_tooltip_padding_tablet&quot;:{&quot;unit&quot;:&quot;px&quot;,&quot;top&quot;:&quot;&quot;,&quot;right&quot;:&quot;&quot;,&quot;bottom&quot;:&quot;&quot;,&quot;left&quot;:&quot;&quot;,&quot;isLinked&quot;:true},&quot;element_pack_global_tooltip_padding_mobile&quot;:{&quot;unit&quot;:&quot;px&quot;,&quot;top&quot;:&quot;&quot;,&quot;right&quot;:&quot;&quot;,&quot;bottom&quot;:&quot;&quot;,&quot;left&quot;:&quot;&quot;,&quot;isLinked&quot;:true},&quot;element_pack_global_tooltip_border_radius&quot;:{&quot;unit&quot;:&quot;px&quot;,&quot;top&quot;:&quot;&quot;,&quot;right&quot;:&quot;&quot;,&quot;bottom&quot;:&quot;&quot;,&quot;left&quot;:&quot;&quot;,&quot;isLinked&quot;:true},&quot;element_pack_global_tooltip_border_radius_tablet&quot;:{&quot;unit&quot;:&quot;px&quot;,&quot;top&quot;:&quot;&quot;,&quot;right&quot;:&quot;&quot;,&quot;bottom&quot;:&quot;&quot;,&quot;left&quot;:&quot;&quot;,&quot;isLinked&quot;:true},&quot;element_pack_global_tooltip_border_radius_mobile&quot;:{&quot;unit&quot;:&quot;px&quot;,&quot;top&quot;:&quot;&quot;,&quot;right&quot;:&quot;&quot;,&quot;bottom&quot;:&quot;&quot;,&quot;left&quot;:&quot;&quot;,&quot;isLinked&quot;:true}}\" data-elementor-post-type=\"page\">\n\t\t\t\t\t\t<section class=\"elementor-section elementor-top-section elementor-element elementor-element-a9eea5f elementor-section-boxed elementor-section-height-default elementor-section-height-default\" data-id=\"a9eea5f\" data-element_type=\"section\" data-settings=\"{&quot;_ha_eqh_enable&quot;:false}\">\n\t\t\t\t\t\t<div class=\"elementor-container elementor-column-gap-default\">\n\t\t\t\t\t<div class=\"elementor-column elementor-col-100 elementor-top-column elementor-element elementor-element-60f6dc1\" data-id=\"60f6dc1\" data-element_type=\"column\">\n\t\t\t<div class=\"elementor-widget-wrap elementor-element-populated\">\n\t\t\t\t\t\t<div class=\"elementor-element elementor-element-241d0ec elementor-widget elementor-widget-wpfd_choose_category\" data-id=\"241d0ec\" data-element_type=\"widget\" data-widget_type=\"wpfd_choose_category.default\">\n\t\t\t\t<div class=\"elementor-widget-container\">\n\t\t\t\t\t<div id=\"wpfd-elementor-category\" class=\"wpfd-elementor-category\"><script type=\"text\/x-handlebars-template\" id=\"wpfd-template-ggd-box\">    {{#with file}}    <div class=\"dropblock wpfd-content\">        <a href=\"javascript:void(0)\" class=\"wpfd-close\"><\/a>        <div class=\"filecontent\">            <div class=\"ext ext-{{ext}} wpfd-icon-set-png\"><span class=\"txt\">{{ext}}<\/span><\/div><h3><a href=\"{{linkdownload}}\"   class=\"wpfd_downloadlink\" title=\"{{post_title}}\" target=\"{{#if remote_file}}_blank{{\/if}}\">{{{crop_title}}}<\/a><\/h3>            <div class=\"wpfd-extra\">                            <\/div>        <\/div>        <div class=\"extra-downloadlink\"><\/div>    <\/div>    {{\/with}}<\/script><div class=\"wpfd-content wpfd-content-ggd wpfd-content-multi\" data-category=\"517\"             style=\"background-color: rgba(255, 255, 255, 0)\"><input type=\"hidden\" id=\"current_category_517\" value=\"517\" \/>                    <input type=\"hidden\" id=\"current_category_slug_517\" value=\"obras-publicas\" \/>                    <input type=\"hidden\" id=\"current_ordering_517\" value=\"title\" \/>                    <input type=\"hidden\" id=\"current_ordering_direction_517\" value=\"desc\" \/>                    <input type=\"hidden\" id=\"page_limit_517\" value=\"100\" \/><input type=\"hidden\" id=\"wpfd_display_empty_category_message\" value=\"0\" \/><input type=\"hidden\" id=\"wpfd_empty_category_message_val\" value=\"This file category has no files to display\" \/><input type=\"hidden\" id=\"wpfd_display_empty_folder\" value=\"0\" \/><input type=\"hidden\" id=\"wpfd_is_empty_subcategories\" value=\"1\" \/><input type=\"hidden\" id=\"wpfd_is_empty_files\" value=\"1\" \/><input type=\"hidden\" id=\"wpfd_root_category_id\" class=\"wpfd_root_category_id\" value=\"517\" \/><input type=\"hidden\" id=\"wpfd_root_category_theme\" class=\"wpfd_root_category_theme\" value=\"ggd\" \/><input type=\"hidden\" id=\"wpfd_root_category_clone_theme_type\" class=\"wpfd_root_category_clone_theme_type\" value=\"none\" \/><input type=\"hidden\" id=\"wpfd_root_category_type\" class=\"wpfd_root_category_type\" value=\"517\" \/><ul class=\"breadcrumbs wpfd-breadcrumbs-ggd head-category-ggd\">                            <li class=\"active\">Obras p\u00fablicas<\/li>                        <\/ul><script type=\"text\/x-handlebars-template\" class=\"wpfd-template-categories\">    <div class=\"wpfd-categories \">{{#if category}}{{#with category}}<h2>{{name}}<\/h2>{{#if parent}}<a class=\"catlink backcategory\" href=\"#\" data-idcat=\"{{parent}}\">                        <i class=\"zmdi zmdi-chevron-left\"><\/i><span>Voltar<\/span><\/a>{{\/if}}{{\/with}}{{\/if}}{{#if categories}}{{#each categories}}<a class=\"wpfdcategory catlink \" style=\"margin : 5px 5px 5px 5px;\" href=\"#\" data-idcat=\"{{termID}}\" title=\"{{name}}\">                                <span>{{name}}<\/span><i class=\"zmdi zmdi-folder wpfd-folder\" style=\"color: {{color}}\"><\/i>                            <\/a>{{\/each}}{{\/if}}<div class=\"wpfdcategory_placeholder\" style=\"margin : 0 5px 0 5px;\"><\/div><div class=\"wpfdcategory_placeholder\" style=\"margin : 0 5px 0 5px;\"><\/div><div class=\"wpfdcategory_placeholder\" style=\"margin : 0 5px 0 5px;\"><\/div><\/div><\/script><script type=\"text\/x-handlebars-template\" class=\"wpfd-template-files\">    {{#if files}}    <div class=\"wpfd_list\">        {{#each files}}        <div class=\"file\" style=\"margin : 5px 5px 5px 5px;\"><a class=\"wpfd-file-link\" href=\"{{linkdownload}}\" data-category_id=\"{{catid}}\" data-id=\"{{ID}}\"><div class=\"dropblock\"><div class=\"ext ext-{{ext}} wpfd-icon-set-png\"><span class=\"txt\">{{ext}}<\/span><\/div><\/div><div class=\"droptitle\">{{{crop_title}}}<\/div><\/a><\/div>        {{\/each}}        <div class=\"wpfd-file-placeholder\" style=\"margin: 5px 5px 5px 5px\"><\/div><div class=\"wpfd-file-placeholder\" style=\"margin: 5px 5px 5px 5px\"><\/div><div class=\"wpfd-file-placeholder\" style=\"margin: 5px 5px 5px 5px\"><\/div>    <\/div>    {{\/if}}<\/script><div class=\"wpfd-container show_category_title show_breadcrumb show_subcategories\">        <div class=\"wpfd-open-tree\"><\/div>    <div class=\"wpfd-col wpfd-container-ggd \">            <div class=\"wpfd-categories \"><h2 class=\"wpfd-category-theme-title\">Obras p\u00fablicas<\/h2><a class=\"wpfdcategory catlink\" style=\"margin : 5px 5px 5px 5px;\" href=\"#\"                                   data-idcat=\"549\"                                   title=\"2024\">                                    <span>2024<\/span>                                    <i class=\"zmdi zmdi-folder wpfd-folder\" style=\"color: \"><\/i>                                <\/a><div class=\"wpfdcategory_placeholder\" style=\"margin : 0 5px 0 5px;\"><\/div><div class=\"wpfdcategory_placeholder\" style=\"margin : 0 5px 0 5px;\"><\/div><div class=\"wpfdcategory_placeholder\" style=\"margin : 0 5px 0 5px;\"><\/div><input type=\"hidden\" id=\"wpfd_subcategories_hover_color\" class=\"wpfd_subcategories_hover_color\" value=\"\" \/><\/div>                            <\/div><\/div><\/div><\/div>\t\t\t\t<\/div>\n\t\t\t\t<\/div>\n\t\t\t\t\t<\/div>\n\t\t<\/div>\n\t\t\t\t\t<\/div>\n\t\t<\/section>\n\t\t\t\t<\/div>\n\t\t","protected":false},"excerpt":{"rendered":"<p>Obras p\u00fablicas Obras p\u00fablicas Title Date added Download Nota_Tecnica_01_2024_DICOP 17\/05\/2024 Download<\/p>\n","protected":false},"author":2,"featured_media":0,"parent":0,"menu_order":0,"comment_status":"closed","ping_status":"closed","template":"","meta":{"footnotes":""},"class_list":["post-18445","page","type-page","status-publish","hentry"],"_links":{"self":[{"href":"https:\/\/transparencia.tceam.tc.br\/index.php?rest_route=\/wp\/v2\/pages\/18445","targetHints":{"allow":["GET"]}}],"collection":[{"href":"https:\/\/transparencia.tceam.tc.br\/index.php?rest_route=\/wp\/v2\/pages"}],"about":[{"href":"https:\/\/transparencia.tceam.tc.br\/index.php?rest_route=\/wp\/v2\/types\/page"}],"author":[{"embeddable":true,"href":"https:\/\/transparencia.tceam.tc.br\/index.php?rest_route=\/wp\/v2\/users\/2"}],"replies":[{"embeddable":true,"href":"https:\/\/transparencia.tceam.tc.br\/index.php?rest_route=%2Fwp%2Fv2%2Fcomments&post=18445"}],"version-history":[{"count":7,"href":"https:\/\/transparencia.tceam.tc.br\/index.php?rest_route=\/wp\/v2\/pages\/18445\/revisions"}],"predecessor-version":[{"id":18959,"href":"https:\/\/transparencia.tceam.tc.br\/index.php?rest_route=\/wp\/v2\/pages\/18445\/revisions\/18959"}],"wp:attachment":[{"href":"https:\/\/transparencia.tceam.tc.br\/index.php?rest_route=%2Fwp%2Fv2%2Fmedia&parent=18445"}],"curies":[{"name":"wp","href":"https:\/\/api.w.org\/{rel}","templated":true}]}}