{"id":16908,"date":"2023-08-02T10:55:32","date_gmt":"2023-08-02T14:55:32","guid":{"rendered":"https:\/\/transparencia.tceam.tc.br\/?page_id=16908"},"modified":"2023-08-04T11:09:42","modified_gmt":"2023-08-04T15:09:42","slug":"competencia-e-jurisdicao","status":"publish","type":"page","link":"https:\/\/transparencia.tceam.tc.br\/?page_id=16908","title":{"rendered":"Compet\u00eancia e Jurisdi\u00e7\u00e3o"},"content":{"rendered":"\t\t<div data-elementor-type=\"wp-page\" data-elementor-id=\"16908\" class=\"elementor elementor-16908\" data-elementor-settings=\"{&quot;ha_cmc_init_switcher&quot;:&quot;no&quot;,&quot;element_pack_global_tooltip_width&quot;:{&quot;unit&quot;:&quot;px&quot;,&quot;size&quot;:&quot;&quot;,&quot;sizes&quot;:[]},&quot;element_pack_global_tooltip_width_tablet&quot;:{&quot;unit&quot;:&quot;px&quot;,&quot;size&quot;:&quot;&quot;,&quot;sizes&quot;:[]},&quot;element_pack_global_tooltip_width_mobile&quot;:{&quot;unit&quot;:&quot;px&quot;,&quot;size&quot;:&quot;&quot;,&quot;sizes&quot;:[]},&quot;element_pack_global_tooltip_padding&quot;:{&quot;unit&quot;:&quot;px&quot;,&quot;top&quot;:&quot;&quot;,&quot;right&quot;:&quot;&quot;,&quot;bottom&quot;:&quot;&quot;,&quot;left&quot;:&quot;&quot;,&quot;isLinked&quot;:true},&quot;element_pack_global_tooltip_padding_tablet&quot;:{&quot;unit&quot;:&quot;px&quot;,&quot;top&quot;:&quot;&quot;,&quot;right&quot;:&quot;&quot;,&quot;bottom&quot;:&quot;&quot;,&quot;left&quot;:&quot;&quot;,&quot;isLinked&quot;:true},&quot;element_pack_global_tooltip_padding_mobile&quot;:{&quot;unit&quot;:&quot;px&quot;,&quot;top&quot;:&quot;&quot;,&quot;right&quot;:&quot;&quot;,&quot;bottom&quot;:&quot;&quot;,&quot;left&quot;:&quot;&quot;,&quot;isLinked&quot;:true},&quot;element_pack_global_tooltip_border_radius&quot;:{&quot;unit&quot;:&quot;px&quot;,&quot;top&quot;:&quot;&quot;,&quot;right&quot;:&quot;&quot;,&quot;bottom&quot;:&quot;&quot;,&quot;left&quot;:&quot;&quot;,&quot;isLinked&quot;:true},&quot;element_pack_global_tooltip_border_radius_tablet&quot;:{&quot;unit&quot;:&quot;px&quot;,&quot;top&quot;:&quot;&quot;,&quot;right&quot;:&quot;&quot;,&quot;bottom&quot;:&quot;&quot;,&quot;left&quot;:&quot;&quot;,&quot;isLinked&quot;:true},&quot;element_pack_global_tooltip_border_radius_mobile&quot;:{&quot;unit&quot;:&quot;px&quot;,&quot;top&quot;:&quot;&quot;,&quot;right&quot;:&quot;&quot;,&quot;bottom&quot;:&quot;&quot;,&quot;left&quot;:&quot;&quot;,&quot;isLinked&quot;:true}}\" data-elementor-post-type=\"page\">\n\t\t\t\t\t\t<section class=\"elementor-section elementor-top-section elementor-element elementor-element-263b8fd elementor-section-boxed elementor-section-height-default elementor-section-height-default\" data-id=\"263b8fd\" data-element_type=\"section\" data-settings=\"{&quot;_ha_eqh_enable&quot;:false}\">\n\t\t\t\t\t\t<div class=\"elementor-container elementor-column-gap-default\">\n\t\t\t\t\t<div class=\"elementor-column elementor-col-100 elementor-top-column elementor-element elementor-element-b7a97bb\" data-id=\"b7a97bb\" data-element_type=\"column\">\n\t\t\t<div class=\"elementor-widget-wrap elementor-element-populated\">\n\t\t\t\t\t\t<div class=\"elementor-element elementor-element-52a548c elementor-widget elementor-widget-text-editor\" data-id=\"52a548c\" data-element_type=\"widget\" data-widget_type=\"text-editor.default\">\n\t\t\t\t<div class=\"elementor-widget-container\">\n\t\t\t\t\t\t\t\t\t<p>O Tribunal de Contas do Estado do Amazonas (TCE-AM) \u00e9 o \u00f3rg\u00e3o destinado \u00e0 fiscaliza\u00e7\u00e3o cont\u00e1bil, financeira, or\u00e7ament\u00e1ria, operacional e patrimonial do Estado e dos Munic\u00edpios, auxiliar dos Poderes Legislativos Estadual e Municipais, no controle externo, nos termos da Constitui\u00e7\u00e3o Estadual e na forma da Lei Org\u00e2nica do TCE-AM. Entre as compet\u00eancias do TCE-AM est\u00e3o apreciar e emitir parecer pr\u00e9vio sobre as contas prestadas anualmente pelo Governador do Estado e pelos Prefeitos Municipais; julgar, no \u00e2mbito das Administra\u00e7\u00f5es Estadual e Municipais as contas:<\/p><p>a) dos gestores e ordenadores, incluindo o Chefe do Poder Executivo quando ordenar despesas;<\/p><p>b) dos demais respons\u00e1veis por bens e valores p\u00fablicos das Administra\u00e7\u00f5es Diretas e Autarquias, Empresas\u00a0 P\u00fablicas, Sociedades de Economia Mista e Funda\u00e7\u00f5es institu\u00eddas ou mantidas pelos Poderes P\u00fablicos Estadual e Municipais;<\/p><p>c) dos cons\u00f3rcios institu\u00eddos e mantidos por entidades p\u00fablicas na forma da legisla\u00e7\u00e3o pertinente;<\/p><p>d) das entidades controladas direta ou indiretamente pelos entes;<\/p><p>e) de todos aqueles que derem causa a perda, extravio ou outra irregularidade de que resulte dano ao Er\u00e1rio.<\/p><p>Compete ao TCE-AM, entre outros, acompanhar e fiscalizar a arrecada\u00e7\u00e3o da receita dos Poderes P\u00fablicos sobre os quais tenha jurisdi\u00e7\u00e3o, bem como as ren\u00fancias de receitas promovidas por eles; apreciar, no \u00e2mbito das Administra\u00e7\u00f5es Estadual e Municipais, para fins de registro, a legalidade dos atos de admiss\u00e3o de pessoal, a qualquer t\u00edtulo, na administra\u00e7\u00e3o direta e autarquias, empresas p\u00fablicas, sociedades de economia mista e funda\u00e7\u00f5es institu\u00eddas ou mantidas pelo Poder P\u00fablico, excetuadas as nomea\u00e7\u00f5es para cargo de provimento em comiss\u00e3o; apreciar, para fins de registro, a legalidade dos atos concess\u00f3rios de aposentadoria, reforma e transfer\u00eancia militares e pens\u00e3o, bem assim os seus cancelamentos ou cassa\u00e7\u00f5es, ressalvada melhoria posterior que n\u00e3o altere o fundamento legal da concess\u00e3o; avaliar a execu\u00e7\u00e3o das metas previstas no plano plurianual, nas diretrizes or\u00e7ament\u00e1rias e no or\u00e7amento anual; realizar, por iniciativa pr\u00f3pria, da Assembleia Legislativa, de comiss\u00e3o t\u00e9cnica ou de inqu\u00e9rito, inspe\u00e7\u00f5es e auditorias de natureza cont\u00e1bil, financeira, or\u00e7ament\u00e1ria, operacional e patrimonial, nos \u00f3rg\u00e3os dos Poderes Legislativo, Executivo e Judici\u00e1rio, do Minist\u00e9rio P\u00fablico e demais entidades referidas no inciso II deste artigo, inclusive o Tribunal de Contas; fiscalizar a aplica\u00e7\u00e3o de quaisquer recursos repassados pelo Estado e Munic\u00edpios mediante conv\u00eanio, acordo, ajuste ou outros instrumentos cong\u00eaneres, inclusive os repasses para entidades privadas de car\u00e1ter assistencial, que exer\u00e7am atividades de relevante interesse p\u00fablico, sem fins lucrativos, assim declaradas em lei, ou que se vinculem ao Estado ou ao Munic\u00edpio no regime de colabora\u00e7\u00e3o, entre as quais aquelas que formalizarem acordos de Parceria P\u00fablico Privada, Organiza\u00e7\u00f5es Sociais, Servi\u00e7os Sociais Aut\u00f4nomos e Organiza\u00e7\u00f5es Civis de Interesse P\u00fablico, por contratos de gest\u00e3o, termos de parceria ou instrumentos cong\u00eaneres; fiscalizar a aplica\u00e7\u00e3o de qualquer recurso repassado pelo Estado, mediante conv\u00eanio, acordo, ajuste ou instrumento cong\u00eanere; prestar as informa\u00e7\u00f5es solicitadas pela Assembleia Legislativa ou por comiss\u00e3o t\u00e9cnica sobre a fiscaliza\u00e7\u00e3o cont\u00e1bil, financeira, or\u00e7ament\u00e1ria, operacional e patrimonial, bem como sobre resultados de auditorias e inspe\u00e7\u00f5es realizadas.<\/p><p>No \u00e2mbito de sua compet\u00eancia e jurisdi\u00e7\u00e3o, compete, ainda, ao TCE-AM, assistir o poder regulamentar, podendo, em consequ\u00eancia, expedir atos e instru\u00e7\u00f5es normativas sobre mat\u00e9ria de suas atribui\u00e7\u00f5es e sobre a organiza\u00e7\u00e3o dos processos que lhe devam ser submetidos, obrigando ao seu cumprimento, sob pena de responsabilidade. No julgamento de contas e na fiscaliza\u00e7\u00e3o que lhe compete, o Tribunal decidir\u00e1 sobre a legalidade, legitimidade e economicidade dos atos e das despesas deles decorrentes, procedimentos licitat\u00f3rios e dos termos de autoriza\u00e7\u00e3o, concess\u00e3o, cess\u00e3o, doa\u00e7\u00e3o, permiss\u00e3o de qualquer natureza a t\u00edtulo oneroso ou gratuito, bem como a aplica\u00e7\u00e3o de subven\u00e7\u00f5es e ren\u00fancia de receitas.<\/p><p style=\"text-align: center;\">\u00a0<\/p>\t\t\t\t\t\t\t\t<\/div>\n\t\t\t\t<\/div>\n\t\t\t\t\t<\/div>\n\t\t<\/div>\n\t\t\t\t\t<\/div>\n\t\t<\/section>\n\t\t\t\t<\/div>\n\t\t","protected":false},"excerpt":{"rendered":"<p>O Tribunal de Contas do Estado do Amazonas (TCE-AM) \u00e9 o \u00f3rg\u00e3o destinado \u00e0 fiscaliza\u00e7\u00e3o cont\u00e1bil, financeira, or\u00e7ament\u00e1ria, operacional e patrimonial do Estado e dos Munic\u00edpios, auxiliar dos Poderes Legislativos Estadual e Municipais, no controle externo, nos termos da Constitui\u00e7\u00e3o Estadual e na forma da Lei Org\u00e2nica do TCE-AM. Entre as compet\u00eancias do TCE-AM est\u00e3o [&hellip;]<\/p>\n","protected":false},"author":22,"featured_media":0,"parent":0,"menu_order":0,"comment_status":"closed","ping_status":"closed","template":"","meta":{"footnotes":""},"class_list":["post-16908","page","type-page","status-publish","hentry"],"_links":{"self":[{"href":"https:\/\/transparencia.tceam.tc.br\/index.php?rest_route=\/wp\/v2\/pages\/16908","targetHints":{"allow":["GET"]}}],"collection":[{"href":"https:\/\/transparencia.tceam.tc.br\/index.php?rest_route=\/wp\/v2\/pages"}],"about":[{"href":"https:\/\/transparencia.tceam.tc.br\/index.php?rest_route=\/wp\/v2\/types\/page"}],"author":[{"embeddable":true,"href":"https:\/\/transparencia.tceam.tc.br\/index.php?rest_route=\/wp\/v2\/users\/22"}],"replies":[{"embeddable":true,"href":"https:\/\/transparencia.tceam.tc.br\/index.php?rest_route=%2Fwp%2Fv2%2Fcomments&post=16908"}],"version-history":[{"count":12,"href":"https:\/\/transparencia.tceam.tc.br\/index.php?rest_route=\/wp\/v2\/pages\/16908\/revisions"}],"predecessor-version":[{"id":16976,"href":"https:\/\/transparencia.tceam.tc.br\/index.php?rest_route=\/wp\/v2\/pages\/16908\/revisions\/16976"}],"wp:attachment":[{"href":"https:\/\/transparencia.tceam.tc.br\/index.php?rest_route=%2Fwp%2Fv2%2Fmedia&parent=16908"}],"curies":[{"name":"wp","href":"https:\/\/api.w.org\/{rel}","templated":true}]}}