{"id":16683,"date":"2023-07-25T14:11:06","date_gmt":"2023-07-25T18:11:06","guid":{"rendered":"https:\/\/transparencia.tceam.tc.br\/?page_id=16683"},"modified":"2025-04-28T14:20:19","modified_gmt":"2025-04-28T18:20:19","slug":"valor-das-condenacoes-debitos-e-multas-de-processos-de-cobranca-executiva","status":"publish","type":"page","link":"https:\/\/transparencia.tceam.tc.br\/?page_id=16683","title":{"rendered":"Valor das condena\u00e7\u00f5es (d\u00e9bitos e multas) imputados por decis\u00f5es do TCE\/AM"},"content":{"rendered":"<p>&nbsp;<\/p>\n<h2 class=\"wpdt-c\" id=\"wdt-table-title-377\">Valor das condena\u00e7\u00f5es (d\u00e9bitos e multas) imputadas por decis\u00f5es do TCE-AM<\/h2>\n<div class=\"wpdt-c wdt-skin-light\">\n    \n    <input type=\"hidden\" id=\"wdtNonceFrontendServerSide_377\" name=\"wdtNonceFrontendServerSide_377\" value=\"16a4ea4be9\" \/><input type=\"hidden\" name=\"_wp_http_referer\" value=\"\/index.php?rest_route=%2Fwp%2Fv2%2Fpages%2F16683\" \/>    <input type=\"hidden\" id=\"table_1_desc\"\n           value='{\"tableId\":\"table_1\",\"tableType\":\"manual\",\"selector\":\"#table_1\",\"responsive\":false,\"responsiveAction\":\"icon\",\"editable\":false,\"inlineEditing\":false,\"infoBlock\":true,\"pagination_top\":0,\"pagination\":true,\"paginationAlign\":\"right\",\"paginationLayout\":\"full_numbers\",\"paginationLayoutMobile\":\"simple\",\"file_location\":\"\",\"tableSkin\":\"light\",\"table_wcag\":0,\"simple_template_id\":0,\"scrollable\":false,\"fixedLayout\":false,\"globalSearch\":true,\"showRowsPerPage\":true,\"popoverTools\":false,\"loader\":\"1\",\"showCartInformation\":1,\"hideBeforeLoad\":false,\"number_format\":1,\"decimalPlaces\":3,\"spinnerSrc\":\"https:\\\/\\\/transparencia.tceam.tc.br\\\/wp-content\\\/plugins\\\/wpdatatables\\\/assets\\\/\\\/img\\\/spinner.gif\",\"groupingEnabled\":false,\"tableWpId\":377,\"dataTableParams\":{\"sDom\":\"BT\\u003C\\u0027clear\\u0027\\u003Elftip\",\"bSortCellsTop\":false,\"bFilter\":true,\"bPaginate\":true,\"sPaginationType\":\"full_numbers\",\"aLengthMenu\":[[1,5,10,25,50,100,-1],[1,5,10,25,50,100,\"All\"]],\"iDisplayLength\":10,\"columnDefs\":[{\"sType\":\"formatted-num\",\"wdtType\":\"int\",\"bVisible\":false,\"orderable\":true,\"searchable\":true,\"InputType\":null,\"name\":\"wdt_ID\",\"origHeader\":\"wdt_ID\",\"notNull\":false,\"conditionalFormattingRules\":[],\"transformValueRules\":\"\",\"className\":\"numdata integer  column-wdt_id\",\"aTargets\":[0]},{\"sType\":\"string\",\"wdtType\":\"string\",\"bVisible\":false,\"orderable\":true,\"searchable\":true,\"InputType\":null,\"name\":\"wdt_created_by\",\"origHeader\":\"wdt_created_by\",\"notNull\":false,\"conditionalFormattingRules\":[],\"transformValueRules\":\"\",\"className\":\" column-wdt_created_by\",\"aTargets\":[1]},{\"sType\":\"date-custom\",\"wdtType\":\"datetime\",\"bVisible\":false,\"orderable\":true,\"searchable\":true,\"InputType\":\"datetime\",\"name\":\"wdt_created_at\",\"origHeader\":\"wdt_created_at\",\"notNull\":false,\"conditionalFormattingRules\":[],\"transformValueRules\":\"\",\"className\":\" column-wdt_created_at\",\"aTargets\":[2]},{\"sType\":\"string\",\"wdtType\":\"string\",\"bVisible\":false,\"orderable\":true,\"searchable\":true,\"InputType\":null,\"name\":\"wdt_last_edited_by\",\"origHeader\":\"wdt_last_edited_by\",\"notNull\":false,\"conditionalFormattingRules\":[],\"transformValueRules\":\"\",\"className\":\" column-wdt_last_edited_by\",\"aTargets\":[3]},{\"sType\":\"date-custom\",\"wdtType\":\"datetime\",\"bVisible\":false,\"orderable\":true,\"searchable\":true,\"InputType\":\"datetime\",\"name\":\"wdt_last_edited_at\",\"origHeader\":\"wdt_last_edited_at\",\"notNull\":false,\"conditionalFormattingRules\":[],\"transformValueRules\":\"\",\"className\":\" column-wdt_last_edited_at\",\"aTargets\":[4]},{\"sType\":\"formatted-num\",\"wdtType\":\"int\",\"bVisible\":true,\"orderable\":true,\"searchable\":true,\"InputType\":\"text\",\"name\":\"ano\",\"origHeader\":\"ano\",\"notNull\":false,\"conditionalFormattingRules\":[],\"transformValueRules\":\"\",\"className\":\"numdata integer  column-ano\",\"aTargets\":[5]},{\"sType\":\"string\",\"wdtType\":\"string\",\"bVisible\":true,\"orderable\":true,\"searchable\":true,\"InputType\":\"text\",\"name\":\"alcance\",\"origHeader\":\"alcance\",\"notNull\":false,\"conditionalFormattingRules\":[],\"transformValueRules\":\"\",\"className\":\" column-alcance\",\"aTargets\":[6]},{\"sType\":\"string\",\"wdtType\":\"string\",\"bVisible\":true,\"orderable\":true,\"searchable\":true,\"InputType\":\"text\",\"name\":\"alcanceporresponsabilidadesolidria\",\"origHeader\":\"alcanceporresponsabilidadesolidria\",\"notNull\":false,\"conditionalFormattingRules\":[],\"transformValueRules\":\"\",\"className\":\" column-alcanceporresponsabilidadesolidria\",\"aTargets\":[7]},{\"sType\":\"string\",\"wdtType\":\"string\",\"bVisible\":true,\"orderable\":true,\"searchable\":true,\"InputType\":\"text\",\"name\":\"multa\",\"origHeader\":\"multa\",\"notNull\":false,\"conditionalFormattingRules\":[],\"transformValueRules\":\"\",\"className\":\" column-multa\",\"aTargets\":[8]}],\"bAutoWidth\":false,\"order\":[[0,\"asc\"]],\"ordering\":true,\"fixedHeader\":{\"header\":false,\"headerOffset\":0},\"fixedColumns\":false,\"oLanguage\":{\"sProcessing\":\"Processando...\",\"sLengthMenu\":\"Mostrar _MENU_ registros\",\"sZeroRecords\":\"N\\u00e3o foram encontrados resultados\",\"sInfo\":\"Mostrando de _START_ at\\u00e9 _END_ de _TOTAL_ registros\",\"sInfoEmpty\":\"Mostrando de 0 at\\u00e9 0 de 0 registros\",\"sInfoFiltered\":\"(filtrado de _MAX_ registros no total)\",\"sInfoPostFix\":\"\",\"sSearch\":\"Buscar:\",\"sSearchPlaceholder\":\"\",\"sUrl\":\"\",\"oPaginate\":{\"sFirst\":\"Primeiro\",\"sPrevious\":\"Anterior\",\"sNext\":\"Seguinte\",\"sLast\":\"\\u00daltimo\"}},\"buttons\":[{\"extend\":\"print\",\"exportOptions\":{\"columns\":\":visible\",\"stripHtml\":true},\"className\":\"DTTT_button DTTT_button_print\",\"title\":\"Valor das condena\\u00e7\\u00f5es (d\\u00e9bitos e multas) imputadas por decis\\u00f5es do TCE-AM\",\"text\":\"Print\"},{\"extend\":\"excelHtml5\",\"exportOptions\":{\"columns\":\":visible\",\"stripHtml\":true},\"className\":\"DTTT_button DTTT_button_xls\",\"filename\":\"Valor das condena\\u00e7\\u00f5es (d\\u00e9bitos e multas) imputadas por decis\\u00f5es do TCE-AM\",\"title\":null,\"text\":\"Excel\"},{\"extend\":\"csvHtml5\",\"exportOptions\":{\"columns\":\":visible\",\"stripHtml\":true},\"className\":\"DTTT_button DTTT_button_csv\",\"title\":\"Valor das condena\\u00e7\\u00f5es (d\\u00e9bitos e multas) imputadas por decis\\u00f5es do TCE-AM\",\"text\":\"CSV\"},{\"extend\":\"copyHtml5\",\"exportOptions\":{\"columns\":\":visible\",\"stripHtml\":true},\"className\":\"DTTT_button DTTT_button_copy\",\"filename\":\"Valor das condena\\u00e7\\u00f5es (d\\u00e9bitos e multas) imputadas por decis\\u00f5es do TCE-AM\",\"title\":null,\"text\":\"Copy\"}],\"bProcessing\":false,\"serverSide\":true,\"ajax\":{\"url\":\"https:\\\/\\\/transparencia.tceam.tc.br\\\/wp-admin\\\/admin-ajax.php?action=get_wdtable&table_id=377\",\"type\":\"POST\"},\"oSearch\":{\"bSmart\":false,\"bRegex\":false,\"sSearch\":\"\"}},\"customRowDisplay\":\"\",\"tabletWidth\":\"800\",\"mobileWidth\":\"480\",\"renderFilter\":\"footer\",\"advancedFilterEnabled\":true,\"advancedFilterOptions\":{\"aoColumns\":[{\"type\":\"null\",\"columnType\":\"int\",\"numberOfDecimalPlaces\":\"3\",\"possibleValuesType\":\"read\",\"globalSearchColumn\":1,\"values\":null,\"origHeader\":\"wdt_ID\",\"displayHeader\":\"wdt_ID\",\"possibleValuesAddEmpty\":false,\"possibleValuesAjax\":10,\"column_align_fields\":\"\",\"defaultValue\":\"\",\"column_align_header\":\"\",\"column_rotate_header_name\":\"\",\"exactFiltering\":false,\"filterLabel\":\"\",\"searchInSelectBox\":1,\"searchInSelectBoxEditing\":1,\"checkboxesInModal\":0,\"andLogic\":0,\"linkButtonLabel\":\"\",\"rangeSlider\":false,\"rangeMaxValueDisplay\":\"0\",\"customMaxRangeValue\":\"0\"},{\"type\":\"null\",\"columnType\":\"string\",\"numberOfDecimalPlaces\":\"3\",\"possibleValuesType\":\"read\",\"globalSearchColumn\":1,\"values\":null,\"origHeader\":\"wdt_created_by\",\"displayHeader\":\"wdt_created_by\",\"possibleValuesAddEmpty\":false,\"possibleValuesAjax\":10,\"column_align_fields\":\"\",\"defaultValue\":\"\",\"column_align_header\":\"\",\"column_rotate_header_name\":\"\",\"exactFiltering\":false,\"filterLabel\":\"\",\"searchInSelectBox\":1,\"searchInSelectBoxEditing\":1,\"checkboxesInModal\":0,\"andLogic\":0,\"linkButtonLabel\":\"\",\"rangeSlider\":false,\"rangeMaxValueDisplay\":\"0\",\"customMaxRangeValue\":\"0\"},{\"type\":\"null\",\"columnType\":\"datetime\",\"numberOfDecimalPlaces\":\"3\",\"possibleValuesType\":\"read\",\"globalSearchColumn\":1,\"values\":null,\"origHeader\":\"wdt_created_at\",\"displayHeader\":\"wdt_created_at\",\"possibleValuesAddEmpty\":false,\"possibleValuesAjax\":10,\"column_align_fields\":\"\",\"defaultValue\":\"\",\"column_align_header\":\"\",\"column_rotate_header_name\":\"\",\"exactFiltering\":false,\"filterLabel\":\"\",\"searchInSelectBox\":1,\"searchInSelectBoxEditing\":1,\"checkboxesInModal\":0,\"andLogic\":0,\"linkButtonLabel\":\"\",\"rangeSlider\":false,\"rangeMaxValueDisplay\":\"0\",\"customMaxRangeValue\":\"0\"},{\"type\":\"null\",\"columnType\":\"string\",\"numberOfDecimalPlaces\":\"3\",\"possibleValuesType\":\"read\",\"globalSearchColumn\":1,\"values\":null,\"origHeader\":\"wdt_last_edited_by\",\"displayHeader\":\"wdt_last_edited_by\",\"possibleValuesAddEmpty\":false,\"possibleValuesAjax\":10,\"column_align_fields\":\"\",\"defaultValue\":\"\",\"column_align_header\":\"\",\"column_rotate_header_name\":\"\",\"exactFiltering\":false,\"filterLabel\":\"\",\"searchInSelectBox\":1,\"searchInSelectBoxEditing\":1,\"checkboxesInModal\":0,\"andLogic\":0,\"linkButtonLabel\":\"\",\"rangeSlider\":false,\"rangeMaxValueDisplay\":\"0\",\"customMaxRangeValue\":\"0\"},{\"type\":\"null\",\"columnType\":\"datetime\",\"numberOfDecimalPlaces\":\"3\",\"possibleValuesType\":\"read\",\"globalSearchColumn\":1,\"values\":null,\"origHeader\":\"wdt_last_edited_at\",\"displayHeader\":\"wdt_last_edited_at\",\"possibleValuesAddEmpty\":false,\"possibleValuesAjax\":10,\"column_align_fields\":\"\",\"defaultValue\":\"\",\"column_align_header\":\"\",\"column_rotate_header_name\":\"\",\"exactFiltering\":false,\"filterLabel\":\"\",\"searchInSelectBox\":1,\"searchInSelectBoxEditing\":1,\"checkboxesInModal\":0,\"andLogic\":0,\"linkButtonLabel\":\"\",\"rangeSlider\":false,\"rangeMaxValueDisplay\":\"0\",\"customMaxRangeValue\":\"0\"},{\"type\":\"number\",\"columnType\":\"int\",\"numberOfDecimalPlaces\":\"3\",\"possibleValuesType\":\"read\",\"globalSearchColumn\":1,\"values\":null,\"origHeader\":\"ano\",\"displayHeader\":\"Ano\",\"possibleValuesAddEmpty\":false,\"possibleValuesAjax\":-1,\"column_align_fields\":\"\",\"defaultValue\":\"\",\"column_align_header\":\"\",\"column_rotate_header_name\":\"\",\"exactFiltering\":false,\"filterLabel\":\"\",\"searchInSelectBox\":1,\"searchInSelectBoxEditing\":1,\"checkboxesInModal\":0,\"andLogic\":0,\"linkButtonLabel\":\"\",\"rangeSlider\":false,\"rangeMaxValueDisplay\":\"default\",\"customMaxRangeValue\":\"0\"},{\"type\":\"text\",\"columnType\":\"string\",\"numberOfDecimalPlaces\":\"3\",\"possibleValuesType\":\"read\",\"globalSearchColumn\":1,\"values\":null,\"origHeader\":\"alcance\",\"displayHeader\":\"Alcance\",\"possibleValuesAddEmpty\":false,\"possibleValuesAjax\":10,\"column_align_fields\":\"\",\"defaultValue\":\"\",\"column_align_header\":\"\",\"column_rotate_header_name\":\"\",\"exactFiltering\":false,\"filterLabel\":\"\",\"searchInSelectBox\":1,\"searchInSelectBoxEditing\":1,\"checkboxesInModal\":0,\"andLogic\":0,\"linkButtonLabel\":\"\",\"rangeSlider\":false,\"rangeMaxValueDisplay\":\"default\",\"customMaxRangeValue\":\"0\"},{\"type\":\"text\",\"columnType\":\"string\",\"numberOfDecimalPlaces\":\"3\",\"possibleValuesType\":\"read\",\"globalSearchColumn\":1,\"values\":null,\"origHeader\":\"alcanceporresponsabilidadesolidria\",\"displayHeader\":\"Alcance por Responsabilidade Solid\\u00e1ria\",\"possibleValuesAddEmpty\":false,\"possibleValuesAjax\":10,\"column_align_fields\":\"\",\"defaultValue\":\"\",\"column_align_header\":\"\",\"column_rotate_header_name\":\"\",\"exactFiltering\":false,\"filterLabel\":\"\",\"searchInSelectBox\":1,\"searchInSelectBoxEditing\":1,\"checkboxesInModal\":0,\"andLogic\":0,\"linkButtonLabel\":\"\",\"rangeSlider\":false,\"rangeMaxValueDisplay\":\"default\",\"customMaxRangeValue\":\"0\"},{\"type\":\"text\",\"columnType\":\"string\",\"numberOfDecimalPlaces\":\"3\",\"possibleValuesType\":\"read\",\"globalSearchColumn\":1,\"values\":null,\"origHeader\":\"multa\",\"displayHeader\":\"Multa\",\"possibleValuesAddEmpty\":false,\"possibleValuesAjax\":10,\"column_align_fields\":\"\",\"defaultValue\":\"\",\"column_align_header\":\"\",\"column_rotate_header_name\":\"\",\"exactFiltering\":false,\"filterLabel\":\"\",\"searchInSelectBox\":1,\"searchInSelectBoxEditing\":1,\"checkboxesInModal\":0,\"andLogic\":0,\"linkButtonLabel\":\"\",\"rangeSlider\":false,\"rangeMaxValueDisplay\":\"default\",\"customMaxRangeValue\":\"0\"}],\"bUseColVis\":true},\"filterInForm\":false,\"serverSide\":true,\"autoRefreshInterval\":0,\"processing\":true,\"fnServerData\":true,\"columnsFixed\":0,\"sumFunctionsLabel\":\"\",\"avgFunctionsLabel\":\"\",\"minFunctionsLabel\":\"\",\"maxFunctionsLabel\":\"glaucio\",\"columnsDecimalPlaces\":{\"wdt_ID\":-1,\"wdt_created_by\":-1,\"wdt_created_at\":-1,\"wdt_last_edited_by\":-1,\"wdt_last_edited_at\":-1,\"ano\":-1,\"alcance\":-1,\"alcanceporresponsabilidadesolidria\":-1,\"multa\":-1},\"columnsThousandsSeparator\":{\"wdt_ID\":0,\"ano\":1},\"sumColumns\":[],\"avgColumns\":[],\"sumAvgColumns\":[],\"timeFormat\":\"H:i\",\"datepickFormat\":\"dd\\\/mm\\\/yy\"}'\/>\n\n    <table id=\"table_1\"\n           class=\"   display nowrap wdt-no-display data-t data-t wpDataTable wpDataTableID-377 \"\n           style=\"\"\n           data-described-by='table_1_desc'\n           data-wpdatatable_id=\"377\">\n        \n        <!-- Table header -->\n        \n<thead>\n<tr>\n                    <th\n                        class=\" wdtheader sort numdata integer \"\n        style=\"\">        wdt_ID<\/th>        <th\n                        class=\" wdtheader sort \"\n        style=\"\">        wdt_created_by<\/th>        <th\n                        class=\" wdtheader sort \"\n        style=\"\">        wdt_created_at<\/th>        <th\n                        class=\" wdtheader sort \"\n        style=\"\">        wdt_last_edited_by<\/th>        <th\n                        class=\" wdtheader sort \"\n        style=\"\">        wdt_last_edited_at<\/th>        <th\n        data-class=\"expand\"                class=\" wdtheader sort numdata integer \"\n        style=\"\">        Ano<\/th>        <th\n                        class=\" wdtheader sort \"\n        style=\"\">        Alcance<\/th>        <th\n                        class=\" wdtheader sort \"\n        style=\"\">        Alcance por Responsabilidade Solid\u00e1ria<\/th>        <th\n                        class=\" wdtheader sort \"\n        style=\"\">        Multa<\/th>    <\/tr>\n<\/thead>\n        <!-- \/Table header -->\n\n        <!-- Table body -->\n        \n<tbody>\n<!-- Table body -->\n<div data-id=\"377\"\n     class=\"wdt-timeline-item wdt-timeline-table_1\"\n     style=\"\">\n    <div class=\"wdt-table-loader\">\n        <div class=\"wdt-table-loader-row wdt-table-loader-header\">\n            <div class=\"wdt-table-loader-header-cell wdt-animated-background\"><\/div>\n            <div class=\"wdt-table-loader-header-cell wdt-animated-background\"><\/div>\n            <div class=\"wdt-table-loader-header-cell wdt-animated-background\"><\/div>\n        <\/div>\n                    <div class=\"wdt-table-loader-row\">\n                <div class=\"wdt-table-loader-cell wdt-animated-background\"><\/div>\n                <div class=\"wdt-table-loader-cell wdt-animated-background\"><\/div>\n                <div class=\"wdt-table-loader-cell wdt-animated-background\"><\/div>\n            <\/div>\n                    <div class=\"wdt-table-loader-row\">\n                <div class=\"wdt-table-loader-cell wdt-animated-background\"><\/div>\n                <div class=\"wdt-table-loader-cell wdt-animated-background\"><\/div>\n                <div class=\"wdt-table-loader-cell wdt-animated-background\"><\/div>\n            <\/div>\n                    <div class=\"wdt-table-loader-row\">\n                <div class=\"wdt-table-loader-cell wdt-animated-background\"><\/div>\n                <div class=\"wdt-table-loader-cell wdt-animated-background\"><\/div>\n                <div class=\"wdt-table-loader-cell wdt-animated-background\"><\/div>\n            <\/div>\n                    <div class=\"wdt-table-loader-row\">\n                <div class=\"wdt-table-loader-cell wdt-animated-background\"><\/div>\n                <div class=\"wdt-table-loader-cell wdt-animated-background\"><\/div>\n                <div class=\"wdt-table-loader-cell wdt-animated-background\"><\/div>\n            <\/div>\n                    <div class=\"wdt-table-loader-row\">\n                <div class=\"wdt-table-loader-cell wdt-animated-background\"><\/div>\n                <div class=\"wdt-table-loader-cell wdt-animated-background\"><\/div>\n                <div class=\"wdt-table-loader-cell wdt-animated-background\"><\/div>\n            <\/div>\n                    <div class=\"wdt-table-loader-row\">\n                <div class=\"wdt-table-loader-cell wdt-animated-background\"><\/div>\n                <div class=\"wdt-table-loader-cell wdt-animated-background\"><\/div>\n                <div class=\"wdt-table-loader-cell wdt-animated-background\"><\/div>\n            <\/div>\n            <\/div>\n<\/div><!-- \/Table body -->\n                    <tr id=\"table_377_row_0\"\n            data-row-index=\"0\">\n                            <td style=\"\">1<\/td>\n                            <td style=\"\">nataly.david<\/td>\n                            <td style=\"\">25\/04\/2025 12:28<\/td>\n                            <td style=\"\">nataly.david<\/td>\n                            <td style=\"\">25\/04\/2025 12:28<\/td>\n                            <td style=\"\">2.024<\/td>\n                            <td style=\"\">R$122,758,338.15<\/td>\n                            <td style=\"\">R$50,951,660.25<\/td>\n                            <td style=\"\">R$11,635,851.95<\/td>\n                    <\/tr>\n                            <tr id=\"table_377_row_1\"\n            data-row-index=\"1\">\n                            <td style=\"\">2<\/td>\n                            <td style=\"\">nataly.david<\/td>\n                            <td style=\"\">25\/04\/2025 12:28<\/td>\n                            <td style=\"\">nataly.david<\/td>\n                            <td style=\"\">25\/04\/2025 12:28<\/td>\n                            <td style=\"\">2.023<\/td>\n                            <td style=\"\">R$ 96.474.468,03<\/td>\n                            <td style=\"\">R$ 5.698.364,54<\/td>\n                            <td style=\"\">R$ 6.538.833,90<\/td>\n                    <\/tr>\n                            <tr id=\"table_377_row_2\"\n            data-row-index=\"2\">\n                            <td style=\"\">3<\/td>\n                            <td style=\"\">nataly.david<\/td>\n                            <td style=\"\">25\/04\/2025 12:28<\/td>\n                            <td style=\"\">nataly.david<\/td>\n                            <td style=\"\">25\/04\/2025 12:28<\/td>\n                            <td style=\"\">2.022<\/td>\n                            <td style=\"\">R$ 94.046.342,84<\/td>\n                            <td style=\"\">R$ 88.648.117,98<\/td>\n                            <td style=\"\">R$ 9.970.613,52<\/td>\n                    <\/tr>\n                            <tr id=\"table_377_row_3\"\n            data-row-index=\"3\">\n                            <td style=\"\">4<\/td>\n                            <td style=\"\">nataly.david<\/td>\n                            <td style=\"\">25\/04\/2025 12:28<\/td>\n                            <td style=\"\">nataly.david<\/td>\n                            <td style=\"\">25\/04\/2025 12:28<\/td>\n                            <td style=\"\">2.021<\/td>\n                            <td style=\"\">R$ 61.858.728,05<\/td>\n                            <td style=\"\">R$ 45.085.653,96<\/td>\n                            <td style=\"\">R$ 7.614.763,11<\/td>\n                    <\/tr>\n                            <tr id=\"table_377_row_4\"\n            data-row-index=\"4\">\n                            <td style=\"\">5<\/td>\n                            <td style=\"\">nataly.david<\/td>\n                            <td style=\"\">25\/04\/2025 12:28<\/td>\n                            <td style=\"\">nataly.david<\/td>\n                            <td style=\"\">25\/04\/2025 12:28<\/td>\n                            <td style=\"\">2.020<\/td>\n                            <td style=\"\">R$ 147.925.189,50<\/td>\n                            <td style=\"\">R$ 22.654.934,60<\/td>\n                            <td style=\"\">R$ 6.960.756,55<\/td>\n                    <\/tr>\n            <\/tbody>        <!-- \/Table body -->\n\n        <!-- Table footer -->\n        \n    <tfoot>\n                <tr >\n                            <td\n                class=\"wdtheader sort numdata integer \"\n                style=\"\"><\/td>                <td\n                class=\"wdtheader sort \"\n                style=\"\"><\/td>                <td\n                class=\"wdtheader sort \"\n                style=\"\"><\/td>                <td\n                class=\"wdtheader sort \"\n                style=\"\"><\/td>                <td\n                class=\"wdtheader sort \"\n                style=\"\"><\/td>                <td\n                class=\"wdtheader sort numdata integer \"\n                style=\"\">Ano<\/td>                <td\n                class=\"wdtheader sort \"\n                style=\"\">Alcance<\/td>                <td\n                class=\"wdtheader sort \"\n                style=\"\">Alcance por Responsabilidade Solid\u00e1ria<\/td>                <td\n                class=\"wdtheader sort \"\n                style=\"\">Multa<\/td>        <\/tr>\n                            <\/tfoot>\n        <!-- \/Table footer -->\n    <\/table>\n\n<\/div><style>\ntable.wpDataTable td.numdata { text-align: right !important; }\n<\/style>\n<style>\n                    \n                                                                                        \/* table font color *\/\n    .wpdt-c.wpDataTablesWrapper table.wpdtSimpleTable,\n    .wpdt-c .wpDataTablesWrapper table.wpDataTable {\n        font-family: Georgia, serif !important;\n    }\n\n                \n                <\/style>\n<style>\n<\/style>\n<style>\n                            \n                                        \n                <\/style>\n\n<p>&nbsp;<\/p>\n","protected":false},"excerpt":{"rendered":"<p>&nbsp; &nbsp;<\/p>\n","protected":false},"author":2,"featured_media":0,"parent":0,"menu_order":0,"comment_status":"closed","ping_status":"closed","template":"","meta":{"footnotes":""},"class_list":["post-16683","page","type-page","status-publish","hentry"],"_links":{"self":[{"href":"https:\/\/transparencia.tceam.tc.br\/index.php?rest_route=\/wp\/v2\/pages\/16683","targetHints":{"allow":["GET"]}}],"collection":[{"href":"https:\/\/transparencia.tceam.tc.br\/index.php?rest_route=\/wp\/v2\/pages"}],"about":[{"href":"https:\/\/transparencia.tceam.tc.br\/index.php?rest_route=\/wp\/v2\/types\/page"}],"author":[{"embeddable":true,"href":"https:\/\/transparencia.tceam.tc.br\/index.php?rest_route=\/wp\/v2\/users\/2"}],"replies":[{"embeddable":true,"href":"https:\/\/transparencia.tceam.tc.br\/index.php?rest_route=%2Fwp%2Fv2%2Fcomments&post=16683"}],"version-history":[{"count":10,"href":"https:\/\/transparencia.tceam.tc.br\/index.php?rest_route=\/wp\/v2\/pages\/16683\/revisions"}],"predecessor-version":[{"id":19585,"href":"https:\/\/transparencia.tceam.tc.br\/index.php?rest_route=\/wp\/v2\/pages\/16683\/revisions\/19585"}],"wp:attachment":[{"href":"https:\/\/transparencia.tceam.tc.br\/index.php?rest_route=%2Fwp%2Fv2%2Fmedia&parent=16683"}],"curies":[{"name":"wp","href":"https:\/\/api.w.org\/{rel}","templated":true}]}}