{"id":16577,"date":"2023-07-21T15:57:36","date_gmt":"2023-07-21T19:57:36","guid":{"rendered":"https:\/\/transparencia.tceam.tc.br\/?page_id=16577"},"modified":"2025-04-16T13:39:31","modified_gmt":"2025-04-16T17:39:31","slug":"pesquisa-de-satisfacao","status":"publish","type":"page","link":"https:\/\/transparencia.tceam.tc.br\/?page_id=16577","title":{"rendered":"Pesquisa de Satisfa\u00e7\u00e3o"},"content":{"rendered":"\t\t<div data-elementor-type=\"wp-page\" data-elementor-id=\"16577\" class=\"elementor elementor-16577\" data-elementor-settings=\"{&quot;ha_cmc_init_switcher&quot;:&quot;no&quot;,&quot;element_pack_global_tooltip_width&quot;:{&quot;unit&quot;:&quot;px&quot;,&quot;size&quot;:&quot;&quot;,&quot;sizes&quot;:[]},&quot;element_pack_global_tooltip_width_tablet&quot;:{&quot;unit&quot;:&quot;px&quot;,&quot;size&quot;:&quot;&quot;,&quot;sizes&quot;:[]},&quot;element_pack_global_tooltip_width_mobile&quot;:{&quot;unit&quot;:&quot;px&quot;,&quot;size&quot;:&quot;&quot;,&quot;sizes&quot;:[]},&quot;element_pack_global_tooltip_padding&quot;:{&quot;unit&quot;:&quot;px&quot;,&quot;top&quot;:&quot;&quot;,&quot;right&quot;:&quot;&quot;,&quot;bottom&quot;:&quot;&quot;,&quot;left&quot;:&quot;&quot;,&quot;isLinked&quot;:true},&quot;element_pack_global_tooltip_padding_tablet&quot;:{&quot;unit&quot;:&quot;px&quot;,&quot;top&quot;:&quot;&quot;,&quot;right&quot;:&quot;&quot;,&quot;bottom&quot;:&quot;&quot;,&quot;left&quot;:&quot;&quot;,&quot;isLinked&quot;:true},&quot;element_pack_global_tooltip_padding_mobile&quot;:{&quot;unit&quot;:&quot;px&quot;,&quot;top&quot;:&quot;&quot;,&quot;right&quot;:&quot;&quot;,&quot;bottom&quot;:&quot;&quot;,&quot;left&quot;:&quot;&quot;,&quot;isLinked&quot;:true},&quot;element_pack_global_tooltip_border_radius&quot;:{&quot;unit&quot;:&quot;px&quot;,&quot;top&quot;:&quot;&quot;,&quot;right&quot;:&quot;&quot;,&quot;bottom&quot;:&quot;&quot;,&quot;left&quot;:&quot;&quot;,&quot;isLinked&quot;:true},&quot;element_pack_global_tooltip_border_radius_tablet&quot;:{&quot;unit&quot;:&quot;px&quot;,&quot;top&quot;:&quot;&quot;,&quot;right&quot;:&quot;&quot;,&quot;bottom&quot;:&quot;&quot;,&quot;left&quot;:&quot;&quot;,&quot;isLinked&quot;:true},&quot;element_pack_global_tooltip_border_radius_mobile&quot;:{&quot;unit&quot;:&quot;px&quot;,&quot;top&quot;:&quot;&quot;,&quot;right&quot;:&quot;&quot;,&quot;bottom&quot;:&quot;&quot;,&quot;left&quot;:&quot;&quot;,&quot;isLinked&quot;:true}}\" data-elementor-post-type=\"page\">\n\t\t\t\t\t\t<section class=\"elementor-section elementor-top-section elementor-element elementor-element-3c552dd elementor-section-boxed elementor-section-height-default elementor-section-height-default\" data-id=\"3c552dd\" data-element_type=\"section\" data-settings=\"{&quot;_ha_eqh_enable&quot;:false}\">\n\t\t\t\t\t\t<div class=\"elementor-container elementor-column-gap-default\">\n\t\t\t\t\t<div class=\"elementor-column elementor-col-100 elementor-top-column elementor-element elementor-element-fadb29d\" data-id=\"fadb29d\" data-element_type=\"column\">\n\t\t\t<div class=\"elementor-widget-wrap elementor-element-populated\">\n\t\t\t\t\t\t<div class=\"elementor-element elementor-element-6c3fef2 elementor-widget elementor-widget-wpfd_choose_category\" data-id=\"6c3fef2\" data-element_type=\"widget\" data-widget_type=\"wpfd_choose_category.default\">\n\t\t\t\t<div class=\"elementor-widget-container\">\n\t\t\t\t\t<div id=\"wpfd-elementor-category\" class=\"wpfd-elementor-category\"><script type=\"text\/x-handlebars-template\"        id=\"wpfd-template-table-categories-575\">    <div class=\"wpfd-categories \">{{#if category}}{{#with category}}<h2>{{name}}<\/h2>{{#if parent}}<a class=\"catlink backcategory\" href=\"#\" data-idcat=\"{{parent}}\">                        <i class=\"zmdi zmdi-chevron-left\"><\/i><span>Voltar<\/span><\/a>{{\/if}}{{\/with}}{{\/if}}{{#if category.desc}}<div class=\"wpfd-category-desc\">{{category.desc}}<\/div>{{\/if}}<\/div><\/script><script type=\"text\/x-handlebars-template\" id=\"wpfd-template-table-575\">    {{#if files}}    {{#each files}}    <tr class=\"file {{class}} {{ext}}\" data-id=\"{{ID}}\" data-catid=\"{{catid}}\">        <input type=\"hidden\" class=\"wpfd_file_preview_link_download\" value=\"{{linkdownload}}\" data-filetitle=\"{{post_title}}\" data-fileicons=\"ext ext-{{ext}} wpfd-icon-set-png\" \/>    <td class=\"file_title\"><a class=\"wpfd_downloadlink\" href=\"{{linkdownload}}\"  title=\"{{post_title}}\" target=\"{{#if remote_file}}_blank{{\/if}}\"><span class=\"extcol\"><span class=\"ext ext-{{ext}} wpfd-icon-set-png\"><\/span><\/span><span class=\"wpfd-file-crop-title\">{{{crop_title}}}<\/span><\/a><\/td><td class=\"file_created\">{{created}}<\/td>                    <td class=\"col-download\">                <a class=\"downloadlink wpfd_downloadlink\"  href=\"{{linkdownload}}\"  style=\"background-color:#76bc58;color:#ffffff;\" target=\"{{#if remote_file}}_blank{{\/if}}\">Baixar<i class=\"zmdi zmdi-cloud-download wpfd-download\"><\/i><\/a>            <\/td>            <\/tr>    {{\/each}}    {{\/if}}<\/script><div class=\"wpfd-content wpfd-content-table wpfd-content-multi colstyle-hide\" data-category=\"575\"              style=\"background-color: rgba(255, 255, 255, 0);\"><input type=\"hidden\" id=\"current_category_575\" value=\"575\" \/>                    <input type=\"hidden\" id=\"current_category_slug_575\" value=\"pesquisa-de-satisfacao\" \/>                    <input type=\"hidden\" id=\"current_ordering_575\" value=\"ordering\" \/>                    <input type=\"hidden\" id=\"current_ordering_direction_575\" value=\"asc\" \/>                    <input type=\"hidden\" id=\"page_limit_575\" value=\"100\" \/><input type=\"hidden\" id=\"wpfd_display_empty_category_message\" value=\"0\" \/><input type=\"hidden\" id=\"wpfd_empty_category_message_val\" value=\"This file category has no files to display\" \/><input type=\"hidden\" id=\"wpfd_display_empty_folder\" value=\"0\" \/><input type=\"hidden\" id=\"wpfd_is_empty_subcategories\" value=\"1\" \/><input type=\"hidden\" id=\"wpfd_is_empty_files\" value=\"1\" \/><input type=\"hidden\" id=\"wpfd_root_category_id\" class=\"wpfd_root_category_id\" value=\"575\" \/><input type=\"hidden\" id=\"wpfd_root_category_theme\" class=\"wpfd_root_category_theme\" value=\"table\" \/><input type=\"hidden\" id=\"wpfd_root_category_clone_theme_type\" class=\"wpfd_root_category_clone_theme_type\" value=\"none\" \/><input type=\"hidden\" id=\"wpfd_root_category_type\" class=\"wpfd_root_category_type\" value=\"575\" \/><ul class=\"breadcrumbs wpfd-breadcrumbs-table head-category-table\">                            <li class=\"active\">Pesquisa de Satisfa\u00e7\u00e3o<\/li>                        <\/ul><div class=\"wpfd-container show_category_title show_breadcrumb\">        <div class=\"wpfd-open-tree\"><\/div>    <div class=\"wpfd-container-table  \">        <div class=\"wpfd-categories \"><h2 class=\"wpfd-category-theme-title\">Pesquisa de Satisfa\u00e7\u00e3o<\/h2><div class=\"wpfd-category-desc\"><\/div><\/div>        <table class=\"wpfd-search-result wpfd-table wpfd-table-bordered wpfd-table-striped wpfd-table-0 mediaTable wpfd-theme-rows\">            <thead>                <tr>                    <th class=\"essential persist file_title\">T\u00edtulo<\/th><th class=\"optional file_created\">Data<\/th><th class=\"essential file_download file_download_tbl\">Baixar<\/th>                <\/tr>            <\/thead>            <tbody>                                            <tr class=\"file pdf\" data-id=\"19522\"                    data-catid=\"575\">                                        <input type=\"hidden\" class=\"wpfd_file_preview_link_download\" value=\"https:\/\/transparencia.tceam.tc.br\/wp-admin\/admin-ajax.php?juwpfisadmin=false&amp;action=wpfd&amp;task=file.download&amp;wpfd_category_id=575&amp;wpfd_file_id=19522\"                           data-filetitle=\"Pesquisa-de-Satisfacao-2024\" data-fileicons=\"ext ext-pdf wpfd-icon-set-png\" \/>                    <td class=\"file_title\"><a class=\"wpfd_downloadlink\" href=\"https:\/\/transparencia.tceam.tc.br\/wp-admin\/admin-ajax.php?juwpfisadmin=false&#038;action=wpfd&#038;task=file.download&#038;wpfd_category_id=575&#038;wpfd_file_id=19522\"  title=\"Pesquisa-de-Satisfacao-2024\" target=\"\"><span class=\"extcol\"><span class=\"ext ext-pdf wpfd-icon-set-png\"><\/span><\/span><span class=\"wpfd-file-crop-title\">Pesquisa-de-Satisfacao-2024<\/span><\/a><\/td><td class=\"file_created\">16\/04\/2025<\/td>                                            <td class=\"file_download_tbl col-download\">                            <a class=\"downloadlink wpfd_downloadlink\"  href=\"https:\/\/transparencia.tceam.tc.br\/wp-admin\/admin-ajax.php?juwpfisadmin=false&#038;action=wpfd&#038;task=file.download&#038;wpfd_category_id=575&#038;wpfd_file_id=19522\"  style=\"background-color:#76bc58;color:#ffffff;\" target=\"\">Baixar<i class=\"zmdi zmdi-cloud-download wpfd-download\"><\/i><\/a>                        <\/td>                                    <\/tr>                                                            <tr class=\"file pdf\" data-id=\"19521\"                    data-catid=\"575\">                                        <input type=\"hidden\" class=\"wpfd_file_preview_link_download\" value=\"https:\/\/transparencia.tceam.tc.br\/wp-admin\/admin-ajax.php?juwpfisadmin=false&amp;action=wpfd&amp;task=file.download&amp;wpfd_category_id=575&amp;wpfd_file_id=19521\"                           data-filetitle=\"Pesquisa-de-Satisfacao-2023\" data-fileicons=\"ext ext-pdf wpfd-icon-set-png\" \/>                    <td class=\"file_title\"><a class=\"wpfd_downloadlink\" href=\"https:\/\/transparencia.tceam.tc.br\/wp-admin\/admin-ajax.php?juwpfisadmin=false&#038;action=wpfd&#038;task=file.download&#038;wpfd_category_id=575&#038;wpfd_file_id=19521\"  title=\"Pesquisa-de-Satisfacao-2023\" target=\"\"><span class=\"extcol\"><span class=\"ext ext-pdf wpfd-icon-set-png\"><\/span><\/span><span class=\"wpfd-file-crop-title\">Pesquisa-de-Satisfacao-2023<\/span><\/a><\/td><td class=\"file_created\">16\/04\/2025<\/td>                                            <td class=\"file_download_tbl col-download\">                            <a class=\"downloadlink wpfd_downloadlink\"  href=\"https:\/\/transparencia.tceam.tc.br\/wp-admin\/admin-ajax.php?juwpfisadmin=false&#038;action=wpfd&#038;task=file.download&#038;wpfd_category_id=575&#038;wpfd_file_id=19521\"  style=\"background-color:#76bc58;color:#ffffff;\" target=\"\">Baixar<i class=\"zmdi zmdi-cloud-download wpfd-download\"><\/i><\/a>                        <\/td>                                    <\/tr>                                                            <tr class=\"file pdf\" data-id=\"19520\"                    data-catid=\"575\">                                        <input type=\"hidden\" class=\"wpfd_file_preview_link_download\" value=\"https:\/\/transparencia.tceam.tc.br\/wp-admin\/admin-ajax.php?juwpfisadmin=false&amp;action=wpfd&amp;task=file.download&amp;wpfd_category_id=575&amp;wpfd_file_id=19520\"                           data-filetitle=\"Pesquisa-de-Satisfacao-2022\" data-fileicons=\"ext ext-pdf wpfd-icon-set-png\" \/>                    <td class=\"file_title\"><a class=\"wpfd_downloadlink\" href=\"https:\/\/transparencia.tceam.tc.br\/wp-admin\/admin-ajax.php?juwpfisadmin=false&#038;action=wpfd&#038;task=file.download&#038;wpfd_category_id=575&#038;wpfd_file_id=19520\"  title=\"Pesquisa-de-Satisfacao-2022\" target=\"\"><span class=\"extcol\"><span class=\"ext ext-pdf wpfd-icon-set-png\"><\/span><\/span><span class=\"wpfd-file-crop-title\">Pesquisa-de-Satisfacao-2022<\/span><\/a><\/td><td class=\"file_created\">16\/04\/2025<\/td>                                            <td class=\"file_download_tbl col-download\">                            <a class=\"downloadlink wpfd_downloadlink\"  href=\"https:\/\/transparencia.tceam.tc.br\/wp-admin\/admin-ajax.php?juwpfisadmin=false&#038;action=wpfd&#038;task=file.download&#038;wpfd_category_id=575&#038;wpfd_file_id=19520\"  style=\"background-color:#76bc58;color:#ffffff;\" target=\"\">Baixar<i class=\"zmdi zmdi-cloud-download wpfd-download\"><\/i><\/a>                        <\/td>                                    <\/tr>                                        <\/tbody>        <\/table>            <\/div><\/div><\/div><\/div>\t\t\t\t<\/div>\n\t\t\t\t<\/div>\n\t\t\t\t\t<\/div>\n\t\t<\/div>\n\t\t\t\t\t<\/div>\n\t\t<\/section>\n\t\t\t\t<\/div>\n\t\t","protected":false},"excerpt":{"rendered":"<p>Pesquisa de Satisfa\u00e7\u00e3o Pesquisa de Satisfa\u00e7\u00e3o Title Date added Download Pesquisa-de-Satisfacao-2024 16\/04\/2025 Download Pesquisa-de-Satisfacao-2023 16\/04\/2025 Download Pesquisa-de-Satisfacao-2022 16\/04\/2025 Download<\/p>\n","protected":false},"author":2,"featured_media":0,"parent":0,"menu_order":0,"comment_status":"closed","ping_status":"closed","template":"","meta":{"footnotes":""},"class_list":["post-16577","page","type-page","status-publish","hentry"],"_links":{"self":[{"href":"https:\/\/transparencia.tceam.tc.br\/index.php?rest_route=\/wp\/v2\/pages\/16577","targetHints":{"allow":["GET"]}}],"collection":[{"href":"https:\/\/transparencia.tceam.tc.br\/index.php?rest_route=\/wp\/v2\/pages"}],"about":[{"href":"https:\/\/transparencia.tceam.tc.br\/index.php?rest_route=\/wp\/v2\/types\/page"}],"author":[{"embeddable":true,"href":"https:\/\/transparencia.tceam.tc.br\/index.php?rest_route=\/wp\/v2\/users\/2"}],"replies":[{"embeddable":true,"href":"https:\/\/transparencia.tceam.tc.br\/index.php?rest_route=%2Fwp%2Fv2%2Fcomments&post=16577"}],"version-history":[{"count":16,"href":"https:\/\/transparencia.tceam.tc.br\/index.php?rest_route=\/wp\/v2\/pages\/16577\/revisions"}],"predecessor-version":[{"id":19529,"href":"https:\/\/transparencia.tceam.tc.br\/index.php?rest_route=\/wp\/v2\/pages\/16577\/revisions\/19529"}],"wp:attachment":[{"href":"https:\/\/transparencia.tceam.tc.br\/index.php?rest_route=%2Fwp%2Fv2%2Fmedia&parent=16577"}],"curies":[{"name":"wp","href":"https:\/\/api.w.org\/{rel}","templated":true}]}}