{"id":11688,"date":"2019-09-11T15:33:31","date_gmt":"2019-09-11T19:33:31","guid":{"rendered":"https:\/\/transparencia.tceam.tc.br\/?page_id=11688"},"modified":"2026-01-21T12:41:06","modified_gmt":"2026-01-21T16:41:06","slug":"patrimonio","status":"publish","type":"page","link":"https:\/\/transparencia.tceam.tc.br\/?page_id=11688","title":{"rendered":"Patrim\u00f4nio"},"content":{"rendered":"\t\t<div data-elementor-type=\"wp-page\" data-elementor-id=\"11688\" class=\"elementor elementor-11688\" data-elementor-settings=\"{&quot;ha_cmc_init_switcher&quot;:&quot;no&quot;,&quot;element_pack_global_tooltip_width&quot;:{&quot;unit&quot;:&quot;px&quot;,&quot;size&quot;:&quot;&quot;,&quot;sizes&quot;:[]},&quot;element_pack_global_tooltip_width_tablet&quot;:{&quot;unit&quot;:&quot;px&quot;,&quot;size&quot;:&quot;&quot;,&quot;sizes&quot;:[]},&quot;element_pack_global_tooltip_width_mobile&quot;:{&quot;unit&quot;:&quot;px&quot;,&quot;size&quot;:&quot;&quot;,&quot;sizes&quot;:[]},&quot;element_pack_global_tooltip_padding&quot;:{&quot;unit&quot;:&quot;px&quot;,&quot;top&quot;:&quot;&quot;,&quot;right&quot;:&quot;&quot;,&quot;bottom&quot;:&quot;&quot;,&quot;left&quot;:&quot;&quot;,&quot;isLinked&quot;:true},&quot;element_pack_global_tooltip_padding_tablet&quot;:{&quot;unit&quot;:&quot;px&quot;,&quot;top&quot;:&quot;&quot;,&quot;right&quot;:&quot;&quot;,&quot;bottom&quot;:&quot;&quot;,&quot;left&quot;:&quot;&quot;,&quot;isLinked&quot;:true},&quot;element_pack_global_tooltip_padding_mobile&quot;:{&quot;unit&quot;:&quot;px&quot;,&quot;top&quot;:&quot;&quot;,&quot;right&quot;:&quot;&quot;,&quot;bottom&quot;:&quot;&quot;,&quot;left&quot;:&quot;&quot;,&quot;isLinked&quot;:true},&quot;element_pack_global_tooltip_border_radius&quot;:{&quot;unit&quot;:&quot;px&quot;,&quot;top&quot;:&quot;&quot;,&quot;right&quot;:&quot;&quot;,&quot;bottom&quot;:&quot;&quot;,&quot;left&quot;:&quot;&quot;,&quot;isLinked&quot;:true},&quot;element_pack_global_tooltip_border_radius_tablet&quot;:{&quot;unit&quot;:&quot;px&quot;,&quot;top&quot;:&quot;&quot;,&quot;right&quot;:&quot;&quot;,&quot;bottom&quot;:&quot;&quot;,&quot;left&quot;:&quot;&quot;,&quot;isLinked&quot;:true},&quot;element_pack_global_tooltip_border_radius_mobile&quot;:{&quot;unit&quot;:&quot;px&quot;,&quot;top&quot;:&quot;&quot;,&quot;right&quot;:&quot;&quot;,&quot;bottom&quot;:&quot;&quot;,&quot;left&quot;:&quot;&quot;,&quot;isLinked&quot;:true}}\" data-elementor-post-type=\"page\">\n\t\t\t\t\t\t<section class=\"elementor-section elementor-top-section elementor-element elementor-element-4c727aea elementor-section-full_width elementor-section-height-default elementor-section-height-default\" data-id=\"4c727aea\" data-element_type=\"section\" data-settings=\"{&quot;_ha_eqh_enable&quot;:false}\">\n\t\t\t\t\t\t<div class=\"elementor-container elementor-column-gap-default\">\n\t\t\t\t\t<div class=\"elementor-column elementor-col-20 elementor-top-column elementor-element elementor-element-53f93c5c\" data-id=\"53f93c5c\" data-element_type=\"column\">\n\t\t\t<div class=\"elementor-widget-wrap elementor-element-populated\">\n\t\t\t\t\t\t<div class=\"elementor-element elementor-element-2550c36 ha-has-bg-overlay elementor-widget elementor-widget-heading\" data-id=\"2550c36\" data-element_type=\"widget\" data-widget_type=\"heading.default\">\n\t\t\t\t<div class=\"elementor-widget-container\">\n\t\t\t\t\t<h2 class=\"elementor-heading-title elementor-size-default\">2025\n<\/h2>\t\t\t\t<\/div>\n\t\t\t\t<\/div>\n\t\t\t\t<div class=\"elementor-element elementor-element-368afde elementor-widget elementor-widget-text-editor\" data-id=\"368afde\" data-element_type=\"widget\" data-widget_type=\"text-editor.default\">\n\t\t\t\t<div class=\"elementor-widget-container\">\n\t\t\t\t\t\t\t\t\t<p><a href=\"http:\/\/transparencia.tceam.tc.br\/wp-content\/uploads\/2026\/01\/Relatorio-Consolidado-de-Aquisicoes-de-Bens-Patrimoniais-por-Grupo-Contabil-2025.pdf\">Relato\u0301rio Consolidade de Aquisic\u0327o\u0303es de Bens Patrimoniais por Grupo Conta\u0301bil 2025<\/a><\/p>\t\t\t\t\t\t\t\t<\/div>\n\t\t\t\t<\/div>\n\t\t\t\t<div class=\"elementor-element elementor-element-24fed6f0 ha-has-bg-overlay elementor-widget elementor-widget-heading\" data-id=\"24fed6f0\" data-element_type=\"widget\" data-widget_type=\"heading.default\">\n\t\t\t\t<div class=\"elementor-widget-container\">\n\t\t\t\t\t<h2 class=\"elementor-heading-title elementor-size-default\">2022<\/h2>\t\t\t\t<\/div>\n\t\t\t\t<\/div>\n\t\t\t\t<div class=\"elementor-element elementor-element-69bf5abb elementor-widget elementor-widget-bdt-post-list\" data-id=\"69bf5abb\" data-element_type=\"widget\" data-widget_type=\"bdt-post-list.default\">\n\t\t\t\t<div class=\"elementor-widget-container\">\n\t\t\t\t\t\t\t<div class=\"bdt-post-list-wrap\" data-show-hide=\"{&quot;show_title&quot;:&quot;yes&quot;}\">\n\t\t\t\t\t\t<div class=\"bdt-post-list\" id=\"bdt-post-list-69bf5abb\" data-settings=\"{&quot;taxonomy&quot;:&quot;category&quot;,&quot;post-type&quot;:&quot;post&quot;,&quot;order&quot;:&quot;desc&quot;,&quot;orderby&quot;:&quot;date&quot;,&quot;posts_per_page&quot;:6}\">\n\t\t\t\t\t\t\t\t\t\t\n\t\t\t\t\t<div class=\"bdt-item-wrap bdt-flex\">\n\t\t\t\t\t\t<div class=\"bdt-item bdt-flex bdt-flex-middle\">\n\t\t\t\t\t\t\t\n\t\t\t\t\t\t\t\n\t\t\t\t\t\t\t<div class=\"bdt-content\">\n\t\t\t\t\t\t\t\t\t\t\t\t\t\t\t\t\t<h4\t\t\t\t\t\t\t\t\t\tclass=\"bdt-title\">\n\t\t\t\t\t\t\t\t\t\t<a href=\"https:\/\/transparencia.tceam.tc.br\/?p=16229\" class=\"bdt-link\"\n\t\t\t\t\t\t\t\t\t\t\ttitle=\"Relat\u00f3rio Consolidado de Aquisi\u00e7\u00e3o de Bens Patrimoniais por Grupo Cont\u00e1bil \u2013 Jan \u00e0 Dez \u2013 2022\">\n\t\t\t\t\t\t\t\t\t\t\tRelat\u00f3rio Consolidado de Aquisi\u00e7\u00e3o de Bens Patrimoniais por Grupo Cont\u00e1bil \u2013 Jan \u00e0 Dez \u2013 2022\t\t\t\t\t\t\t\t\t\t<\/a>\n\t\t\t\t\t\t\t\t\t<\/h4>\n\t\t\t\t\t\t\t\t\n\t\t\t\t\t\t\t\t\t\t\t\t\t\t\t<\/div>\n\t\t\t\t\t\t<\/div>\n\t\t\t\t\t<\/div>\n\t\t\t\t\t\t\t\t\t\t\t\t\n\t\t\t\t<!-- GRADIENT SPINNER -->\n\t\t\t\t<div id=\"bdt-loading-image\" style=\"display: none;\">\n\t\t\t\t\t<div class=\"bdt-spinner-box\">\n\t\t\t\t\t<div class=\"bdt-circle-border\">\n\t\t\t\t\t\t<div class=\"bdt-circle-core\"><\/div>\n\t\t\t\t\t<\/div>  \n\t\t\t\t\t<\/div>\n\t\t\t\t<\/div>\n\t\t\t\t<!-- GRADIENT SPINNER -->\n\t\t\t\t\n\t\t\t<\/div>\n\t\t<\/div>\n\n\t\t\t\t\t\t\t<div class=\"ep-pagination\">\n\t\t\t\t\t\t\t\t\t<\/div>\n\t\t\t\t\t\t\t\t<\/div>\n\t\t\t\t<\/div>\n\t\t\t\t\t<\/div>\n\t\t<\/div>\n\t\t\t\t<div class=\"elementor-column elementor-col-20 elementor-top-column elementor-element elementor-element-2fc2da4\" data-id=\"2fc2da4\" data-element_type=\"column\">\n\t\t\t<div class=\"elementor-widget-wrap elementor-element-populated\">\n\t\t\t\t\t\t<div class=\"elementor-element elementor-element-3e8f4224 ha-has-bg-overlay elementor-widget elementor-widget-heading\" data-id=\"3e8f4224\" data-element_type=\"widget\" data-widget_type=\"heading.default\">\n\t\t\t\t<div class=\"elementor-widget-container\">\n\t\t\t\t\t<h2 class=\"elementor-heading-title elementor-size-default\">2024<\/h2>\t\t\t\t<\/div>\n\t\t\t\t<\/div>\n\t\t\t\t<div class=\"elementor-element elementor-element-0bac123 elementor-widget elementor-widget-text-editor\" data-id=\"0bac123\" data-element_type=\"widget\" data-widget_type=\"text-editor.default\">\n\t\t\t\t<div class=\"elementor-widget-container\">\n\t\t\t\t\t\t\t\t\t<p><a href=\"https:\/\/transparencia.tceam.tc.br\/wp-content\/uploads\/2025\/01\/Relatorio-Consolidade-de-Aquisicoes-de-Bens-Patrimoniais-por-Grupo-Contabil_2024.pdf\">Relato\u0301rio Consolidade de Aquisic\u0327o\u0303es de Bens Patrimoniais por Grupo Conta\u0301bil 2024<\/a><\/p>\t\t\t\t\t\t\t\t<\/div>\n\t\t\t\t<\/div>\n\t\t\t\t<div class=\"elementor-element elementor-element-6babb478 ha-has-bg-overlay elementor-widget elementor-widget-heading\" data-id=\"6babb478\" data-element_type=\"widget\" data-widget_type=\"heading.default\">\n\t\t\t\t<div class=\"elementor-widget-container\">\n\t\t\t\t\t<h2 class=\"elementor-heading-title elementor-size-default\">2021<\/h2>\t\t\t\t<\/div>\n\t\t\t\t<\/div>\n\t\t\t\t<div class=\"elementor-element elementor-element-1aab6605 elementor-widget elementor-widget-bdt-post-list\" data-id=\"1aab6605\" data-element_type=\"widget\" data-widget_type=\"bdt-post-list.default\">\n\t\t\t\t<div class=\"elementor-widget-container\">\n\t\t\t\t\t\t\t<div class=\"bdt-post-list-wrap\" data-show-hide=\"{&quot;show_title&quot;:&quot;yes&quot;}\">\n\t\t\t\t\t\t<div class=\"bdt-post-list\" id=\"bdt-post-list-1aab6605\" data-settings=\"{&quot;taxonomy&quot;:&quot;category&quot;,&quot;post-type&quot;:&quot;post&quot;,&quot;order&quot;:&quot;desc&quot;,&quot;orderby&quot;:&quot;date&quot;,&quot;posts_per_page&quot;:6}\">\n\t\t\t\t\t\t\t\t\t\t\n\t\t\t\t\t<div class=\"bdt-item-wrap bdt-flex\">\n\t\t\t\t\t\t<div class=\"bdt-item bdt-flex bdt-flex-middle\">\n\t\t\t\t\t\t\t\n\t\t\t\t\t\t\t\n\t\t\t\t\t\t\t<div class=\"bdt-content\">\n\t\t\t\t\t\t\t\t\t\t\t\t\t\t\t\t\t<h4\t\t\t\t\t\t\t\t\t\tclass=\"bdt-title\">\n\t\t\t\t\t\t\t\t\t\t<a href=\"https:\/\/transparencia.tceam.tc.br\/?p=16225\" class=\"bdt-link\"\n\t\t\t\t\t\t\t\t\t\t\ttitle=\"Relat\u00f3rio Consolidado de Aquisi\u00e7\u00e3o de Bens Patrimoniais por Grupo Cont\u00e1bil &#8211; Jan \u00e0 Dez &#8211; 2021\">\n\t\t\t\t\t\t\t\t\t\t\tRelat\u00f3rio Consolidado de Aquisi\u00e7\u00e3o de Bens Patrimoniais por Grupo Cont\u00e1bil &#8211; Jan \u00e0 Dez &#8211; 2021\t\t\t\t\t\t\t\t\t\t<\/a>\n\t\t\t\t\t\t\t\t\t<\/h4>\n\t\t\t\t\t\t\t\t\n\t\t\t\t\t\t\t\t\t\t\t\t\t\t\t<\/div>\n\t\t\t\t\t\t<\/div>\n\t\t\t\t\t<\/div>\n\t\t\t\t\t\t\t\t\t\t\t\t\n\t\t\t\t<!-- GRADIENT SPINNER -->\n\t\t\t\t<div id=\"bdt-loading-image\" style=\"display: none;\">\n\t\t\t\t\t<div class=\"bdt-spinner-box\">\n\t\t\t\t\t<div class=\"bdt-circle-border\">\n\t\t\t\t\t\t<div class=\"bdt-circle-core\"><\/div>\n\t\t\t\t\t<\/div>  \n\t\t\t\t\t<\/div>\n\t\t\t\t<\/div>\n\t\t\t\t<!-- GRADIENT SPINNER -->\n\t\t\t\t\n\t\t\t<\/div>\n\t\t<\/div>\n\n\t\t\t\t\t\t\t<div class=\"ep-pagination\">\n\t\t\t\t\t\t\t\t\t<\/div>\n\t\t\t\t\t\t\t\t<\/div>\n\t\t\t\t<\/div>\n\t\t\t\t\t<\/div>\n\t\t<\/div>\n\t\t\t\t<div class=\"elementor-column elementor-col-20 elementor-top-column elementor-element elementor-element-61554645\" data-id=\"61554645\" data-element_type=\"column\">\n\t\t\t<div class=\"elementor-widget-wrap elementor-element-populated\">\n\t\t\t\t\t\t<div class=\"elementor-element elementor-element-512a937 ha-has-bg-overlay elementor-widget elementor-widget-heading\" data-id=\"512a937\" data-element_type=\"widget\" data-widget_type=\"heading.default\">\n\t\t\t\t<div class=\"elementor-widget-container\">\n\t\t\t\t\t<h2 class=\"elementor-heading-title elementor-size-default\">2023<\/h2>\t\t\t\t<\/div>\n\t\t\t\t<\/div>\n\t\t\t\t<div class=\"elementor-element elementor-element-4d4c4a6 elementor-widget elementor-widget-text-editor\" data-id=\"4d4c4a6\" data-element_type=\"widget\" data-widget_type=\"text-editor.default\">\n\t\t\t\t<div class=\"elementor-widget-container\">\n\t\t\t\t\t\t\t\t\t<p><a href=\"https:\/\/transparencia.tceam.tc.br\/wp-content\/uploads\/2024\/05\/Relatorio-Consolidado-de-Aquisicoes-de-Bens-Patrimoniais-por-Grupo-Contabil-2023.pdf\">Relat\u00f3rio Consolidado de Aquisi\u00e7\u00f5es de Bens Patrimoniais por Grupo Cont\u00e1bil &#8211; 2023<\/a><\/p>\t\t\t\t\t\t\t\t<\/div>\n\t\t\t\t<\/div>\n\t\t\t\t<div class=\"elementor-element elementor-element-2314a5a ha-has-bg-overlay elementor-widget elementor-widget-heading\" data-id=\"2314a5a\" data-element_type=\"widget\" data-widget_type=\"heading.default\">\n\t\t\t\t<div class=\"elementor-widget-container\">\n\t\t\t\t\t<h2 class=\"elementor-heading-title elementor-size-default\">2020<\/h2>\t\t\t\t<\/div>\n\t\t\t\t<\/div>\n\t\t\t\t<div class=\"elementor-element elementor-element-4dc4997f elementor-widget elementor-widget-bdt-post-list\" data-id=\"4dc4997f\" data-element_type=\"widget\" data-widget_type=\"bdt-post-list.default\">\n\t\t\t\t<div class=\"elementor-widget-container\">\n\t\t\t\t\t\t\t<div class=\"bdt-post-list-wrap\" data-show-hide=\"{&quot;show_title&quot;:&quot;yes&quot;}\">\n\t\t\t\t\t\t<div class=\"bdt-post-list\" id=\"bdt-post-list-4dc4997f\" data-settings=\"{&quot;taxonomy&quot;:&quot;category&quot;,&quot;post-type&quot;:&quot;post&quot;,&quot;order&quot;:&quot;desc&quot;,&quot;orderby&quot;:&quot;date&quot;,&quot;posts_per_page&quot;:6}\">\n\t\t\t\t\t\t\t\t\t\t\n\t\t\t\t\t<div class=\"bdt-item-wrap bdt-flex\">\n\t\t\t\t\t\t<div class=\"bdt-item bdt-flex bdt-flex-middle\">\n\t\t\t\t\t\t\t\n\t\t\t\t\t\t\t\n\t\t\t\t\t\t\t<div class=\"bdt-content\">\n\t\t\t\t\t\t\t\t\t\t\t\t\t\t\t\t\t<h4\t\t\t\t\t\t\t\t\t\tclass=\"bdt-title\">\n\t\t\t\t\t\t\t\t\t\t<a href=\"https:\/\/transparencia.tceam.tc.br\/?p=16222\" class=\"bdt-link\"\n\t\t\t\t\t\t\t\t\t\t\ttitle=\"Relat\u00f3rio Consolidado de Aquisi\u00e7\u00e3o de Bens Patrimoniais por Grupo Cont\u00e1bil &#8211; Jan \u00e0 Dez &#8211; 2020\">\n\t\t\t\t\t\t\t\t\t\t\tRelat\u00f3rio Consolidado de Aquisi\u00e7\u00e3o de Bens Patrimoniais por Grupo Cont\u00e1bil &#8211; Jan \u00e0 Dez &#8211; 2020\t\t\t\t\t\t\t\t\t\t<\/a>\n\t\t\t\t\t\t\t\t\t<\/h4>\n\t\t\t\t\t\t\t\t\n\t\t\t\t\t\t\t\t\t\t\t\t\t\t\t<\/div>\n\t\t\t\t\t\t<\/div>\n\t\t\t\t\t<\/div>\n\t\t\t\t\t\t\t\t\t\t\t\t\n\t\t\t\t<!-- GRADIENT SPINNER -->\n\t\t\t\t<div id=\"bdt-loading-image\" style=\"display: none;\">\n\t\t\t\t\t<div class=\"bdt-spinner-box\">\n\t\t\t\t\t<div class=\"bdt-circle-border\">\n\t\t\t\t\t\t<div class=\"bdt-circle-core\"><\/div>\n\t\t\t\t\t<\/div>  \n\t\t\t\t\t<\/div>\n\t\t\t\t<\/div>\n\t\t\t\t<!-- GRADIENT SPINNER -->\n\t\t\t\t\n\t\t\t<\/div>\n\t\t<\/div>\n\n\t\t\t\t\t\t\t<div class=\"ep-pagination\">\n\t\t\t\t\t\t\t\t\t<\/div>\n\t\t\t\t\t\t\t\t<\/div>\n\t\t\t\t<\/div>\n\t\t\t\t\t<\/div>\n\t\t<\/div>\n\t\t\t\t<div class=\"elementor-column elementor-col-20 elementor-top-column elementor-element elementor-element-2dfe35ba\" data-id=\"2dfe35ba\" data-element_type=\"column\">\n\t\t\t<div class=\"elementor-widget-wrap\">\n\t\t\t\t\t\t\t<\/div>\n\t\t<\/div>\n\t\t\t\t<div class=\"elementor-column elementor-col-20 elementor-top-column elementor-element elementor-element-1c1b1565\" data-id=\"1c1b1565\" data-element_type=\"column\">\n\t\t\t<div class=\"elementor-widget-wrap\">\n\t\t\t\t\t\t\t<\/div>\n\t\t<\/div>\n\t\t\t\t\t<\/div>\n\t\t<\/section>\n\t\t\t\t<\/div>\n\t\t","protected":false},"excerpt":{"rendered":"<p>2025 Relato\u0301rio Consolidade de Aquisic\u0327o\u0303es de Bens Patrimoniais por Grupo Conta\u0301bil 2025 2022 Relat\u00f3rio Consolidado de Aquisi\u00e7\u00e3o de Bens Patrimoniais por Grupo Cont\u00e1bil \u2013 Jan \u00e0 Dez \u2013 2022 2024 Relato\u0301rio Consolidade de Aquisic\u0327o\u0303es de Bens Patrimoniais por Grupo Conta\u0301bil 2024 2021 Relat\u00f3rio Consolidado de Aquisi\u00e7\u00e3o de Bens Patrimoniais por Grupo Cont\u00e1bil &#8211; Jan \u00e0 [&hellip;]<\/p>\n","protected":false},"author":2,"featured_media":0,"parent":0,"menu_order":0,"comment_status":"closed","ping_status":"closed","template":"","meta":{"footnotes":""},"class_list":["post-11688","page","type-page","status-publish","hentry"],"_links":{"self":[{"href":"https:\/\/transparencia.tceam.tc.br\/index.php?rest_route=\/wp\/v2\/pages\/11688","targetHints":{"allow":["GET"]}}],"collection":[{"href":"https:\/\/transparencia.tceam.tc.br\/index.php?rest_route=\/wp\/v2\/pages"}],"about":[{"href":"https:\/\/transparencia.tceam.tc.br\/index.php?rest_route=\/wp\/v2\/types\/page"}],"author":[{"embeddable":true,"href":"https:\/\/transparencia.tceam.tc.br\/index.php?rest_route=\/wp\/v2\/users\/2"}],"replies":[{"embeddable":true,"href":"https:\/\/transparencia.tceam.tc.br\/index.php?rest_route=%2Fwp%2Fv2%2Fcomments&post=11688"}],"version-history":[{"count":79,"href":"https:\/\/transparencia.tceam.tc.br\/index.php?rest_route=\/wp\/v2\/pages\/11688\/revisions"}],"predecessor-version":[{"id":21460,"href":"https:\/\/transparencia.tceam.tc.br\/index.php?rest_route=\/wp\/v2\/pages\/11688\/revisions\/21460"}],"wp:attachment":[{"href":"https:\/\/transparencia.tceam.tc.br\/index.php?rest_route=%2Fwp%2Fv2%2Fmedia&parent=11688"}],"curies":[{"name":"wp","href":"https:\/\/api.w.org\/{rel}","templated":true}]}}