{"id":11114,"date":"2021-12-09T07:17:32","date_gmt":"2021-12-09T11:17:32","guid":{"rendered":"http:\/\/transparencia.tceam.tc.br\/?page_id=11114"},"modified":"2024-08-13T09:21:43","modified_gmt":"2024-08-13T13:21:43","slug":"servico-de-informacoes-ao-cidadao-sic","status":"publish","type":"page","link":"https:\/\/transparencia.tceam.tc.br\/?page_id=11114","title":{"rendered":"Servi\u00e7o de Informa\u00e7\u00e3o ao P\u00fablico &#8211; SIP"},"content":{"rendered":"\t\t<div data-elementor-type=\"wp-page\" data-elementor-id=\"11114\" class=\"elementor elementor-11114\" data-elementor-settings=\"{&quot;ha_cmc_init_switcher&quot;:&quot;no&quot;,&quot;element_pack_global_tooltip_width&quot;:{&quot;unit&quot;:&quot;px&quot;,&quot;size&quot;:&quot;&quot;,&quot;sizes&quot;:[]},&quot;element_pack_global_tooltip_width_tablet&quot;:{&quot;unit&quot;:&quot;px&quot;,&quot;size&quot;:&quot;&quot;,&quot;sizes&quot;:[]},&quot;element_pack_global_tooltip_width_mobile&quot;:{&quot;unit&quot;:&quot;px&quot;,&quot;size&quot;:&quot;&quot;,&quot;sizes&quot;:[]},&quot;element_pack_global_tooltip_padding&quot;:{&quot;unit&quot;:&quot;px&quot;,&quot;top&quot;:&quot;&quot;,&quot;right&quot;:&quot;&quot;,&quot;bottom&quot;:&quot;&quot;,&quot;left&quot;:&quot;&quot;,&quot;isLinked&quot;:true},&quot;element_pack_global_tooltip_padding_tablet&quot;:{&quot;unit&quot;:&quot;px&quot;,&quot;top&quot;:&quot;&quot;,&quot;right&quot;:&quot;&quot;,&quot;bottom&quot;:&quot;&quot;,&quot;left&quot;:&quot;&quot;,&quot;isLinked&quot;:true},&quot;element_pack_global_tooltip_padding_mobile&quot;:{&quot;unit&quot;:&quot;px&quot;,&quot;top&quot;:&quot;&quot;,&quot;right&quot;:&quot;&quot;,&quot;bottom&quot;:&quot;&quot;,&quot;left&quot;:&quot;&quot;,&quot;isLinked&quot;:true},&quot;element_pack_global_tooltip_border_radius&quot;:{&quot;unit&quot;:&quot;px&quot;,&quot;top&quot;:&quot;&quot;,&quot;right&quot;:&quot;&quot;,&quot;bottom&quot;:&quot;&quot;,&quot;left&quot;:&quot;&quot;,&quot;isLinked&quot;:true},&quot;element_pack_global_tooltip_border_radius_tablet&quot;:{&quot;unit&quot;:&quot;px&quot;,&quot;top&quot;:&quot;&quot;,&quot;right&quot;:&quot;&quot;,&quot;bottom&quot;:&quot;&quot;,&quot;left&quot;:&quot;&quot;,&quot;isLinked&quot;:true},&quot;element_pack_global_tooltip_border_radius_mobile&quot;:{&quot;unit&quot;:&quot;px&quot;,&quot;top&quot;:&quot;&quot;,&quot;right&quot;:&quot;&quot;,&quot;bottom&quot;:&quot;&quot;,&quot;left&quot;:&quot;&quot;,&quot;isLinked&quot;:true}}\" data-elementor-post-type=\"page\">\n\t\t\t\t\t\t<section class=\"elementor-section elementor-top-section elementor-element elementor-element-2362d2c elementor-section-boxed elementor-section-height-default elementor-section-height-default\" data-id=\"2362d2c\" data-element_type=\"section\" data-settings=\"{&quot;_ha_eqh_enable&quot;:false}\">\n\t\t\t\t\t\t<div class=\"elementor-container elementor-column-gap-default\">\n\t\t\t\t\t<div class=\"elementor-column elementor-col-16 elementor-top-column elementor-element elementor-element-87e3e62\" data-id=\"87e3e62\" data-element_type=\"column\">\n\t\t\t<div class=\"elementor-widget-wrap elementor-element-populated\">\n\t\t\t\t\t\t<div class=\"elementor-element elementor-element-d4df1ee elementor-widget elementor-widget-ha-step-flow happy-addon ha-step-flow\" data-id=\"d4df1ee\" data-element_type=\"widget\" data-widget_type=\"ha-step-flow.default\">\n\t\t\t\t<div class=\"elementor-widget-container\">\n\t\t\t\t\t\n\t\t<div class=\"ha-steps-icon\">\n\t\t\t\t\t\t\t<span class=\"ha-step-arrow\"><\/span>\n\t\t\t\n\t\t\t<i aria-hidden=\"true\" class=\"fas fa-users\"><\/i>\n\t\t\t\t\t\t\t<span class=\"ha-steps-label\">1<\/span>\n\t\t\t\t\t<\/div>\n\n\t\t<h2 class=\"ha-steps-title\">Cadastro<\/h2>\n\t\t\t\t\t<p class=\"ha-step-description\">Para fazer a solicita\u00e7\u00e3o \u00e9 necess\u00e1rio realizar o cadastro no SEI - Sistema Eletr\u00f4nico de Informa\u00e7\u00f5es.<\/p>\n\t\t\n\t\t\t\t\t\t<\/div>\n\t\t\t\t<\/div>\n\t\t\t\t\t<\/div>\n\t\t<\/div>\n\t\t\t\t<div class=\"elementor-column elementor-col-16 elementor-top-column elementor-element elementor-element-62468c6\" data-id=\"62468c6\" data-element_type=\"column\">\n\t\t\t<div class=\"elementor-widget-wrap elementor-element-populated\">\n\t\t\t\t\t\t<div class=\"elementor-element elementor-element-eac608b elementor-widget elementor-widget-ha-step-flow happy-addon ha-step-flow\" data-id=\"eac608b\" data-element_type=\"widget\" data-widget_type=\"ha-step-flow.default\">\n\t\t\t\t<div class=\"elementor-widget-container\">\n\t\t\t\t\t\n\t\t<div class=\"ha-steps-icon\">\n\t\t\t\t\t\t\t<span class=\"ha-step-arrow\"><\/span>\n\t\t\t\n\t\t\t<i aria-hidden=\"true\" class=\"fas fa-search\"><\/i>\n\t\t\t\t\t\t\t<span class=\"ha-steps-label\">2<\/span>\n\t\t\t\t\t<\/div>\n\n\t\t<h2 class=\"ha-steps-title\">Libera\u00e7\u00e3o<\/h2>\n\t\t\t\t\t<p class=\"ha-step-description\">Ap\u00f3s a an\u00e1lise documental \u00e9 realizada a libera\u00e7\u00e3o do acesso.<\/p>\n\t\t\n\t\t\t\t\t\t<\/div>\n\t\t\t\t<\/div>\n\t\t\t\t\t<\/div>\n\t\t<\/div>\n\t\t\t\t<div class=\"elementor-column elementor-col-16 elementor-top-column elementor-element elementor-element-730d75f\" data-id=\"730d75f\" data-element_type=\"column\">\n\t\t\t<div class=\"elementor-widget-wrap elementor-element-populated\">\n\t\t\t\t\t\t<div class=\"elementor-element elementor-element-dea9468 elementor-widget elementor-widget-ha-step-flow happy-addon ha-step-flow\" data-id=\"dea9468\" data-element_type=\"widget\" data-widget_type=\"ha-step-flow.default\">\n\t\t\t\t<div class=\"elementor-widget-container\">\n\t\t\t\t\t\n\t\t<div class=\"ha-steps-icon\">\n\t\t\t\t\t\t\t<span class=\"ha-step-arrow\"><\/span>\n\t\t\t\n\t\t\t<i aria-hidden=\"true\" class=\"fas fa-user-edit\"><\/i>\n\t\t\t\t\t\t\t<span class=\"ha-steps-label\">3<\/span>\n\t\t\t\t\t<\/div>\n\n\t\t<h2 class=\"ha-steps-title\">Solicita\u00e7\u00e3o<\/h2>\n\t\t\t\t\t<p class=\"ha-step-description\">Em seguida basta acessar o sistema com login e senha cadastrados e realizar a solicita\u00e7\u00e3o.<\/p>\n\t\t\n\t\t\t\t\t\t<\/div>\n\t\t\t\t<\/div>\n\t\t\t\t\t<\/div>\n\t\t<\/div>\n\t\t\t\t<div class=\"elementor-column elementor-col-16 elementor-top-column elementor-element elementor-element-b455e83\" data-id=\"b455e83\" data-element_type=\"column\">\n\t\t\t<div class=\"elementor-widget-wrap elementor-element-populated\">\n\t\t\t\t\t\t<div class=\"elementor-element elementor-element-9adde7e elementor-widget elementor-widget-ha-step-flow happy-addon ha-step-flow\" data-id=\"9adde7e\" data-element_type=\"widget\" data-widget_type=\"ha-step-flow.default\">\n\t\t\t\t<div class=\"elementor-widget-container\">\n\t\t\t\t\t\n\t\t<div class=\"ha-steps-icon\">\n\t\t\t\t\t\t\t<span class=\"ha-step-arrow\"><\/span>\n\t\t\t\n\t\t\t<i aria-hidden=\"true\" class=\"fas fa-cogs\"><\/i>\n\t\t\t\t\t\t\t<span class=\"ha-steps-label\">4<\/span>\n\t\t\t\t\t<\/div>\n\n\t\t<h2 class=\"ha-steps-title\">Tratamento<\/h2>\n\t\t\t\t\t<p class=\"ha-step-description\">A solicita\u00e7\u00e3o \u00e9 analisada e processada internamente.<\/p>\n\t\t\n\t\t\t\t\t\t<\/div>\n\t\t\t\t<\/div>\n\t\t\t\t\t<\/div>\n\t\t<\/div>\n\t\t\t\t<div class=\"elementor-column elementor-col-16 elementor-top-column elementor-element elementor-element-fb95f9a\" data-id=\"fb95f9a\" data-element_type=\"column\">\n\t\t\t<div class=\"elementor-widget-wrap elementor-element-populated\">\n\t\t\t\t\t\t<div class=\"elementor-element elementor-element-0845f8d elementor-widget elementor-widget-ha-step-flow happy-addon ha-step-flow\" data-id=\"0845f8d\" data-element_type=\"widget\" data-widget_type=\"ha-step-flow.default\">\n\t\t\t\t<div class=\"elementor-widget-container\">\n\t\t\t\t\t\n\t\t<div class=\"ha-steps-icon\">\n\t\t\t\t\t\t\t<span class=\"ha-step-arrow\"><\/span>\n\t\t\t\n\t\t\t<i aria-hidden=\"true\" class=\"fas fa-envelope\"><\/i>\n\t\t\t\t\t\t\t<span class=\"ha-steps-label\">5<\/span>\n\t\t\t\t\t<\/div>\n\n\t\t<h2 class=\"ha-steps-title\">Resposta<\/h2>\n\t\t\t\t\t<p class=\"ha-step-description\">A informa\u00e7\u00e3o \u00e9 respondida preferencialmente pelo Sistema Eletr\u00f4nico de Informa\u00e7\u00f5es - SEI<\/p>\n\t\t\n\t\t\t\t\t\t<\/div>\n\t\t\t\t<\/div>\n\t\t\t\t\t<\/div>\n\t\t<\/div>\n\t\t\t\t<div class=\"elementor-column elementor-col-16 elementor-top-column elementor-element elementor-element-fa84941\" data-id=\"fa84941\" data-element_type=\"column\">\n\t\t\t<div class=\"elementor-widget-wrap elementor-element-populated\">\n\t\t\t\t\t\t<div class=\"elementor-element elementor-element-ee8e9a3 elementor-widget elementor-widget-ha-step-flow happy-addon ha-step-flow\" data-id=\"ee8e9a3\" data-element_type=\"widget\" data-widget_type=\"ha-step-flow.default\">\n\t\t\t\t<div class=\"elementor-widget-container\">\n\t\t\t\t\t\n\t\t<div class=\"ha-steps-icon\">\n\t\t\t\n\t\t\t<i aria-hidden=\"true\" class=\"fas fa-desktop\"><\/i>\n\t\t\t\t\t\t\t<span class=\"ha-steps-label\">6<\/span>\n\t\t\t\t\t<\/div>\n\n\t\t<h2 class=\"ha-steps-title\">Acesso \u00e0 Resposta<\/h2>\n\t\t\t\t\t<p class=\"ha-step-description\">O solicitante acessa o conte\u00fado da informa\u00e7\u00e3o ou, se for o caso, recebe em meio f\u00edsico no endere\u00e7o indicado.<\/p>\n\t\t\n\t\t\t\t\t\t<\/div>\n\t\t\t\t<\/div>\n\t\t\t\t\t<\/div>\n\t\t<\/div>\n\t\t\t\t\t<\/div>\n\t\t<\/section>\n\t\t\t\t<section class=\"elementor-section elementor-top-section elementor-element elementor-element-79404c4 elementor-section-boxed elementor-section-height-default elementor-section-height-default\" data-id=\"79404c4\" data-element_type=\"section\" data-settings=\"{&quot;_ha_eqh_enable&quot;:false}\">\n\t\t\t\t\t\t<div class=\"elementor-container elementor-column-gap-default\">\n\t\t\t\t\t<div class=\"elementor-column elementor-col-100 elementor-top-column elementor-element elementor-element-74a1918\" data-id=\"74a1918\" data-element_type=\"column\">\n\t\t\t<div class=\"elementor-widget-wrap elementor-element-populated\">\n\t\t\t\t\t\t<div class=\"elementor-element elementor-element-98c91c9 ha-dual-button--align-center ha-dual-button--layout-queue ha-dual-button--tablet-layout-queue ha-dual-button--mobile-layout-queue elementor-widget elementor-widget-ha-dual-button happy-addon ha-dual-button\" data-id=\"98c91c9\" data-element_type=\"widget\" data-widget_type=\"ha-dual-button.default\">\n\t\t\t\t<div class=\"elementor-widget-container\">\n\t\t\t\t\t        <div class=\"ha-dual-btn-wrapper\">\n            <a class=\"ha-dual-btn ha-dual-btn--left\" href=\"https:\/\/sei.tce.am.gov.br\/sei\/controlador_externo.php?acao=usuario_externo_avisar_cadastro&#038;id_orgao_acesso_externo=0\" target=\"_blank\">\n                                    <span class=\"ha-dual-btn-icon ha-dual-btn-icon--before\">\n                        <i aria-hidden=\"true\" class=\"fas fa-user-edit\"><\/i>                    <\/span>\n                                                    <span >Cadastrar<\/span>\n                                            <\/a>\n                    <\/div>\n        <div class=\"ha-dual-btn-wrapper\">\n            <a class=\"ha-dual-btn ha-dual-btn--right\" href=\"https:\/\/sei.tce.am.gov.br\/sei\/controlador_externo.php?acao=usuario_externo_logar&#038;id_orgao_acesso_externo=0\" target=\"_blank\">\n                                    <span class=\"ha-dual-btn-icon ha-dual-btn-icon--before\">\n                        <i aria-hidden=\"true\" class=\"far fa-id-card\"><\/i>                    <\/span>\n                                                    <span >Acessar<\/span>\n                                            <\/a>\n        <\/div>\n        \t\t\t\t<\/div>\n\t\t\t\t<\/div>\n\t\t\t\t<div class=\"elementor-element elementor-element-29af901 elementor-widget elementor-widget-ha-advanced-tabs happy-addon ha-advanced-tabs happy-addon-pro\" data-id=\"29af901\" data-element_type=\"widget\" data-widget_type=\"ha-advanced-tabs.default\">\n\t\t\t\t<div class=\"elementor-widget-container\">\n\t\t\t\t\t\t\t<div class=\"ha-tabs-29af901 ha-tabs ha-tabs--nav-left  ha-tabs--nav-y-top ha-tabs--icon-left\" role=\"tablist\">\n\t\t\t<div class=\"ha-tabs__nav\">\n\t\t\t\t\t\t\t\t\t<div id=\"ha-tab-title-4371\" class=\"ha-tab__title ha-tab__title--desktop elementor-repeater-item-60c6c96\" data-tab=\"1\" role=\"tab\" aria-controls=\"ha-tab__content-4371\">\n\t\t\t\t\t\t\t\t\t\t\t\t<span class=\"ha-tab__title-icon\"><i aria-hidden=\"true\" class=\"fas fa-info-circle\"><\/i><\/span>\n\t\t\t\t\t\t\t\t\t\t\t\t<span class=\"ha-tab__title-text\">Servi\u00e7o de Informa\u00e7\u00e3o ao P\u00fablico - SIP<\/span><\/div>\n\t\t\t\t\t\t\t\t\t<div id=\"ha-tab-title-4372\" class=\"ha-tab__title ha-tab__title--desktop elementor-repeater-item-5f0b51c\" data-tab=\"2\" role=\"tab\" aria-controls=\"ha-tab__content-4372\">\n\t\t\t\t\t\t\t\t\t\t\t\t<span class=\"ha-tab__title-icon\"><i aria-hidden=\"true\" class=\"fas fa-balance-scale\"><\/i><\/span>\n\t\t\t\t\t\t\t\t\t\t\t\t<span class=\"ha-tab__title-text\">Legisla\u00e7\u00e3o<\/span><\/div>\n\t\t\t\t\t\t\t\t\t<div id=\"ha-tab-title-4373\" class=\"ha-tab__title ha-tab__title--desktop elementor-repeater-item-5d1e622\" data-tab=\"3\" role=\"tab\" aria-controls=\"ha-tab__content-4373\">\n\t\t\t\t\t\t\t\t\t\t\t\t<span class=\"ha-tab__title-icon\"><i aria-hidden=\"true\" class=\"fas fa-map-marker-alt\"><\/i><\/span>\n\t\t\t\t\t\t\t\t\t\t\t\t<span class=\"ha-tab__title-text\">Localiza\u00e7\u00e3o<\/span><\/div>\n\t\t\t\t\t\t\t\t\t<div id=\"ha-tab-title-4374\" class=\"ha-tab__title ha-tab__title--desktop elementor-repeater-item-39ffba4\" data-tab=\"4\" role=\"tab\" aria-controls=\"ha-tab__content-4374\">\n\t\t\t\t\t\t\t\t\t\t\t\t<span class=\"ha-tab__title-icon\"><i aria-hidden=\"true\" class=\"fas fa-user-circle\"><\/i><\/span>\n\t\t\t\t\t\t\t\t\t\t\t\t<span class=\"ha-tab__title-text\">Servidor \/ SETOR Respons\u00e1vel pelo SIP<\/span><\/div>\n\t\t\t\t\t\t\t\t\t<div id=\"ha-tab-title-4375\" class=\"ha-tab__title ha-tab__title--desktop elementor-repeater-item-ce415a5\" data-tab=\"5\" role=\"tab\" aria-controls=\"ha-tab__content-4375\">\n\t\t\t\t\t\t\t\t\t\t\t\t<span class=\"ha-tab__title-icon\"><i aria-hidden=\"true\" class=\"fas fa-phone-alt\"><\/i><\/span>\n\t\t\t\t\t\t\t\t\t\t\t\t<span class=\"ha-tab__title-text\">Contato<\/span><\/div>\n\t\t\t\t\t\t\t\t\t<a id=\"ha-tab-title-4376\" class=\"ha-tab__title ha-tab__title--desktop elementor-repeater-item-9db9a11\" data-tab=\"6\" role=\"tab\" aria-controls=\"ha-tab__content-4376\" href=\"https:\/\/transparencia.tceam.tc.br\/?page_id=16639\" target=\"_blank\">\n\t\t\t\t\t\t\t\t\t\t\t\t<span class=\"ha-tab__title-icon\"><i aria-hidden=\"true\" class=\"fas fa-file-alt\"><\/i><\/span>\n\t\t\t\t\t\t\t\t\t\t\t\t<span class=\"ha-tab__title-text\">Relat\u00f3rio Anual de Atividades<\/span><\/a>\n\t\t\t\t\t\t\t<\/div>\n\t\t\t<div class=\"ha-tabs__content\">\n\t\t\t\t\t\t\t\t\t<div class=\"ha-tab__title ha-tab__title--mobile elementor-repeater-item-60c6c96\" data-tab=\"1\" role=\"tab\">\n\t\t\t\t\t\t\t\t\t\t\t\t<span class=\"ha-tab__title-icon\"><i aria-hidden=\"true\" class=\"fas fa-info-circle\"><\/i><\/span>\n\t\t\t\t\t\t\t\t\t\t\t\t<span class=\"ha-tab__title-text\">Servi\u00e7o de Informa\u00e7\u00e3o ao P\u00fablico - SIP<\/span>\n\t\t\t\t\t<\/div>\n\t\t\t\t\t<div id=\"ha-tab-content-4371\" class=\"ha-tab__content ha-clearfix elementor-repeater-item-60c6c96\" data-tab=\"1\" role=\"tabpanel\" aria-labelledby=\"ha-tab-title-4371\">\n\t\t\t\t\t\t<h4>O Servi\u00e7o de Informa\u00e7\u00e3o ao P\u00fablico \u2013 SIP<\/h4><p>O Servi\u00e7o de Informa\u00e7\u00e3o ao P\u00fablico \u2013 SIP \u00e9 a estrutura existente no TCE-AM para atender as solicita\u00e7\u00f5es quanto \u00e0s informa\u00e7\u00f5es de car\u00e1ter p\u00fablico (a\u00e7\u00f5es, programas, receitas, despesas, contratos, pessoal e outros) do Tribunal de Contas do Estado do Amazonas.<\/p><p>Qualquer pessoa f\u00edsica ou jur\u00eddica pode fazer a solicita\u00e7\u00e3o. N\u00e3o \u00e9 necess\u00e1rio justificar o pedido, por\u00e9m deve-se apenas preencher o formul\u00e1rio de cadastro no Sistema Eletr\u00f4nico de Informa\u00e7\u00f5es \u2013 SEI. O servi\u00e7o de busca e fornecimento das informa\u00e7\u00f5es \u00e9 gratuito, salvo quando necess\u00e1rio c\u00f3pias de documentos.<\/p><p><strong><u>Qual o prazo de atendimento de pedido de acesso \u00e0 informa\u00e7\u00e3o?<\/u><\/strong><\/p><p>Se a informa\u00e7\u00e3o estiver dispon\u00edvel, ela deve ser entregue imediatamente ao solicitante. Caso n\u00e3o seja poss\u00edvel conceder o acesso imediato, o \u00f3rg\u00e3o p\u00fablico tem at\u00e9 20 (vinte) dias para atender ao pedido, prazo que pode ser prorrogado por mais 10 (dez) dias, mediante justificativa expressa.<\/p><p><strong><u>O que posso fazer caso meu pedido seja negado?<\/u><\/strong><\/p><p>Caso o \u00f3rg\u00e3o negue o acesso \u00e0 informa\u00e7\u00e3o solicitada, o cidad\u00e3o disp\u00f5e do prazo de 10 (dez) dias, contados da ci\u00eancia da decis\u00e3o, para apresentar recurso \u00e0s seguintes inst\u00e2ncias do TCE\/AM, conforme Resolu\u00e7\u00e3o n\u00ba 13\/2012:<\/p><ul><li>Presidente do Tribunal de Contas do Estado do Amazonas<\/li><li>Vice-Presidente do Tribunal de Contas do Estado do Amazonas, que encaminhar\u00e1 ao Tribunal Pleno para julgamento.<\/li><\/ul><p>\u00a0<\/p><p><span style=\"font-weight: 400;\">Atualmente, Rafael Albuquerque Gomes de Oliveira (DIJUR) \u00e9 respons\u00e1vel pelo Servi\u00e7o de Informa\u00e7\u00f5es ao P\u00fablico &#8211; SIP\/TCE-AM, PORTARIA N.\u00ba 558\/2024-GPDGP &#8211; art. 40, Lei 12.527\/2011.<\/span><\/p>\t\t\t\t\t<\/div>\n\t\t\t\t\t\t\t\t\t<div class=\"ha-tab__title ha-tab__title--mobile elementor-repeater-item-5f0b51c\" data-tab=\"2\" role=\"tab\">\n\t\t\t\t\t\t\t\t\t\t\t\t<span class=\"ha-tab__title-icon\"><i aria-hidden=\"true\" class=\"fas fa-balance-scale\"><\/i><\/span>\n\t\t\t\t\t\t\t\t\t\t\t\t<span class=\"ha-tab__title-text\">Legisla\u00e7\u00e3o<\/span>\n\t\t\t\t\t<\/div>\n\t\t\t\t\t<div id=\"ha-tab-content-4372\" class=\"ha-tab__content ha-clearfix elementor-repeater-item-5f0b51c\" data-tab=\"2\" role=\"tabpanel\" aria-labelledby=\"ha-tab-title-4372\">\n\t\t\t\t\t\t<h4>Legisla\u00e7\u00e3o que rege a transpar\u00eancia p\u00fablica<\/h4><ul><li><a href=\"http:\/\/www.senado.gov.br\/legislacao\/const\/\" target=\"_blank\" rel=\"noopener noreferrer\">Constitui\u00e7\u00e3o da Rep\u00fablica Federativa do Brasil de 1988<\/a><\/li><li><a class=\"external-link\" href=\"http:\/\/www.planalto.gov.br\/ccivil_03\/_ato2011-2014\/2011\/lei\/l12527.htm\">Lei n\u00b0 12.527, de 18 de novembro de 2011<\/a><strong> &#8211;<\/strong>Regula o acesso a informa\u00e7\u00f5es previsto no inciso XXXIII do art. 5\u00ba, no inciso II do \u00a7 3\u00ba do art. 37 e no \u00a7 2\u00ba do art. 216 da Constitui\u00e7\u00e3o Federal; altera a Lei n\u00ba 8.112, de 11 de dezembro de 1990; revoga a Lei n\u00ba 11.111, de 5 de maio de 2005, e dispositivos da Lei n\u00ba 8.159, de 8 de janeiro de 1991; e d\u00e1 outras provid\u00eancias.<\/li><li><a class=\"external-link\" href=\"http:\/\/www.planalto.gov.br\/ccivil_03\/Leis\/lcp\/Lcp101.htm\" target=\"_blank\" rel=\"noopener noreferrer\">Lei Complementar n\u00b0\u00a0\u00a0<\/a><a class=\"external-link\" href=\"http:\/\/www.planalto.gov.br\/ccivil_03\/Leis\/lcp\/Lcp101.htm\" target=\"_blank\" rel=\"noopener noreferrer\">101, de 4 de maio de 200<\/a><a class=\"external-link\" href=\"http:\/\/www.planalto.gov.br\/ccivil_03\/Leis\/lcp\/Lcp101.htm\" target=\"_blank\" rel=\"noopener noreferrer\">0<\/a><strong> &#8211; <\/strong>Estabelece normas de finan\u00e7as p\u00fablicas voltadas para a responsabilidade na gest\u00e3o fiscal e d\u00e1 outras provid\u00eancias.<\/li><li><a href=\"http:\/\/www.planalto.gov.br\/ccivil_03\/_ato2015-2018\/2017\/lei\/l13460.htm\">Lei n\u00ba 13.460, de 26 de junho de 2017<\/a> \u2013 Disp\u00f5e sobre participa\u00e7\u00e3o, prote\u00e7\u00e3o e defesa do usu\u00e1rio dos servi\u00e7os p\u00fablicos da administra\u00e7\u00e3o p\u00fablica.<\/li><li><a href=\"http:\/\/www.planalto.gov.br\/ccivil_03\/_ato2015-2018\/2018\/Lei\/L13709.htm\">Lei N\u00ba 13.709, de 14 de agosto de 2018<\/a> \u2013 Lei Geral de Prote\u00e7\u00e3o de Dados Pessoais (LGPD).<\/li><li><a href=\"https:\/\/transparencia.tceam.tc.br\/wp-content\/uploads\/2022\/09\/132012.pdf\" target=\"_blank\" rel=\"noopener\">Resolu\u00e7\u00e3o N\u00ba. 13, de 14 de junho de 2012<\/a> \u2013 Regulamenta o Acesso \u00e0 Informa\u00e7\u00e3o P\u00fablica no \u00e2mbito do Tribunal de Contas do Estado do Amazonas.<\/li><\/ul>\t\t\t\t\t<\/div>\n\t\t\t\t\t\t\t\t\t<div class=\"ha-tab__title ha-tab__title--mobile elementor-repeater-item-5d1e622\" data-tab=\"3\" role=\"tab\">\n\t\t\t\t\t\t\t\t\t\t\t\t<span class=\"ha-tab__title-icon\"><i aria-hidden=\"true\" class=\"fas fa-map-marker-alt\"><\/i><\/span>\n\t\t\t\t\t\t\t\t\t\t\t\t<span class=\"ha-tab__title-text\">Localiza\u00e7\u00e3o<\/span>\n\t\t\t\t\t<\/div>\n\t\t\t\t\t<div id=\"ha-tab-content-4373\" class=\"ha-tab__content ha-clearfix elementor-repeater-item-5d1e622\" data-tab=\"3\" role=\"tabpanel\" aria-labelledby=\"ha-tab-title-4373\">\n\t\t\t\t\t\t<h4>Localiza\u00e7\u00e3o<\/h4><p>2\u00ba. Andar, pr\u00e9dio Anexo do TCE\/AM, Av. Efig\u00eanio Sales, n\u00ba. 1155, Parque Dez de Novembro, Manaus\/AM \u2013 CEP: 69055-736<\/p><p style=\"text-align: justify;\">\u00a0<\/p>\t\t\t\t\t<\/div>\n\t\t\t\t\t\t\t\t\t<div class=\"ha-tab__title ha-tab__title--mobile elementor-repeater-item-39ffba4\" data-tab=\"4\" role=\"tab\">\n\t\t\t\t\t\t\t\t\t\t\t\t<span class=\"ha-tab__title-icon\"><i aria-hidden=\"true\" class=\"fas fa-user-circle\"><\/i><\/span>\n\t\t\t\t\t\t\t\t\t\t\t\t<span class=\"ha-tab__title-text\">Servidor \/ SETOR Respons\u00e1vel pelo SIP<\/span>\n\t\t\t\t\t<\/div>\n\t\t\t\t\t<div id=\"ha-tab-content-4374\" class=\"ha-tab__content ha-clearfix elementor-repeater-item-39ffba4\" data-tab=\"4\" role=\"tabpanel\" aria-labelledby=\"ha-tab-title-4374\">\n\t\t\t\t\t\t<h5><strong>Rafael Albuquerque Gomes de Oliveira<\/strong><\/h5><p><span style=\"font-weight: 400;\">Respons\u00e1vel pelo Servi\u00e7o de Informa\u00e7\u00e3o ao P\u00fablico &#8211; SIP\/TCE-AM.<br \/>PORTARIA N. 558\/2024-GPDGP &#8211; Art. 40 da Lei Federal n\u00ba 12.527\/2011<\/span><\/p>\t\t\t\t\t<\/div>\n\t\t\t\t\t\t\t\t\t<div class=\"ha-tab__title ha-tab__title--mobile elementor-repeater-item-ce415a5\" data-tab=\"5\" role=\"tab\">\n\t\t\t\t\t\t\t\t\t\t\t\t<span class=\"ha-tab__title-icon\"><i aria-hidden=\"true\" class=\"fas fa-phone-alt\"><\/i><\/span>\n\t\t\t\t\t\t\t\t\t\t\t\t<span class=\"ha-tab__title-text\">Contato<\/span>\n\t\t\t\t\t<\/div>\n\t\t\t\t\t<div id=\"ha-tab-content-4375\" class=\"ha-tab__content ha-clearfix elementor-repeater-item-ce415a5\" data-tab=\"5\" role=\"tabpanel\" aria-labelledby=\"ha-tab-title-4375\">\n\t\t\t\t\t\t<p>Para fins de conhecimento, comunicamos que os meios de contato aqui dispostos, telefone e e-mail, destinam-se somente ao esclarecimento de d\u00favidas.<\/p><p>Qualquer solicita\u00e7\u00e3o de informa\u00e7\u00f5es dever\u00e1 ser realizada apenas atrav\u00e9s do sistema SEI, ap\u00f3s o devido cadastro, previamente disponibilizado pelo Tribunal de Contas do Estado do Amazonas.<\/p><p>Telefone SIP: <span style=\"font-weight: 400;\">(92) 3301-8212<\/span><\/p><p>E-mail SIP: sip@tce.am.gov.br<\/p><p>Ainda, qualquer informa\u00e7\u00e3o acerca de suporte tecnol\u00f3gico, estas dever\u00e3o ser solicitadas e\/ou informadas diretamente ao setor competente do TCE, qual seja, Secretaria de Tecnologia da Informa\u00e7\u00e3o \u2013 SETIN Suporte, por meio dos seguintes contatos:<\/p><p>Telefone SETIN: (92) 3301-8118\/8119<\/p><p>E-mail SETIN: setinatende@tce.am.gov.br<\/p><p>Hor\u00e1rio de Funcionamento: 7 \u00e0s 15h<\/p>\t\t\t\t\t<\/div>\n\t\t\t\t\t\t\t\t\t<a class=\"ha-tab__title ha-tab__title--mobile elementor-repeater-item-9db9a11\" data-tab=\"6\" role=\"tab\" href=\"https:\/\/transparencia.tceam.tc.br\/?page_id=16639\" target=\"_blank\">\n\t\t\t\t\t\t\t\t\t\t\t\t<span class=\"ha-tab__title-icon\"><i aria-hidden=\"true\" class=\"fas fa-file-alt\"><\/i><\/span>\n\t\t\t\t\t\t\t\t\t\t\t\t<span class=\"ha-tab__title-text\">Relat\u00f3rio Anual de Atividades<\/span>\n\t\t\t\t\t<\/a>\n\t\t\t\t\t<div id=\"ha-tab-content-4376\" class=\"ha-tab__content ha-clearfix elementor-repeater-item-9db9a11\" data-tab=\"6\" role=\"tabpanel\" aria-labelledby=\"ha-tab-title-4376\">\n\t\t\t\t\t\t\t\t\t\t\t<\/div>\n\t\t\t\t\t\t\t<\/div>\n\t\t<\/div>\n\t\t\t\t\t\t<\/div>\n\t\t\t\t<\/div>\n\t\t\t\t\t<\/div>\n\t\t<\/div>\n\t\t\t\t\t<\/div>\n\t\t<\/section>\n\t\t\t\t<\/div>\n\t\t","protected":false},"excerpt":{"rendered":"<p>1 Cadastro Para fazer a solicita\u00e7\u00e3o \u00e9 necess\u00e1rio realizar o cadastro no SEI &#8211; Sistema Eletr\u00f4nico de Informa\u00e7\u00f5es. 2 Libera\u00e7\u00e3o Ap\u00f3s a an\u00e1lise documental \u00e9 realizada a libera\u00e7\u00e3o do acesso. 3 Solicita\u00e7\u00e3o Em seguida basta acessar o sistema com login e senha cadastrados e realizar a solicita\u00e7\u00e3o. 4 Tratamento A solicita\u00e7\u00e3o \u00e9 analisada e processada [&hellip;]<\/p>\n","protected":false},"author":2,"featured_media":0,"parent":0,"menu_order":0,"comment_status":"closed","ping_status":"closed","template":"","meta":{"footnotes":""},"class_list":["post-11114","page","type-page","status-publish","hentry"],"_links":{"self":[{"href":"https:\/\/transparencia.tceam.tc.br\/index.php?rest_route=\/wp\/v2\/pages\/11114","targetHints":{"allow":["GET"]}}],"collection":[{"href":"https:\/\/transparencia.tceam.tc.br\/index.php?rest_route=\/wp\/v2\/pages"}],"about":[{"href":"https:\/\/transparencia.tceam.tc.br\/index.php?rest_route=\/wp\/v2\/types\/page"}],"author":[{"embeddable":true,"href":"https:\/\/transparencia.tceam.tc.br\/index.php?rest_route=\/wp\/v2\/users\/2"}],"replies":[{"embeddable":true,"href":"https:\/\/transparencia.tceam.tc.br\/index.php?rest_route=%2Fwp%2Fv2%2Fcomments&post=11114"}],"version-history":[{"count":190,"href":"https:\/\/transparencia.tceam.tc.br\/index.php?rest_route=\/wp\/v2\/pages\/11114\/revisions"}],"predecessor-version":[{"id":18729,"href":"https:\/\/transparencia.tceam.tc.br\/index.php?rest_route=\/wp\/v2\/pages\/11114\/revisions\/18729"}],"wp:attachment":[{"href":"https:\/\/transparencia.tceam.tc.br\/index.php?rest_route=%2Fwp%2Fv2%2Fmedia&parent=11114"}],"curies":[{"name":"wp","href":"https:\/\/api.w.org\/{rel}","templated":true}]}}